{"id":7478,"date":"2020-12-02T22:17:44","date_gmt":"2020-12-02T21:17:44","guid":{"rendered":"https:\/\/www2.eutonomy.com\/kontakt\/"},"modified":"2022-07-30T19:20:23","modified_gmt":"2022-07-30T17:20:23","slug":"contact","status":"publish","type":"page","link":"https:\/\/www.eutonomy.com\/de\/contact\/","title":{"rendered":"Kontakt"},"content":{"rendered":"<p>[et_pb_section fb_built=&#8220;1&#8243; fullwidth=&#8220;on&#8220; admin_label=&#8220;Hero&#8220; _builder_version=&#8220;4.6.5&#8243; background_enable_color=&#8220;off&#8220; use_background_color_gradient=&#8220;off&#8220; background_enable_image=&#8220;off&#8220; parallax=&#8220;on&#8220; locked=&#8220;off&#8220; global_colors_info=&#8220;{}&#8220;][et_pb_fullwidth_slider use_bg_overlay=&#8220;off&#8220; use_text_overlay=&#8220;off&#8220; _builder_version=&#8220;4.6.5&#8243; header_level=&#8220;h1&#8243; header_font=&#8220;Open Sans|700|||||||&#8220; body_font=&#8220;Open Sans|600|||||||&#8220; body_text_align=&#8220;right&#8220; background_image=&#8220;https:\/\/www.eutonomy.com\/wp-content\/uploads\/2020\/10\/Eutonomy_Slider9a_2048px.jpg&#8220; auto=&#8220;on&#8220; body_text_shadow_style=&#8220;preset3&#8243; text_shadow_style=&#8220;preset3&#8243; global_colors_info=&#8220;{}&#8220;][et_pb_slide use_bg_overlay=&#8220;off&#8220; _builder_version=&#8220;4.6.5&#8243; header_text_align=&#8220;right&#8220; body_text_align=&#8220;right&#8220; body_line_height=&#8220;1em&#8220; background_color=&#8220;#718792&#8243; background_enable_color=&#8220;on&#8220; background_image=&#8220;https:\/\/www.eutonomy.com\/wp-content\/uploads\/2020\/10\/Eutonomy_Slider9a_2048px-1.jpg&#8220; background_enable_image=&#8220;on&#8220; background_blend=&#8220;multiply&#8220; custom_button=&#8220;on&#8220; button_border_radius=&#8220;100px&#8220; button_alignment=&#8220;left&#8220; text_shadow_style=&#8220;preset3&#8243; global_colors_info=&#8220;{}&#8220; sticky_transition=&#8220;on&#8220;][\/et_pb_slide][\/et_pb_fullwidth_slider][\/et_pb_section][et_pb_section fb_built=&#8220;1&#8243; admin_label=&#8220;Contact Info&#8220; _builder_version=&#8220;4.5.0&#8243; background_color=&#8220;#ffffff&#8220; max_width=&#8220;90%&#8220; max_width_tablet=&#8220;90%&#8220; max_width_phone=&#8220;100%&#8220; max_width_last_edited=&#8220;on|tablet&#8220; module_alignment=&#8220;right&#8220; custom_margin=&#8220;-4vw||||false|false&#8220; custom_padding=&#8220;50px||30px||false|false&#8220; animation_direction=&#8220;right&#8220; border_radii=&#8220;off|4px|||4px&#8220; box_shadow_style=&#8220;preset1&#8243; global_colors_info=&#8220;{}&#8220;][et_pb_row column_structure=&#8220;1_3,1_3,1_3&#8243; _builder_version=&#8220;3.25&#8243; global_colors_info=&#8220;{}&#8220;][et_pb_column type=&#8220;1_3&#8243; _builder_version=&#8220;3.25&#8243; custom_padding=&#8220;|||&#8220; global_colors_info=&#8220;{}&#8220; custom_padding__hover=&#8220;|||&#8220;][et_pb_blurb title=&#8220;+48 42 942 07 30&#8243; use_icon=&#8220;on&#8220; font_icon=&#8220;%%264%%&#8220; icon_placement=&#8220;left&#8220; _builder_version=&#8220;4.5.0&#8243; header_level=&#8220;h6&#8243; header_font=&#8220;Open Sans|700|||||||&#8220; header_text_color=&#8220;#32cb00&#8243; header_font_size=&#8220;16px&#8220; header_line_height=&#8220;1.8em&#8220; body_font=&#8220;||||||||&#8220; link_option_url=&#8220;phoneto:429420730&#8243; border_color_all=&#8220;rgba(85,125,243,0.15)&#8220; border_width_right=&#8220;2px&#8220; locked=&#8220;off&#8220; global_colors_info=&#8220;{}&#8220;][\/et_pb_blurb][\/et_pb_column][et_pb_column type=&#8220;1_3&#8243; _builder_version=&#8220;3.25&#8243; custom_padding=&#8220;|||&#8220; global_colors_info=&#8220;{}&#8220; custom_padding__hover=&#8220;|||&#8220;][et_pb_blurb title=&#8220;office@eutonomy.com&#8220; use_icon=&#8220;on&#8220; font_icon=&#8220;%%238%%&#8220; icon_placement=&#8220;left&#8220; _builder_version=&#8220;4.5.0&#8243; header_level=&#8220;h6&#8243; header_font=&#8220;Open Sans|700|||||||&#8220; header_text_color=&#8220;#32cb00&#8243; header_font_size=&#8220;16px&#8220; header_line_height=&#8220;1.8em&#8220; body_font=&#8220;||||||||&#8220; link_option_url=&#8220;mailto:office@eutonomy.com&#8220; border_color_all=&#8220;rgba(85,125,243,0.15)&#8220; border_width_right=&#8220;2px&#8220; locked=&#8220;off&#8220; global_colors_info=&#8220;{}&#8220;][\/et_pb_blurb][\/et_pb_column][et_pb_column type=&#8220;1_3&#8243; _builder_version=&#8220;3.25&#8243; custom_padding=&#8220;|||&#8220; global_colors_info=&#8220;{}&#8220; custom_padding__hover=&#8220;|||&#8220;][et_pb_blurb url_new_window=&#8220;on&#8220; use_icon=&#8220;on&#8220; font_icon=&#8220;%%249%%&#8220; icon_placement=&#8220;left&#8220; _builder_version=&#8220;4.5.0&#8243; header_level=&#8220;h6&#8243; header_font=&#8220;Ubuntu|700|||||||&#8220; header_text_color=&#8220;#32cb00&#8243; header_font_size=&#8220;16px&#8220; header_line_height=&#8220;1.8em&#8220; body_font=&#8220;Open Sans|700|||||||&#8220; body_text_color=&#8220;#32cb00&#8243; body_font_size=&#8220;16px&#8220; body_line_height=&#8220;1.2em&#8220; link_option_url=&#8220;https:\/\/goo.gl\/maps\/15nSEMPuwYKotSpr6&#8243; link_option_url_new_window=&#8220;on&#8220; border_color_all=&#8220;rgba(85,125,243,0.15)&#8220; border_width_right=&#8220;2px&#8220; locked=&#8220;off&#8220; global_colors_info=&#8220;{}&#8220;]<\/p>\n<p><span>Eutonomy Sp. z o.o. sp.k.<\/span><br \/> <span>ul. Piotrkowska 121\/3a<\/span><br \/> <span>90-430 \u0141\u00f3d\u017a, Polska<\/span><\/p>\n<p>[\/et_pb_blurb][\/et_pb_column][\/et_pb_row][\/et_pb_section][et_pb_section fb_built=&#8220;1&#8243; admin_label=&#8220;Email and FAQ&#8220; _builder_version=&#8220;4.5.0&#8243; custom_padding=&#8220;31px||31px|||&#8220; global_colors_info=&#8220;{}&#8220;][et_pb_row _builder_version=&#8220;4.4.4&#8243; custom_padding=&#8220;||17px|||&#8220; global_colors_info=&#8220;{}&#8220;][et_pb_column type=&#8220;4_4&#8243; _builder_version=&#8220;3.25&#8243; custom_padding=&#8220;|||&#8220; global_colors_info=&#8220;{}&#8220; custom_padding__hover=&#8220;|||&#8220;][et_pb_text _builder_version=&#8220;4.5.0&#8243; text_font=&#8220;Open Sans||||||||&#8220; text_font_size=&#8220;16px&#8220; text_line_height=&#8220;1.8em&#8220; header_font=&#8220;Open Sans|300|||||||&#8220; header_3_font=&#8220;|300|||||||&#8220; header_3_font_size=&#8220;40px&#8220; header_3_font_size_tablet=&#8220;35px&#8220; header_3_font_size_phone=&#8220;25px&#8220; header_3_font_size_last_edited=&#8220;on|phone&#8220; locked=&#8220;off&#8220; global_colors_info=&#8220;{}&#8220;]<\/p>\n<h3>Schreiben Sie uns<\/h3>\n<p>[\/et_pb_text][et_pb_contact_form email=&#8220;office@eutonomy.com&#8220; submit_button_text=&#8220;Absenden&#8220; module_id=&#8220;et_pb_contact_form_0&#8243; _builder_version=&#8220;4.10.6&#8243; form_field_background_color=&#8220;#f4f6f7&#8243; title_level=&#8220;h3&#8243; title_font=&#8220;|700|||||||&#8220; title_font_size=&#8220;40px&#8220; title_line_height=&#8220;1.2em&#8220; captcha_line_height=&#8220;1.2em&#8220; form_field_font=&#8220;||||||||&#8220; form_field_font_size=&#8220;16px&#8220; form_field_line_height=&#8220;1.9em&#8220; custom_button=&#8220;on&#8220; button_text_size=&#8220;13px&#8220; button_bg_color=&#8220;#32cb00&#8243; button_border_width=&#8220;0px&#8220; button_border_color=&#8220;#76ff03&#8243; button_border_radius=&#8220;100px&#8220; button_letter_spacing=&#8220;1px&#8220; button_font=&#8220;Open Sans|600|||||||&#8220; button_custom_margin=&#8220;15px||15px||false|false&#8220; button_custom_padding=&#8220;||||false|false&#8220; custom_margin=&#8220;||24px|&#8220; hover_enabled=&#8220;0&#8243; title_font_size_tablet=&#8220;35px&#8220; title_font_size_phone=&#8220;25px&#8220; title_font_size_last_edited=&#8220;on|phone&#8220; border_radii=&#8220;on|15px|15px|15px|15px&#8220; form_background_color=&#8220;#f4f6f7&#8243; global_colors_info=&#8220;{}&#8220; button_border_radius_hover=&#8220;0px&#8220; use_spam_service=&#8220;on&#8220; recaptcha_list=&#8220;eutonomycom|eutonomycom-0&#8243; recaptcha_min_score=&#8220;0.6&#8243; sticky_enabled=&#8220;0&#8243;][et_pb_contact_field field_id=&#8220;Name&#8220; field_title=&#8220;Name&#8220; fullwidth_field=&#8220;on&#8220; _builder_version=&#8220;4.6.5&#8243; form_field_font=&#8220;||||||||&#8220; custom_margin=&#8220;||24px|&#8220; border_radii=&#8220;on|6px|6px|6px|6px&#8220; global_colors_info=&#8220;{}&#8220; button_text_size__hover_enabled=&#8220;off&#8220; button_one_text_size__hover_enabled=&#8220;off&#8220; button_two_text_size__hover_enabled=&#8220;off&#8220; button_text_color__hover_enabled=&#8220;off&#8220; button_one_text_color__hover_enabled=&#8220;off&#8220; button_two_text_color__hover_enabled=&#8220;off&#8220; button_border_width__hover_enabled=&#8220;off&#8220; button_one_border_width__hover_enabled=&#8220;off&#8220; button_two_border_width__hover_enabled=&#8220;off&#8220; button_border_color__hover_enabled=&#8220;off&#8220; button_one_border_color__hover_enabled=&#8220;off&#8220; button_two_border_color__hover_enabled=&#8220;off&#8220; button_border_radius__hover_enabled=&#8220;off&#8220; button_one_border_radius__hover_enabled=&#8220;off&#8220; button_two_border_radius__hover_enabled=&#8220;off&#8220; button_letter_spacing__hover_enabled=&#8220;off&#8220; button_one_letter_spacing__hover_enabled=&#8220;off&#8220; button_two_letter_spacing__hover_enabled=&#8220;off&#8220; button_bg_color__hover_enabled=&#8220;off&#8220; button_one_bg_color__hover_enabled=&#8220;off&#8220; button_two_bg_color__hover_enabled=&#8220;off&#8220;][\/et_pb_contact_field][et_pb_contact_field field_id=&#8220;Email&#8220; field_title=&#8220;E-Mail-Adresse&#8220; field_type=&#8220;email&#8220; fullwidth_field=&#8220;on&#8220; _builder_version=&#8220;4.6.5&#8243; custom_margin=&#8220;||24px|&#8220; border_radii=&#8220;on|6px|6px|6px|6px&#8220; global_colors_info=&#8220;{}&#8220; button_text_size__hover_enabled=&#8220;off&#8220; button_one_text_size__hover_enabled=&#8220;off&#8220; button_two_text_size__hover_enabled=&#8220;off&#8220; button_text_color__hover_enabled=&#8220;off&#8220; button_one_text_color__hover_enabled=&#8220;off&#8220; button_two_text_color__hover_enabled=&#8220;off&#8220; button_border_width__hover_enabled=&#8220;off&#8220; button_one_border_width__hover_enabled=&#8220;off&#8220; button_two_border_width__hover_enabled=&#8220;off&#8220; button_border_color__hover_enabled=&#8220;off&#8220; button_one_border_color__hover_enabled=&#8220;off&#8220; button_two_border_color__hover_enabled=&#8220;off&#8220; button_border_radius__hover_enabled=&#8220;off&#8220; button_one_border_radius__hover_enabled=&#8220;off&#8220; button_two_border_radius__hover_enabled=&#8220;off&#8220; button_letter_spacing__hover_enabled=&#8220;off&#8220; button_one_letter_spacing__hover_enabled=&#8220;off&#8220; button_two_letter_spacing__hover_enabled=&#8220;off&#8220; button_bg_color__hover_enabled=&#8220;off&#8220; button_one_bg_color__hover_enabled=&#8220;off&#8220; button_two_bg_color__hover_enabled=&#8220;off&#8220;][\/et_pb_contact_field][et_pb_contact_field field_id=&#8220;Phone&#8220; field_title=&#8220;Telefonnummer&#8220; allowed_symbols=&#8220;numbers&#8220; fullwidth_field=&#8220;on&#8220; _builder_version=&#8220;4.6.5&#8243; form_field_font=&#8220;||||||||&#8220; custom_margin=&#8220;||24px|&#8220; border_radii=&#8220;on|6px|6px|6px|6px&#8220; global_colors_info=&#8220;{}&#8220; button_text_size__hover_enabled=&#8220;off&#8220; button_one_text_size__hover_enabled=&#8220;off&#8220; button_two_text_size__hover_enabled=&#8220;off&#8220; button_text_color__hover_enabled=&#8220;off&#8220; button_one_text_color__hover_enabled=&#8220;off&#8220; button_two_text_color__hover_enabled=&#8220;off&#8220; button_border_width__hover_enabled=&#8220;off&#8220; button_one_border_width__hover_enabled=&#8220;off&#8220; button_two_border_width__hover_enabled=&#8220;off&#8220; button_border_color__hover_enabled=&#8220;off&#8220; button_one_border_color__hover_enabled=&#8220;off&#8220; button_two_border_color__hover_enabled=&#8220;off&#8220; button_border_radius__hover_enabled=&#8220;off&#8220; button_one_border_radius__hover_enabled=&#8220;off&#8220; button_two_border_radius__hover_enabled=&#8220;off&#8220; button_letter_spacing__hover_enabled=&#8220;off&#8220; button_one_letter_spacing__hover_enabled=&#8220;off&#8220; button_two_letter_spacing__hover_enabled=&#8220;off&#8220; button_bg_color__hover_enabled=&#8220;off&#8220; button_one_bg_color__hover_enabled=&#8220;off&#8220; button_two_bg_color__hover_enabled=&#8220;off&#8220;][\/et_pb_contact_field][et_pb_contact_field field_id=&#8220;Message&#8220; field_title=&#8220;Nachricht&#8220; field_type=&#8220;text&#8220; fullwidth_field=&#8220;on&#8220; _builder_version=&#8220;4.6.5&#8243; custom_margin=&#8220;||50px||false|false&#8220; border_radii=&#8220;on|6px|6px|6px|6px&#8220; global_colors_info=&#8220;{}&#8220; button_text_size__hover_enabled=&#8220;off&#8220; button_one_text_size__hover_enabled=&#8220;off&#8220; button_two_text_size__hover_enabled=&#8220;off&#8220; button_text_color__hover_enabled=&#8220;off&#8220; button_one_text_color__hover_enabled=&#8220;off&#8220; button_two_text_color__hover_enabled=&#8220;off&#8220; button_border_width__hover_enabled=&#8220;off&#8220; button_one_border_width__hover_enabled=&#8220;off&#8220; button_two_border_width__hover_enabled=&#8220;off&#8220; button_border_color__hover_enabled=&#8220;off&#8220; button_one_border_color__hover_enabled=&#8220;off&#8220; button_two_border_color__hover_enabled=&#8220;off&#8220; button_border_radius__hover_enabled=&#8220;off&#8220; button_one_border_radius__hover_enabled=&#8220;off&#8220; button_two_border_radius__hover_enabled=&#8220;off&#8220; button_letter_spacing__hover_enabled=&#8220;off&#8220; button_one_letter_spacing__hover_enabled=&#8220;off&#8220; button_two_letter_spacing__hover_enabled=&#8220;off&#8220; button_bg_color__hover_enabled=&#8220;off&#8220; button_one_bg_color__hover_enabled=&#8220;off&#8220; button_two_bg_color__hover_enabled=&#8220;off&#8220;][\/et_pb_contact_field][\/et_pb_contact_form][\/et_pb_column][\/et_pb_row][\/et_pb_section]<\/p>\n","protected":false},"excerpt":{"rendered":"<p>Eutonomy Sp. z o.o. sp.k. ul. Piotrkowska 121\/3a 90-430 \u0141\u00f3d\u017a, PolskaSchreiben Sie uns<\/p>\n","protected":false},"author":14,"featured_media":7443,"parent":0,"menu_order":0,"comment_status":"closed","ping_status":"closed","template":"","meta":{"_et_pb_use_builder":"on","_et_pb_old_content":"","_et_gb_content_width":"","footnotes":""},"class_list":["post-7478","page","type-page","status-publish","has-post-thumbnail","hentry"],"yoast_head":"<!-- This site is optimized with the Yoast SEO plugin v27.3 - https:\/\/yoast.com\/product\/yoast-seo-wordpress\/ -->\n<title>Kontakt - Eutonomy<\/title>\n<meta name=\"description\" content=\"Dank Eutonomy wird das intelligente Geb\u00e4udesystem noch funktionaler.\" \/>\n<meta name=\"robots\" content=\"index, follow, max-snippet:-1, max-image-preview:large, max-video-preview:-1\" \/>\n<link rel=\"canonical\" href=\"https:\/\/www.eutonomy.com\/de\/contact\/\" \/>\n<meta property=\"og:locale\" content=\"de_DE\" \/>\n<meta property=\"og:type\" content=\"article\" \/>\n<meta property=\"og:title\" content=\"Kontakt - Eutonomy\" \/>\n<meta property=\"og:description\" content=\"Dank Eutonomy wird das intelligente Geb\u00e4udesystem noch funktionaler.\" \/>\n<meta property=\"og:url\" content=\"https:\/\/www.eutonomy.com\/de\/contact\/\" \/>\n<meta property=\"og:site_name\" content=\"Eutonomy\" \/>\n<meta property=\"article:modified_time\" content=\"2022-07-30T17:20:23+00:00\" \/>\n<meta property=\"og:image\" content=\"https:\/\/www.eutonomy.com\/wp-content\/uploads\/2020\/06\/euframe_white1-1417x860-1.jpg\" \/>\n\t<meta property=\"og:image:width\" content=\"1417\" \/>\n\t<meta property=\"og:image:height\" content=\"860\" \/>\n\t<meta property=\"og:image:type\" content=\"image\/jpeg\" \/>\n<meta name=\"twitter:card\" content=\"summary_large_image\" \/>\n<meta name=\"twitter:label1\" content=\"Gesch\u00e4tzte Lesezeit\" \/>\n\t<meta name=\"twitter:data1\" content=\"7\u00a0Minuten\" \/>\n<script type=\"application\/ld+json\" class=\"yoast-schema-graph\">{\"@context\":\"https:\\\/\\\/schema.org\",\"@graph\":[{\"@type\":\"WebPage\",\"@id\":\"https:\\\/\\\/www.eutonomy.com\\\/de\\\/contact\\\/\",\"url\":\"https:\\\/\\\/www.eutonomy.com\\\/de\\\/contact\\\/\",\"name\":\"Kontakt - Eutonomy\",\"isPartOf\":{\"@id\":\"https:\\\/\\\/www.eutonomy.com\\\/fr\\\/#website\"},\"primaryImageOfPage\":{\"@id\":\"https:\\\/\\\/www.eutonomy.com\\\/de\\\/contact\\\/#primaryimage\"},\"image\":{\"@id\":\"https:\\\/\\\/www.eutonomy.com\\\/de\\\/contact\\\/#primaryimage\"},\"thumbnailUrl\":\"https:\\\/\\\/www.eutonomy.com\\\/wp-content\\\/uploads\\\/2020\\\/06\\\/euframe_white1-1417x860-1.jpg\",\"datePublished\":\"2020-12-02T21:17:44+00:00\",\"dateModified\":\"2022-07-30T17:20:23+00:00\",\"description\":\"Dank Eutonomy wird das intelligente Geb\u00e4udesystem noch funktionaler.\",\"breadcrumb\":{\"@id\":\"https:\\\/\\\/www.eutonomy.com\\\/de\\\/contact\\\/#breadcrumb\"},\"inLanguage\":\"de\",\"potentialAction\":[{\"@type\":\"ReadAction\",\"target\":[\"https:\\\/\\\/www.eutonomy.com\\\/de\\\/contact\\\/\"]}]},{\"@type\":\"ImageObject\",\"inLanguage\":\"de\",\"@id\":\"https:\\\/\\\/www.eutonomy.com\\\/de\\\/contact\\\/#primaryimage\",\"url\":\"https:\\\/\\\/www.eutonomy.com\\\/wp-content\\\/uploads\\\/2020\\\/06\\\/euframe_white1-1417x860-1.jpg\",\"contentUrl\":\"https:\\\/\\\/www.eutonomy.com\\\/wp-content\\\/uploads\\\/2020\\\/06\\\/euframe_white1-1417x860-1.jpg\",\"width\":1417,\"height\":860},{\"@type\":\"BreadcrumbList\",\"@id\":\"https:\\\/\\\/www.eutonomy.com\\\/de\\\/contact\\\/#breadcrumb\",\"itemListElement\":[{\"@type\":\"ListItem\",\"position\":1,\"name\":\"Strona g\u0142\u00f3wna\",\"item\":\"https:\\\/\\\/www.eutonomy.com\\\/de\\\/\"},{\"@type\":\"ListItem\",\"position\":2,\"name\":\"Kontakt\"}]},{\"@type\":\"WebSite\",\"@id\":\"https:\\\/\\\/www.eutonomy.com\\\/fr\\\/#website\",\"url\":\"https:\\\/\\\/www.eutonomy.com\\\/fr\\\/\",\"name\":\"Eutonomy\",\"description\":\"\",\"potentialAction\":[{\"@type\":\"SearchAction\",\"target\":{\"@type\":\"EntryPoint\",\"urlTemplate\":\"https:\\\/\\\/www.eutonomy.com\\\/fr\\\/?s={search_term_string}\"},\"query-input\":{\"@type\":\"PropertyValueSpecification\",\"valueRequired\":true,\"valueName\":\"search_term_string\"}}],\"inLanguage\":\"de\"}]}<\/script>\n<!-- \/ Yoast SEO plugin. -->","yoast_head_json":{"title":"Kontakt - Eutonomy","description":"Dank Eutonomy wird das intelligente Geb\u00e4udesystem noch funktionaler.","robots":{"index":"index","follow":"follow","max-snippet":"max-snippet:-1","max-image-preview":"max-image-preview:large","max-video-preview":"max-video-preview:-1"},"canonical":"https:\/\/www.eutonomy.com\/de\/contact\/","og_locale":"de_DE","og_type":"article","og_title":"Kontakt - Eutonomy","og_description":"Dank Eutonomy wird das intelligente Geb\u00e4udesystem noch funktionaler.","og_url":"https:\/\/www.eutonomy.com\/de\/contact\/","og_site_name":"Eutonomy","article_modified_time":"2022-07-30T17:20:23+00:00","og_image":[{"width":1417,"height":860,"url":"https:\/\/www.eutonomy.com\/wp-content\/uploads\/2020\/06\/euframe_white1-1417x860-1.jpg","type":"image\/jpeg"}],"twitter_card":"summary_large_image","twitter_misc":{"Gesch\u00e4tzte Lesezeit":"7\u00a0Minuten"},"schema":{"@context":"https:\/\/schema.org","@graph":[{"@type":"WebPage","@id":"https:\/\/www.eutonomy.com\/de\/contact\/","url":"https:\/\/www.eutonomy.com\/de\/contact\/","name":"Kontakt - Eutonomy","isPartOf":{"@id":"https:\/\/www.eutonomy.com\/fr\/#website"},"primaryImageOfPage":{"@id":"https:\/\/www.eutonomy.com\/de\/contact\/#primaryimage"},"image":{"@id":"https:\/\/www.eutonomy.com\/de\/contact\/#primaryimage"},"thumbnailUrl":"https:\/\/www.eutonomy.com\/wp-content\/uploads\/2020\/06\/euframe_white1-1417x860-1.jpg","datePublished":"2020-12-02T21:17:44+00:00","dateModified":"2022-07-30T17:20:23+00:00","description":"Dank Eutonomy wird das intelligente Geb\u00e4udesystem noch funktionaler.","breadcrumb":{"@id":"https:\/\/www.eutonomy.com\/de\/contact\/#breadcrumb"},"inLanguage":"de","potentialAction":[{"@type":"ReadAction","target":["https:\/\/www.eutonomy.com\/de\/contact\/"]}]},{"@type":"ImageObject","inLanguage":"de","@id":"https:\/\/www.eutonomy.com\/de\/contact\/#primaryimage","url":"https:\/\/www.eutonomy.com\/wp-content\/uploads\/2020\/06\/euframe_white1-1417x860-1.jpg","contentUrl":"https:\/\/www.eutonomy.com\/wp-content\/uploads\/2020\/06\/euframe_white1-1417x860-1.jpg","width":1417,"height":860},{"@type":"BreadcrumbList","@id":"https:\/\/www.eutonomy.com\/de\/contact\/#breadcrumb","itemListElement":[{"@type":"ListItem","position":1,"name":"Strona g\u0142\u00f3wna","item":"https:\/\/www.eutonomy.com\/de\/"},{"@type":"ListItem","position":2,"name":"Kontakt"}]},{"@type":"WebSite","@id":"https:\/\/www.eutonomy.com\/fr\/#website","url":"https:\/\/www.eutonomy.com\/fr\/","name":"Eutonomy","description":"","potentialAction":[{"@type":"SearchAction","target":{"@type":"EntryPoint","urlTemplate":"https:\/\/www.eutonomy.com\/fr\/?s={search_term_string}"},"query-input":{"@type":"PropertyValueSpecification","valueRequired":true,"valueName":"search_term_string"}}],"inLanguage":"de"}]}},"_links":{"self":[{"href":"https:\/\/www.eutonomy.com\/de\/wp-json\/wp\/v2\/pages\/7478","targetHints":{"allow":["GET"]}}],"collection":[{"href":"https:\/\/www.eutonomy.com\/de\/wp-json\/wp\/v2\/pages"}],"about":[{"href":"https:\/\/www.eutonomy.com\/de\/wp-json\/wp\/v2\/types\/page"}],"author":[{"embeddable":true,"href":"https:\/\/www.eutonomy.com\/de\/wp-json\/wp\/v2\/users\/14"}],"replies":[{"embeddable":true,"href":"https:\/\/www.eutonomy.com\/de\/wp-json\/wp\/v2\/comments?post=7478"}],"version-history":[{"count":27,"href":"https:\/\/www.eutonomy.com\/de\/wp-json\/wp\/v2\/pages\/7478\/revisions"}],"predecessor-version":[{"id":9733,"href":"https:\/\/www.eutonomy.com\/de\/wp-json\/wp\/v2\/pages\/7478\/revisions\/9733"}],"wp:featuredmedia":[{"embeddable":true,"href":"https:\/\/www.eutonomy.com\/de\/wp-json\/wp\/v2\/media\/7443"}],"wp:attachment":[{"href":"https:\/\/www.eutonomy.com\/de\/wp-json\/wp\/v2\/media?parent=7478"}],"curies":[{"name":"wp","href":"https:\/\/api.w.org\/{rel}","templated":true}]}}