{"id":7487,"date":"2020-12-02T22:21:21","date_gmt":"2020-12-02T21:21:21","guid":{"rendered":"https:\/\/www2.eutonomy.com\/ueber-uns\/"},"modified":"2021-01-15T19:37:00","modified_gmt":"2021-01-15T18:37:00","slug":"about-us","status":"publish","type":"page","link":"https:\/\/www.eutonomy.com\/de\/about-us\/","title":{"rendered":"\u00dcber uns"},"content":{"rendered":"\n\n\n\n\n[et_pb_section fb_built=&#8220;1&#8243; fullwidth=&#8220;on&#8220; admin_label=&#8220;Hero&#8220; _builder_version=&#8220;4.4.8&#8243; background_enable_image=&#8220;off&#8220; parallax=&#8220;on&#8220; locked=&#8220;off&#8220;][et_pb_fullwidth_slider use_bg_overlay=&#8220;on&#8220; use_text_overlay=&#8220;off&#8220; _builder_version=&#8220;4.6.5&#8243; header_level=&#8220;h1&#8243; header_font=&#8220;Open Sans|700|||||||&#8220; header_line_height=&#8220;1.1em&#8220; body_font=&#8220;Open Sans|600|||||||&#8220; header_text_shadow_style=&#8220;preset3&#8243; body_text_shadow_style=&#8220;preset3&#8243; text_shadow_style=&#8220;preset3&#8243;][et_pb_slide heading=&#8220;Die Eutonomy ver\u00e4ndert die Welt der Hausautomation und der intelligenten Bauindustrie. &#8220; use_bg_overlay=&#8220;off&#8220; _builder_version=&#8220;4.6.5&#8243; header_font=&#8220;Open Sans|600|||||||&#8220; header_text_align=&#8220;right&#8220; header_font_size=&#8220;36px&#8220; header_line_height=&#8220;1.1em&#8220; body_text_align=&#8220;right&#8220; body_line_height=&#8220;1em&#8220; background_image=&#8220;https:\/\/www.eutonomy.com\/wp-content\/uploads\/2020\/05\/it-services-04.jpg&#8220; background_enable_image=&#8220;on&#8220; custom_button=&#8220;on&#8220; button_border_radius=&#8220;100px&#8220; button_alignment=&#8220;left&#8220; sticky_transition=&#8220;on&#8220;][\/et_pb_slide][\/et_pb_fullwidth_slider][\/et_pb_section][et_pb_section fb_built=&#8220;1&#8243; admin_label=&#8220;About Us&#8220; _builder_version=&#8220;4.5.0&#8243; custom_padding=&#8220;29px|0px|0|0px|false|false&#8220; locked=&#8220;off&#8220;][et_pb_row _builder_version=&#8220;4.4.4&#8243; custom_padding=&#8220;||0px|||&#8220; animation_style=&#8220;fade&#8220;][et_pb_column type=&#8220;4_4&#8243; _builder_version=&#8220;3.25&#8243; custom_padding=&#8220;|||&#8220; custom_padding__hover=&#8220;|||&#8220;][et_pb_text _builder_version=&#8220;4.6.5&#8243; text_font=&#8220;Open Sans||||||||&#8220; header_font=&#8220;Open Sans|300|||||||&#8220; header_text_align=&#8220;center&#8220; header_font_size=&#8220;35px&#8220; header_2_font=&#8220;Open Sans|300|||||||&#8220; header_2_text_align=&#8220;center&#8220; header_2_font_size=&#8220;30px&#8220; header_3_text_align=&#8220;center&#8220; header_3_font_size=&#8220;35px&#8220; header_4_text_align=&#8220;center&#8220; header_4_font_size=&#8220;35px&#8220; header_5_text_align=&#8220;center&#8220; header_5_font_size=&#8220;35px&#8220; header_6_text_align=&#8220;center&#8220; header_6_font_size=&#8220;35px&#8220; custom_padding=&#8220;||31px|||&#8220;]<h2 style=\"text-align: left;\">Lernen Sie die Eutonomy kennen<\/h2>\n<p style=\"text-align: left;\">Seit 2016 entwerfen, konstruieren und fertigen wir Produkte und Systeml\u00f6sungen, die den Betrieb intelligenter Geb\u00e4ude verbessern.<\/p>\n<p style=\"text-align: left;\">Dank der Eutonomy-Produkte interagieren alle Smart Home-Ger\u00e4te miteinander. Unser Ziel ist es, die Art und Weise zu \u00e4ndern, wie Tausende von Benutzern leben. Wir m\u00f6chten, dass die Einrichtung von Wohnungen, B\u00fcros, Arbeitspl\u00e4tzen, Unterhaltung und Freizeit voll funktionsf\u00e4hig und modern ist. Wir verbinden die Welten von Elektronik, Programmierung, Hardware, Mechanik und durchdachten Produktionsprozessen.<\/p>[\/et_pb_text][\/et_pb_column][\/et_pb_row][et_pb_row column_structure=&#8220;1_3,2_3&#8243; make_equal=&#8220;on&#8220; padding_top_bottom_link_2=&#8220;true&#8220; padding_left_right_link_2=&#8220;true&#8220; _builder_version=&#8220;4.5.0&#8243; background_color=&#8220;#ffffff&#8220; background_color_gradient_direction=&#8220;90deg&#8220; custom_margin=&#8220;0px|auto||auto|false|false&#8220; custom_margin_tablet=&#8220;80px|||10%&#8220; custom_margin_last_edited=&#8220;off|desktop&#8220; custom_padding=&#8220;0px|0px|0px|50px|true|false&#8220; animation_direction=&#8220;right&#8220; border_radii=&#8220;off|15px|15px||&#8220;][et_pb_column type=&#8220;1_3&#8243; _builder_version=&#8220;4.4.8&#8243; background_image=&#8220;https:\/\/www.eutonomy.com\/wp-content\/uploads\/2020\/06\/eutonomy-5.jpg&#8220; background_size=&#8220;contain&#8220; custom_padding=&#8220;|||&#8220; custom_padding_tablet=&#8220;0%||0%||true&#8220; custom_padding_phone=&#8220;0%||0%|&#8220; custom_padding_last_edited=&#8220;off|desktop&#8220; padding_phone=&#8220;0%||0%|&#8220; padding_tablet=&#8220;0%||0%||true&#8220; padding_last_edited=&#8220;off|desktop&#8220; custom_padding__hover=&#8220;|||&#8220;][et_pb_divider show_divider=&#8220;off&#8220; _builder_version=&#8220;4.4.8&#8243; height=&#8220;300px&#8220; custom_padding=&#8220;0px|||||&#8220; locked=&#8220;off&#8220;][\/et_pb_divider][\/et_pb_column][et_pb_column type=&#8220;2_3&#8243; _builder_version=&#8220;3.25&#8243; custom_padding=&#8220;60px|5%|60px|5%&#8220; custom_padding__hover=&#8220;|||&#8220;][et_pb_text _builder_version=&#8220;4.6.5&#8243; text_font=&#8220;Open Sans||||||||&#8220; header_text_align=&#8220;center&#8220; header_font_size=&#8220;35px&#8220; header_2_font=&#8220;Open Sans||||||||&#8220; header_2_text_align=&#8220;center&#8220; header_2_font_size=&#8220;35px&#8220; header_3_text_align=&#8220;center&#8220; header_3_font_size=&#8220;35px&#8220; header_4_text_align=&#8220;center&#8220; header_4_font_size=&#8220;35px&#8220; header_5_text_align=&#8220;center&#8220; header_5_font_size=&#8220;35px&#8220; header_6_text_align=&#8220;center&#8220; header_6_font_size=&#8220;35px&#8220; custom_margin=&#8220;-15px|||-30px|false|false&#8220; custom_padding=&#8220;0px|||||&#8220; locked=&#8220;off&#8220;]<h2 style=\"text-align: left;\"><\/h2>\n<p style=\"text-align: left;\">Wir verbinden die Welten von Elektronik, Programmierung, Hardware, Mechanik und durchdachten Produktionsprozessen.<\/p>\n<p style=\"text-align: left;\">Wir legen gro\u00dfen Wert auf hochwertige Produkte. Unsere L\u00f6sungen werden mit den h\u00f6chsten Qualit\u00e4tsstandards unter strenger Kontrolle entworfen und gebaut.<\/p>\n<p style=\"text-align: left;\">Alle Produkte werden von erfahrenen polnischen Ingenieuren hergestellt.<\/p>\n<p style=\"text-align: left;\">Der Kern des Teams besteht aus Spezialisten mit \u00fcber 28 Jahren Erfahrung auf dem Gebiet der Integration von Smart Home-Automatisierung, Computernetzwerken und Multimedia-Systemen.<\/p>[\/et_pb_text][\/et_pb_column][\/et_pb_row][\/et_pb_section][et_pb_section fb_built=&#8220;1&#8243; _builder_version=&#8220;4.5.0&#8243; custom_padding=&#8220;0px||0px|||&#8220;][et_pb_row column_structure=&#8220;1_2,1_2&#8243; _builder_version=&#8220;3.25&#8243; custom_margin=&#8220;|||&#8220; locked=&#8220;off&#8220;][et_pb_column type=&#8220;1_2&#8243; _builder_version=&#8220;3.25&#8243; custom_padding=&#8220;|||&#8220; custom_padding__hover=&#8220;|||&#8220;][et_pb_blurb title=&#8220;Rapid-Prototyping&#8220; use_icon=&#8220;on&#8220; font_icon=&#8220;%%49%%&#8220; icon_placement=&#8220;left&#8220; content_max_width=&#8220;100%&#8220; icon_font_size=&#8220;22px&#8220; _builder_version=&#8220;4.6.5&#8243; header_font=&#8220;Open Sans|700|||||||&#8220; header_text_align=&#8220;left&#8220; header_font_size=&#8220;18px&#8220; header_line_height=&#8220;1.2em&#8220; body_font=&#8220;Open Sans||||||||&#8220; body_line_height=&#8220;1.8em&#8220; custom_margin=&#8220;|||&#8220; header_font_size_last_edited=&#8220;off|desktop&#8220; locked=&#8220;off&#8220;]<p style=\"text-align: left;\">Wir sind Experten f\u00fcr Rapid Prototyping. Wir stellen Prototypen von Ger\u00e4ten her, die auf dem Markt f\u00fcr intelligente Geb\u00e4ude ben\u00f6tigt werden und die Endbenutzern und Installateuren fehlen. Wir arbeiten pr\u00e4zise und effektiv. Wir arbeiten st\u00e4ndig an neuen Projekten.<\/p>[\/et_pb_blurb][\/et_pb_column][et_pb_column type=&#8220;1_2&#8243; _builder_version=&#8220;3.25&#8243; custom_padding=&#8220;|||&#8220; custom_padding__hover=&#8220;|||&#8220;][et_pb_blurb title=&#8220;Verkauf von Produkten auf der ganzen Welt&#8220; use_icon=&#8220;on&#8220; font_icon=&#8220;%%49%%&#8220; icon_placement=&#8220;left&#8220; content_max_width=&#8220;100%&#8220; icon_font_size=&#8220;22px&#8220; _builder_version=&#8220;4.6.5&#8243; header_font=&#8220;Open Sans|700|||||||&#8220; header_text_align=&#8220;left&#8220; header_font_size=&#8220;18px&#8220; header_line_height=&#8220;1.2em&#8220; body_font=&#8220;Open Sans||||||||&#8220; body_line_height=&#8220;1.8em&#8220; custom_margin=&#8220;|||&#8220; locked=&#8220;off&#8220;]<p style=\"text-align: left;\">Unsere Produkte wurden von Anwendern in \u00fcber 17 L\u00e4ndern in Europa und \u00fcber einem Dutzend auf der ganzen Welt, von Amerika bis Asien, gesch\u00e4tzt.<\/p>[\/et_pb_blurb][\/et_pb_column][\/et_pb_row][\/et_pb_section][et_pb_section fb_built=&#8220;1&#8243; _builder_version=&#8220;4.4.8&#8243; custom_padding=&#8220;29px||40px|||&#8220;][et_pb_row _builder_version=&#8220;4.4.8&#8243;][et_pb_column type=&#8220;4_4&#8243; _builder_version=&#8220;4.4.8&#8243;][et_pb_text _builder_version=&#8220;4.6.5&#8243; header_font=&#8220;Open Sans|300|||||||&#8220;]<h1 style=\"text-align: left;\">Sch\u00f6pferen der Eutonomy<\/h1>[\/et_pb_text][\/et_pb_column][\/et_pb_row][et_pb_row column_structure=&#8220;1_2,1_2&#8243; make_equal=&#8220;on&#8220; padding_top_bottom_link_2=&#8220;true&#8220; padding_left_right_link_2=&#8220;true&#8220; _builder_version=&#8220;4.6.5&#8243; background_color=&#8220;#ffffff&#8220; background_color_gradient_direction=&#8220;90deg&#8220; custom_margin=&#8220;0px|auto|35px|auto|false|false&#8220; custom_margin_tablet=&#8220;80px|||10%&#8220; custom_margin_last_edited=&#8220;off|desktop&#8220; custom_padding=&#8220;15px|0px|15px|40px|true|false&#8220; animation_direction=&#8220;right&#8220; border_radii=&#8220;on|6px|6px|6px|6px&#8220; box_shadow_style=&#8220;preset3&#8243; box_shadow_vertical=&#8220;20px&#8220; box_shadow_blur=&#8220;250px&#8220; box_shadow_spread=&#8220;0px&#8220; box_shadow_color=&#8220;#dbdbdb&#8220; locked=&#8220;off&#8220;][et_pb_column type=&#8220;1_2&#8243; _builder_version=&#8220;4.6.5&#8243; background_image=&#8220;https:\/\/www.eutonomy.com\/wp-content\/uploads\/2020\/10\/EUTONOMY_ZDJECIA_-p.Maciej_-na-www_20_10_20-1.jpg&#8220; background_size=&#8220;contain&#8220; custom_padding=&#8220;||||false|false&#8220; custom_padding_tablet=&#8220;0%||0%||true&#8220; custom_padding_phone=&#8220;0%||0%|&#8220; custom_padding_last_edited=&#8220;off|desktop&#8220; padding_phone=&#8220;0%||0%|&#8220; padding_tablet=&#8220;0%||0%||true&#8220; padding_last_edited=&#8220;off|desktop&#8220; custom_padding__hover=&#8220;|||&#8220;][et_pb_divider show_divider=&#8220;off&#8220; _builder_version=&#8220;4.5.0&#8243; height=&#8220;300px&#8220; custom_margin=&#8220;||||false|false&#8220; custom_padding=&#8220;||||false|false&#8220;][\/et_pb_divider][\/et_pb_column][et_pb_column type=&#8220;1_2&#8243; _builder_version=&#8220;4.4.4&#8243; custom_padding=&#8220;60px|5%|60px|5%&#8220; custom_padding__hover=&#8220;|||&#8220;][et_pb_text _builder_version=&#8220;4.6.5&#8243; text_font=&#8220;Open Sans||||||||&#8220; header_text_align=&#8220;center&#8220; header_font_size=&#8220;35px&#8220; header_2_font=&#8220;Open Sans|300|||||||&#8220; header_2_text_align=&#8220;center&#8220; header_2_font_size=&#8220;35px&#8220; header_3_text_align=&#8220;center&#8220; header_3_font_size=&#8220;35px&#8220; header_4_text_align=&#8220;center&#8220; header_4_font_size=&#8220;35px&#8220; header_5_text_align=&#8220;center&#8220; header_5_font_size=&#8220;35px&#8220; header_6_text_align=&#8220;center&#8220; header_6_font_size=&#8220;35px&#8220; custom_margin=&#8220;||||false|true&#8220; hover_enabled=&#8220;0&#8243; locked=&#8220;off&#8220; sticky_enabled=&#8220;0&#8243;]<h2 style=\"text-align: left;\">Maciej Skrzypczy\u0144ski<\/h2>\n<p style=\"text-align: left;\">Technischer Direktor, CTO<\/p>\n<p style=\"text-align: left;\">Entwirft und konstruiert Eutonomy-Produkte und ist f\u00fcr den Produkt- und Technologiebereich des Unternehmens verantwortlich. Er beobachtet den Markt und seine Bed\u00fcrfnisse und \u00fcbersetzt sie dann in neue Projekte und Eutonomy-L\u00f6sungen. 28 Jahre lang leitete er eine Design- und Installationsfirma in der intelligenten Hausindustrie.<\/p>[\/et_pb_text][\/et_pb_column][\/et_pb_row][et_pb_row column_structure=&#8220;1_2,1_2&#8243; make_equal=&#8220;on&#8220; padding_top_bottom_link_2=&#8220;true&#8220; padding_left_right_link_2=&#8220;true&#8220; _builder_version=&#8220;4.6.5&#8243; background_color=&#8220;#ffffff&#8220; background_color_gradient_direction=&#8220;90deg&#8220; custom_margin=&#8220;13px|auto|13px|auto|true|false&#8220; custom_margin_tablet=&#8220;80px|||10%&#8220; custom_margin_last_edited=&#8220;off|desktop&#8220; custom_padding=&#8220;15px|0px|15px|40px|true|false&#8220; animation_direction=&#8220;right&#8220; border_radii=&#8220;on|6px|6px|6px|6px&#8220; box_shadow_style=&#8220;preset3&#8243; box_shadow_vertical=&#8220;20px&#8220; box_shadow_blur=&#8220;250px&#8220; box_shadow_spread=&#8220;0px&#8220; box_shadow_color=&#8220;#dbdbdb&#8220; locked=&#8220;off&#8220;][et_pb_column type=&#8220;1_2&#8243; _builder_version=&#8220;4.6.5&#8243; background_image=&#8220;https:\/\/www.eutonomy.com\/wp-content\/uploads\/2020\/10\/EUTONOMY_ZDJECIA-_Jan-casual-na-www-20_10_20-3.jpg&#8220; background_size=&#8220;contain&#8220; custom_padding_tablet=&#8220;0%||0%||true&#8220; custom_padding_phone=&#8220;0%||0%|&#8220; custom_padding_last_edited=&#8220;off|desktop&#8220; padding_phone=&#8220;0%||0%|&#8220; padding_tablet=&#8220;0%||0%||true&#8220; padding_last_edited=&#8220;off|desktop&#8220; custom_padding__hover=&#8220;|||&#8220;][et_pb_divider show_divider=&#8220;off&#8220; _builder_version=&#8220;4.4.6&#8243; height=&#8220;300px&#8220;][\/et_pb_divider][\/et_pb_column][et_pb_column type=&#8220;1_2&#8243; _builder_version=&#8220;4.4.4&#8243; custom_padding=&#8220;60px|5%|60px|5%&#8220; custom_padding__hover=&#8220;|||&#8220;][et_pb_text _builder_version=&#8220;4.5.0&#8243; text_font=&#8220;Open Sans||||||||&#8220; header_font=&#8220;Open Sans|300|||||||&#8220; header_text_align=&#8220;center&#8220; header_font_size=&#8220;35px&#8220; header_2_font=&#8220;Open Sans|300|||||||&#8220; header_2_text_align=&#8220;center&#8220; header_2_font_size=&#8220;35px&#8220; header_3_text_align=&#8220;center&#8220; header_3_font_size=&#8220;35px&#8220; header_4_text_align=&#8220;center&#8220; header_4_font_size=&#8220;35px&#8220; header_5_text_align=&#8220;center&#8220; header_5_font_size=&#8220;35px&#8220; header_6_text_align=&#8220;center&#8220; header_6_font_size=&#8220;35px&#8220; custom_margin=&#8220;|||-50px|false|false&#8220; hover_enabled=&#8220;0&#8243; locked=&#8220;off&#8220; sticky_enabled=&#8220;0&#8243;]<h2 style=\"text-align: left;\">Jan Kroh<\/h2>\n<p style=\"text-align: left;\"><span style=\"font-size: 15px;\">CEO von Eutonomy<\/span><\/p>\n<p style=\"text-align: left;\">Verwaltet die Eutonomy.<\/p>\n<p style=\"text-align: left;\">Er verf\u00fcgt \u00fcber mehr als 20 Jahre Erfahrung in der Verwaltung und Entwicklung von Unternehmen in Organisationen wie Andersen Consulting \/ Accenture, IBM, T-Systems, Capgemini, jPALIO, jPBS und anderen, wo er erfolgreich Gesch\u00e4ftsziele verfolgte, Gesch\u00e4ftsstrategien entwickelte und entwickelte. Bei Eutonomy ist er auch f\u00fcr Marketing und Vertrieb verantwortlich.<\/p>[\/et_pb_text][\/et_pb_column][\/et_pb_row][\/et_pb_section]\n\n\n\n\n","protected":false},"excerpt":{"rendered":"<p>Lernen Sie die Eutonomy kennen Seit 2016 entwerfen, konstruieren und fertigen wir Produkte und Systeml\u00f6sungen, die den Betrieb intelligenter Geb\u00e4ude verbessern. Dank der Eutonomy-Produkte interagieren alle Smart Home-Ger\u00e4te miteinander. Unser Ziel ist es, die Art und Weise zu \u00e4ndern, wie Tausende von Benutzern leben. Wir m\u00f6chten, dass die Einrichtung von Wohnungen, B\u00fcros, Arbeitspl\u00e4tzen, Unterhaltung und [&hellip;]<\/p>\n","protected":false},"author":14,"featured_media":7443,"parent":0,"menu_order":0,"comment_status":"closed","ping_status":"closed","template":"","meta":{"_et_pb_use_builder":"on","_et_pb_old_content":"","_et_gb_content_width":"","footnotes":""},"class_list":["post-7487","page","type-page","status-publish","has-post-thumbnail","hentry"],"yoast_head":"<!-- This site is optimized with the Yoast SEO plugin v27.3 - https:\/\/yoast.com\/product\/yoast-seo-wordpress\/ -->\n<title>\u00dcber uns - Eutonomy<\/title>\n<meta name=\"description\" content=\"Dank Eutonomy wird das intelligente Geb\u00e4udesystem noch funktionaler.\" \/>\n<meta name=\"robots\" content=\"index, follow, max-snippet:-1, max-image-preview:large, max-video-preview:-1\" \/>\n<link rel=\"canonical\" href=\"https:\/\/www.eutonomy.com\/de\/about-us\/\" \/>\n<meta property=\"og:locale\" content=\"de_DE\" \/>\n<meta property=\"og:type\" content=\"article\" \/>\n<meta property=\"og:title\" content=\"\u00dcber uns - Eutonomy\" \/>\n<meta property=\"og:description\" content=\"Dank Eutonomy wird das intelligente Geb\u00e4udesystem noch funktionaler.\" \/>\n<meta property=\"og:url\" content=\"https:\/\/www.eutonomy.com\/de\/about-us\/\" \/>\n<meta property=\"og:site_name\" content=\"Eutonomy\" \/>\n<meta property=\"article:modified_time\" content=\"2021-01-15T18:37:00+00:00\" \/>\n<meta property=\"og:image\" content=\"https:\/\/www.eutonomy.com\/wp-content\/uploads\/2020\/06\/euframe_white1-1417x860-1.jpg\" \/>\n\t<meta property=\"og:image:width\" content=\"1417\" \/>\n\t<meta property=\"og:image:height\" content=\"860\" \/>\n\t<meta property=\"og:image:type\" content=\"image\/jpeg\" \/>\n<meta name=\"twitter:card\" content=\"summary_large_image\" \/>\n<meta name=\"twitter:label1\" content=\"Gesch\u00e4tzte Lesezeit\" \/>\n\t<meta name=\"twitter:data1\" content=\"8\u00a0Minuten\" \/>\n<script type=\"application\/ld+json\" class=\"yoast-schema-graph\">{\"@context\":\"https:\\\/\\\/schema.org\",\"@graph\":[{\"@type\":\"WebPage\",\"@id\":\"https:\\\/\\\/www.eutonomy.com\\\/de\\\/about-us\\\/\",\"url\":\"https:\\\/\\\/www.eutonomy.com\\\/de\\\/about-us\\\/\",\"name\":\"\u00dcber uns - Eutonomy\",\"isPartOf\":{\"@id\":\"https:\\\/\\\/www.eutonomy.com\\\/fr\\\/#website\"},\"primaryImageOfPage\":{\"@id\":\"https:\\\/\\\/www.eutonomy.com\\\/de\\\/about-us\\\/#primaryimage\"},\"image\":{\"@id\":\"https:\\\/\\\/www.eutonomy.com\\\/de\\\/about-us\\\/#primaryimage\"},\"thumbnailUrl\":\"https:\\\/\\\/www.eutonomy.com\\\/wp-content\\\/uploads\\\/2020\\\/06\\\/euframe_white1-1417x860-1.jpg\",\"datePublished\":\"2020-12-02T21:21:21+00:00\",\"dateModified\":\"2021-01-15T18:37:00+00:00\",\"description\":\"Dank Eutonomy wird das intelligente Geb\u00e4udesystem noch funktionaler.\",\"breadcrumb\":{\"@id\":\"https:\\\/\\\/www.eutonomy.com\\\/de\\\/about-us\\\/#breadcrumb\"},\"inLanguage\":\"de\",\"potentialAction\":[{\"@type\":\"ReadAction\",\"target\":[\"https:\\\/\\\/www.eutonomy.com\\\/de\\\/about-us\\\/\"]}]},{\"@type\":\"ImageObject\",\"inLanguage\":\"de\",\"@id\":\"https:\\\/\\\/www.eutonomy.com\\\/de\\\/about-us\\\/#primaryimage\",\"url\":\"https:\\\/\\\/www.eutonomy.com\\\/wp-content\\\/uploads\\\/2020\\\/06\\\/euframe_white1-1417x860-1.jpg\",\"contentUrl\":\"https:\\\/\\\/www.eutonomy.com\\\/wp-content\\\/uploads\\\/2020\\\/06\\\/euframe_white1-1417x860-1.jpg\",\"width\":1417,\"height\":860},{\"@type\":\"BreadcrumbList\",\"@id\":\"https:\\\/\\\/www.eutonomy.com\\\/de\\\/about-us\\\/#breadcrumb\",\"itemListElement\":[{\"@type\":\"ListItem\",\"position\":1,\"name\":\"Strona g\u0142\u00f3wna\",\"item\":\"https:\\\/\\\/www.eutonomy.com\\\/de\\\/\"},{\"@type\":\"ListItem\",\"position\":2,\"name\":\"\u00dcber uns\"}]},{\"@type\":\"WebSite\",\"@id\":\"https:\\\/\\\/www.eutonomy.com\\\/fr\\\/#website\",\"url\":\"https:\\\/\\\/www.eutonomy.com\\\/fr\\\/\",\"name\":\"Eutonomy\",\"description\":\"\",\"potentialAction\":[{\"@type\":\"SearchAction\",\"target\":{\"@type\":\"EntryPoint\",\"urlTemplate\":\"https:\\\/\\\/www.eutonomy.com\\\/fr\\\/?s={search_term_string}\"},\"query-input\":{\"@type\":\"PropertyValueSpecification\",\"valueRequired\":true,\"valueName\":\"search_term_string\"}}],\"inLanguage\":\"de\"}]}<\/script>\n<!-- \/ Yoast SEO plugin. -->","yoast_head_json":{"title":"\u00dcber uns - Eutonomy","description":"Dank Eutonomy wird das intelligente Geb\u00e4udesystem noch funktionaler.","robots":{"index":"index","follow":"follow","max-snippet":"max-snippet:-1","max-image-preview":"max-image-preview:large","max-video-preview":"max-video-preview:-1"},"canonical":"https:\/\/www.eutonomy.com\/de\/about-us\/","og_locale":"de_DE","og_type":"article","og_title":"\u00dcber uns - Eutonomy","og_description":"Dank Eutonomy wird das intelligente Geb\u00e4udesystem noch funktionaler.","og_url":"https:\/\/www.eutonomy.com\/de\/about-us\/","og_site_name":"Eutonomy","article_modified_time":"2021-01-15T18:37:00+00:00","og_image":[{"width":1417,"height":860,"url":"https:\/\/www.eutonomy.com\/wp-content\/uploads\/2020\/06\/euframe_white1-1417x860-1.jpg","type":"image\/jpeg"}],"twitter_card":"summary_large_image","twitter_misc":{"Gesch\u00e4tzte Lesezeit":"8\u00a0Minuten"},"schema":{"@context":"https:\/\/schema.org","@graph":[{"@type":"WebPage","@id":"https:\/\/www.eutonomy.com\/de\/about-us\/","url":"https:\/\/www.eutonomy.com\/de\/about-us\/","name":"\u00dcber uns - Eutonomy","isPartOf":{"@id":"https:\/\/www.eutonomy.com\/fr\/#website"},"primaryImageOfPage":{"@id":"https:\/\/www.eutonomy.com\/de\/about-us\/#primaryimage"},"image":{"@id":"https:\/\/www.eutonomy.com\/de\/about-us\/#primaryimage"},"thumbnailUrl":"https:\/\/www.eutonomy.com\/wp-content\/uploads\/2020\/06\/euframe_white1-1417x860-1.jpg","datePublished":"2020-12-02T21:21:21+00:00","dateModified":"2021-01-15T18:37:00+00:00","description":"Dank Eutonomy wird das intelligente Geb\u00e4udesystem noch funktionaler.","breadcrumb":{"@id":"https:\/\/www.eutonomy.com\/de\/about-us\/#breadcrumb"},"inLanguage":"de","potentialAction":[{"@type":"ReadAction","target":["https:\/\/www.eutonomy.com\/de\/about-us\/"]}]},{"@type":"ImageObject","inLanguage":"de","@id":"https:\/\/www.eutonomy.com\/de\/about-us\/#primaryimage","url":"https:\/\/www.eutonomy.com\/wp-content\/uploads\/2020\/06\/euframe_white1-1417x860-1.jpg","contentUrl":"https:\/\/www.eutonomy.com\/wp-content\/uploads\/2020\/06\/euframe_white1-1417x860-1.jpg","width":1417,"height":860},{"@type":"BreadcrumbList","@id":"https:\/\/www.eutonomy.com\/de\/about-us\/#breadcrumb","itemListElement":[{"@type":"ListItem","position":1,"name":"Strona g\u0142\u00f3wna","item":"https:\/\/www.eutonomy.com\/de\/"},{"@type":"ListItem","position":2,"name":"\u00dcber uns"}]},{"@type":"WebSite","@id":"https:\/\/www.eutonomy.com\/fr\/#website","url":"https:\/\/www.eutonomy.com\/fr\/","name":"Eutonomy","description":"","potentialAction":[{"@type":"SearchAction","target":{"@type":"EntryPoint","urlTemplate":"https:\/\/www.eutonomy.com\/fr\/?s={search_term_string}"},"query-input":{"@type":"PropertyValueSpecification","valueRequired":true,"valueName":"search_term_string"}}],"inLanguage":"de"}]}},"_links":{"self":[{"href":"https:\/\/www.eutonomy.com\/de\/wp-json\/wp\/v2\/pages\/7487","targetHints":{"allow":["GET"]}}],"collection":[{"href":"https:\/\/www.eutonomy.com\/de\/wp-json\/wp\/v2\/pages"}],"about":[{"href":"https:\/\/www.eutonomy.com\/de\/wp-json\/wp\/v2\/types\/page"}],"author":[{"embeddable":true,"href":"https:\/\/www.eutonomy.com\/de\/wp-json\/wp\/v2\/users\/14"}],"replies":[{"embeddable":true,"href":"https:\/\/www.eutonomy.com\/de\/wp-json\/wp\/v2\/comments?post=7487"}],"version-history":[{"count":18,"href":"https:\/\/www.eutonomy.com\/de\/wp-json\/wp\/v2\/pages\/7487\/revisions"}],"predecessor-version":[{"id":8345,"href":"https:\/\/www.eutonomy.com\/de\/wp-json\/wp\/v2\/pages\/7487\/revisions\/8345"}],"wp:featuredmedia":[{"embeddable":true,"href":"https:\/\/www.eutonomy.com\/de\/wp-json\/wp\/v2\/media\/7443"}],"wp:attachment":[{"href":"https:\/\/www.eutonomy.com\/de\/wp-json\/wp\/v2\/media?parent=7487"}],"curies":[{"name":"wp","href":"https:\/\/api.w.org\/{rel}","templated":true}]}}