{"id":7518,"date":"2020-12-06T21:13:12","date_gmt":"2020-12-06T20:13:12","guid":{"rendered":"https:\/\/www2.eutonomy.com\/produkte\/"},"modified":"2021-01-18T15:34:17","modified_gmt":"2021-01-18T14:34:17","slug":"products","status":"publish","type":"page","link":"https:\/\/www.eutonomy.com\/de\/products\/","title":{"rendered":"Produkte"},"content":{"rendered":"\n[et_pb_section fb_built=&#8220;1&#8243; fullwidth=&#8220;on&#8220; admin_label=&#8220;Hero&#8220; _builder_version=&#8220;4.6.5&#8243; background_color=&#8220;rgba(0,0,0,0)&#8220; use_background_color_gradient=&#8220;off&#8220; background_enable_image=&#8220;off&#8220; locked=&#8220;off&#8220;][et_pb_fullwidth_slider use_bg_overlay=&#8220;on&#8220; use_text_overlay=&#8220;off&#8220; _builder_version=&#8220;4.6.5&#8243; header_level=&#8220;h1&#8243; header_font=&#8220;Open Sans|700|||||||&#8220; header_line_height=&#8220;1.1em&#8220; body_font=&#8220;Open Sans|700|||||||&#8220; body_text_align=&#8220;right&#8220; body_font_size=&#8220;16px&#8220; background_color=&#8220;rgba(0,0,0,0)&#8220; background_enable_image=&#8220;off&#8220; hover_enabled=&#8220;0&#8243; header_text_shadow_style=&#8220;preset3&#8243; body_text_shadow_style=&#8220;preset3&#8243; text_shadow_style=&#8220;preset3&#8243; sticky_enabled=&#8220;0&#8243;][et_pb_slide heading=&#8220;euFRAME&#8220; use_bg_overlay=&#8220;on&#8220; _builder_version=&#8220;4.6.5&#8243; header_font=&#8220;Open Sans|600|||||||&#8220; header_text_align=&#8220;right&#8220; body_font=&#8220;Open Sans|600|||||||&#8220; body_text_align=&#8220;right&#8220; body_line_height=&#8220;1em&#8220; background_color=&#8220;rgba(0,0,0,0)&#8220; background_enable_color=&#8220;on&#8220; background_image=&#8220;https:\/\/www.eutonomy.com\/wp-content\/uploads\/2020\/10\/euFRAME-1835-300DPI_Pani-na-TV-1-1280&#215;500-1.jpg&#8220; background_enable_image=&#8220;on&#8220; parallax=&#8220;on&#8220; custom_button=&#8220;on&#8220; button_border_radius=&#8220;100px&#8220; button_alignment=&#8220;left&#8220; link_option_url=&#8220;@ET-DC@eyJkeW5hbWljIjp0cnVlLCJjb250ZW50IjoicG9zdF9saW5rX3VybF9wYWdlIiwic2V0dGluZ3MiOnsicG9zdF9pZCI6Ijc3MjcifX0=@&#8220; hover_enabled=&#8220;0&#8243; text_shadow_style=&#8220;preset3&#8243; sticky_transition=&#8220;on&#8220; _dynamic_attributes=&#8220;link_option_url&#8220; sticky_enabled=&#8220;0&#8243;]<p><span class=\"h5like themecolor\">Panel with the control application.<\/span><\/p>[\/et_pb_slide][et_pb_slide heading=&#8220;euFIX&#8220; use_bg_overlay=&#8220;on&#8220; use_text_overlay=&#8220;off&#8220; _builder_version=&#8220;4.6.5&#8243; header_font=&#8220;|600|||||||&#8220; header_text_align=&#8220;right&#8220; body_font=&#8220;Open Sans|600|||||||&#8220; body_text_align=&#8220;right&#8220; body_line_height=&#8220;1em&#8220; background_color=&#8220;rgba(0,0,0,0)&#8220; background_enable_color=&#8220;on&#8220; background_image=&#8220;https:\/\/www.eutonomy.com\/wp-content\/uploads\/2020\/06\/62326159_693358107734024_3681137377578844160_o.jpg&#8220; background_enable_image=&#8220;on&#8220; custom_button=&#8220;on&#8220; button_border_radius=&#8220;100px&#8220; button_alignment=&#8220;left&#8220; link_option_url=&#8220;@ET-DC@eyJkeW5hbWljIjp0cnVlLCJjb250ZW50IjoicG9zdF9saW5rX3VybF9wYWdlIiwic2V0dGluZ3MiOnsicG9zdF9pZCI6Ijc3MjcifX0=@&#8220; hover_enabled=&#8220;0&#8243; header_text_shadow_style=&#8220;preset3&#8243; text_shadow_style=&#8220;preset3&#8243; sticky_transition=&#8220;on&#8220; _dynamic_attributes=&#8220;link_option_url&#8220; sticky_enabled=&#8220;0&#8243;]<p>Adapter f\u00fcr FIBARO-Module f\u00fcr eine DIN-Schiene TH35.<\/p>[\/et_pb_slide][\/et_pb_fullwidth_slider][\/et_pb_section][et_pb_section fb_built=&#8220;1&#8243; _builder_version=&#8220;4.5.0&#8243; custom_padding=&#8220;30px||50px||false|false&#8220;][et_pb_row disabled_on=&#8220;off|off|off&#8220; _builder_version=&#8220;4.5.0&#8243; custom_padding=&#8220;0px||40px||false|false&#8220; locked=&#8220;off&#8220;][et_pb_column type=&#8220;4_4&#8243; _builder_version=&#8220;3.25&#8243; custom_padding=&#8220;|||&#8220; custom_padding__hover=&#8220;|||&#8220;][et_pb_text _builder_version=&#8220;4.5.0&#8243; text_font=&#8220;|300|||||||&#8220; text_font_size=&#8220;30px&#8220; text_line_height=&#8220;1.9em&#8220; header_text_align=&#8220;center&#8220; header_font_size=&#8220;35px&#8220; header_2_font=&#8220;Open Sans||||||||&#8220; header_2_text_align=&#8220;center&#8220; header_2_font_size=&#8220;35px&#8220; header_2_line_height=&#8220;1.5em&#8220; header_3_text_align=&#8220;center&#8220; header_3_font_size=&#8220;35px&#8220; header_4_text_align=&#8220;center&#8220; header_4_font_size=&#8220;35px&#8220; header_5_text_align=&#8220;center&#8220; header_5_font_size=&#8220;35px&#8220; header_6_text_align=&#8220;center&#8220; header_6_font_size=&#8220;35px&#8220; custom_margin=&#8220;||1px||false|false&#8220; custom_padding=&#8220;||15px||false|false&#8220; header_2_font_size_tablet=&#8220;30px&#8220; locked=&#8220;off&#8220;]<p style=\"text-align: center;\">Innovationen und hohe Qualit\u00e4t<\/p>[\/et_pb_text][et_pb_text _builder_version=&#8220;4.6.5&#8243; text_font=&#8220;||||||||&#8220; text_font_size=&#8220;16px&#8220; text_line_height=&#8220;1.4em&#8220; max_width=&#8220;64%&#8220; module_alignment=&#8220;center&#8220;]<div class=\"column mcb-column one column_column\">\n<div class=\"column_attr clearfix\" style=\"text-align: center;\"><span class=\"h5like themecolor\" style=\"color: #32cb00;\">Wir sind Experten auf dem Gebiet intelligenter H\u00e4user und B\u00fcros und entwickeln und bauen mit Leidenschaft intelligente Produkte und L\u00f6sungen.<\/span><\/div>\n<\/div>\n<div class=\"column mcb-column one-second column_column\"><\/div>[\/et_pb_text][\/et_pb_column][\/et_pb_row][et_pb_row column_structure=&#8220;1_3,1_3,1_3&#8243; _builder_version=&#8220;4.5.0&#8243; custom_margin=&#8220;|auto|-7px|auto||&#8220; custom_padding=&#8220;0px||20px||false|false&#8220;][et_pb_column type=&#8220;1_3&#8243; _builder_version=&#8220;4.4.4&#8243;][et_pb_text _builder_version=&#8220;4.6.5&#8243; header_font=&#8220;Open Sans||||||||&#8220; locked=&#8220;off&#8220;]<div class=\"column mcb-column one column_column\">\n<div class=\"column_attr clearfix\" style=\"text-align: left;\">Eutonomy entwirft, konstruiert und fertigt Produkte und Systeml\u00f6sungen, um Ihr Zuhause, Ihr B\u00fcro, Ihren Arbeitsplatz, Ihre Unterhaltung und Ihre Freizeit mit Ger\u00e4ten auszustatten, die v\u00f6llig neue M\u00f6glichkeiten bieten.<\/div>\n<\/div>[\/et_pb_text][\/et_pb_column][et_pb_column type=&#8220;1_3&#8243; _builder_version=&#8220;4.4.4&#8243;][et_pb_text _builder_version=&#8220;4.6.5&#8243; header_font=&#8220;Open Sans|300|||||||&#8220; locked=&#8220;off&#8220;]<div class=\"column mcb-column one column_column\">\n<div class=\"column_attr clearfix\" style=\"text-align: left;\">Wir verbinden auf optimale Weise die Welten der Elektronik, Programmierung, Hardware und Mechanik sowie gut durchdachte Produktionsprozesse. Die Produkte und L\u00f6sungen von Eutonomy werden nach den h\u00f6chsten Qualit\u00e4tsstandards entworfen und gebaut.<\/div>\n<\/div>[\/et_pb_text][\/et_pb_column][et_pb_column type=&#8220;1_3&#8243; _builder_version=&#8220;4.4.4&#8243;][et_pb_text _builder_version=&#8220;4.6.5&#8243; header_font=&#8220;Open Sans||||||||&#8220; locked=&#8220;off&#8220;]<div class=\"column mcb-column one column_column\">\n<div class=\"column_attr clearfix\" style=\"text-align: center;\">\n<div class=\"section mcb-section \">\n<div class=\"section_wrapper mcb-section-inner\">\n<div class=\"wrap mcb-wrap two-third column-margin-20px valign-top clearfix\">\n<div class=\"mcb-wrap-inner\">\n<div class=\"column mcb-column one-second column_column\">\n<div class=\"column_attr clearfix\" style=\"text-align: left;\">Bei Eutonomy arbeiten wir st\u00e4ndig an Innovationen mit einem Ziel vor Augen: den Komfort Ihres Lebens in vielen Dimensionen zu verbessern. Wir entwerfen Produkte, die Ihnen Zufriedenheit und Freude bei der Nutzung intelligenter Geb\u00e4ude vermitteln.<\/div>\n<\/div>\n<\/div>\n<\/div>\n<\/div>\n<\/div>\n<\/div>\n<\/div>[\/et_pb_text][\/et_pb_column][\/et_pb_row][\/et_pb_section][et_pb_section fb_built=&#8220;1&#8243; fullwidth=&#8220;on&#8220; _builder_version=&#8220;4.5.0&#8243;][et_pb_fullwidth_header title=&#8220;Produkte f\u00fcr das intelligente Heim und B\u00fcro&#8220; _builder_version=&#8220;4.5.0&#8243; title_font=&#8220;Open Sans|300|||||||&#8220; title_text_align=&#8220;center&#8220; title_font_size=&#8220;35px&#8220; content_font=&#8220;Open Sans||||||||&#8220; subhead_font=&#8220;Open Sans||||||||&#8220; background_enable_color=&#8220;off&#8220; custom_margin=&#8220;||40px||false|false&#8220; custom_padding=&#8220;||||false|false&#8220; title_2_font_size_tablet=&#8220;30px&#8220; title_2_font_size_phone=&#8220;24px&#8220; title_2_font_size_last_edited=&#8220;on|phone&#8220;][\/et_pb_fullwidth_header][\/et_pb_section][et_pb_section fb_built=&#8220;1&#8243; _builder_version=&#8220;4.5.0&#8243; custom_padding=&#8220;0px||60px||false|false&#8220;][et_pb_row column_structure=&#8220;3_5,2_5&#8243; disabled_on=&#8220;off|off|off&#8220; _builder_version=&#8220;4.5.0&#8243; custom_padding=&#8220;||50px||false|false&#8220; locked=&#8220;off&#8220;][et_pb_column type=&#8220;3_5&#8243; _builder_version=&#8220;3.25&#8243; custom_padding=&#8220;|||&#8220; custom_padding__hover=&#8220;|||&#8220;][et_pb_text _builder_version=&#8220;4.5.0&#8243; text_font_size=&#8220;16px&#8220; text_line_height=&#8220;1.9em&#8220; header_font=&#8220;|300|||||||&#8220; header_2_font=&#8220;Open Sans|600|||||||&#8220; header_2_font_size=&#8220;35px&#8220; header_2_line_height=&#8220;1.5em&#8220; custom_margin=&#8220;||0px||false|false&#8220; custom_padding=&#8220;|||&#8220; custom_padding_tablet=&#8220;&#8220; custom_padding_phone=&#8220;&#8220; custom_padding_last_edited=&#8220;on|desktop&#8220; header_2_font_size_tablet=&#8220;30px&#8220; locked=&#8220;off&#8220;]<h2 style=\"text-align: left;\">euFRAME<\/h2>[\/et_pb_text][et_pb_text _builder_version=&#8220;4.6.5&#8243; text_font=&#8220;Open Sans||||||||&#8220; text_font_size=&#8220;16px&#8220; header_font=&#8220;Open Sans||||||||&#8220; custom_margin=&#8220;|||0px|false|false&#8220; custom_padding=&#8220;|20px|||false|false&#8220;]<div class=\"column mcb-column one column_column\">\n<div class=\"column_attr clearfix\" style=\"text-align: left;\">\n<div class=\"column mcb-column one column_column column-margin-50px\">\n<div class=\"column_attr clearfix\" style=\"text-align: left;\"><span class=\"h5like themecolor\" style=\"color: #32cb00;\">Das Panel euFRAME mit einer Steuerungsapplikation die Kontrolle des System eines intelligenten Geb\u00e4udes (z. B. Beleuchtung, Klimaanlage, Rekuperation, Tore, Rolll\u00e4den, Alarm) und die Darstellung von Informationen in \u00f6ffentlichen Geb\u00e4uden \u2013 Raumnamen, Themen und Pl\u00e4ne von Meetings, Reservierungen.\u200b<\/span><\/div>\n<\/div>\n<\/div>\n<\/div>\n<div class=\"column mcb-column one-second column_column\"><\/div>[\/et_pb_text][\/et_pb_column][et_pb_column type=&#8220;2_5&#8243; _builder_version=&#8220;3.25&#8243; custom_padding=&#8220;|||&#8220; custom_padding__hover=&#8220;|||&#8220;][et_pb_image src=&#8220;https:\/\/www.eutonomy.com\/wp-content\/uploads\/2020\/06\/euFRAME_-SandwhiteFibaro-Rozmiar-oryginalny-scaled.jpg&#8220; alt=&#8220;euFRAME&#8220; title_text=&#8220;euFRAME&#8220; _builder_version=&#8220;4.4.8&#8243; animation_style=&#8220;fade&#8220; transform_styles__hover_enabled=&#8220;on|hover&#8220; transform_scale__hover_enabled=&#8220;on|hover&#8220; transform_translate__hover_enabled=&#8220;on|desktop&#8220; transform_rotate__hover_enabled=&#8220;on|desktop&#8220; transform_skew__hover_enabled=&#8220;on|desktop&#8220; transform_origin__hover_enabled=&#8220;on|desktop&#8220; transform_scale__hover=&#8220;110%|110%&#8220;][\/et_pb_image][\/et_pb_column][\/et_pb_row][et_pb_row disabled_on=&#8220;off|off|off&#8220; _builder_version=&#8220;4.5.0&#8243; custom_padding=&#8220;3px|50px|0px||false|false&#8220; locked=&#8220;off&#8220;][et_pb_column type=&#8220;4_4&#8243; _builder_version=&#8220;3.25&#8243; custom_padding=&#8220;|||&#8220; custom_padding__hover=&#8220;|||&#8220;][et_pb_text _builder_version=&#8220;4.6.5&#8243; header_font=&#8220;|300|||||||&#8220; custom_margin=&#8220;|||0px|false|false&#8220; custom_padding=&#8220;|0px||0px|false|false&#8220;]<div class=\"column mcb-column one column_column\">\n<div class=\"column_attr clearfix\" style=\"text-align: left;\">\n<div class=\"column mcb-column one column_column column-margin-50px\">\n<div class=\"column_attr clearfix\">\n<p class=\"Normalny\" style=\"text-align: left;\"><span class=\"tm5\">Stellen Sie sich vor, Sie wollen die auf Ihrem Smartphone oder Tablet installierte App verwenden, aber wenn Sie die Jalousien herunterlassen oder die Raumtemperatur \u00e4ndern m\u00f6chten, ist die Batterie des f\u00fcr die Systemverwaltung verwendeten Tablets entladen oder ihre Kindern spielen damit. <\/span><\/p>\n<p class=\"Normalny\" style=\"text-align: left;\">Bei der Entwicklung von euFRAME haben wir dieses Problem gel\u00f6st. Durch die Platzierung eines Tablets mit der Applikation Smart Home im Panel euFRAME befindet sich die Station der intelligenten Geb\u00e4udeverwaltung immer an einem festen, abgestimmten Standort.<\/p>\n<p class=\"Normalny\" style=\"text-align: left;\">Von nun an k\u00f6nnen Sie Ihr Smart Home bequem und schnell steuern.<\/p>\n<p class=\"Normalny\" style=\"text-align: left;\">Das Panel ist f\u00fcr den Einsatz in H\u00e4usern, Wohnh\u00e4usern, Appartements, Wohnungen sowie und Hotels, Schulungs- und Konferenzr\u00e4umen bestimmt.<\/p>\n<\/div>\n<\/div>\n<\/div>\n<\/div>[\/et_pb_text][et_pb_button button_url=&#8220;https:\/\/www.eutonomy.com\/de\/products\/de-euframe\/&#8220; button_text=&#8220;Detaillierte Informationen&#8220; _builder_version=&#8220;4.6.5&#8243; button_border_color=&#8220;rgba(0,0,0,0)&#8220; button_letter_spacing=&#8220;0px&#8220; custom_margin=&#8220;|||-1px||&#8220; button_border_radius__hover=&#8220;100px&#8220; button_border_radius__hover_enabled=&#8220;on|hover&#8220;][\/et_pb_button][\/et_pb_column][\/et_pb_row][\/et_pb_section][et_pb_section fb_built=&#8220;1&#8243; _builder_version=&#8220;4.5.0&#8243; background_image=&#8220;https:\/\/www.eutonomy.com\/wp-content\/uploads\/2020\/05\/euFRAME-1835-300DPI_Pani-na-TV-1-scaled.jpg&#8220; height=&#8220;320px&#8220; height_tablet=&#8220;&#8220; height_phone=&#8220;&#8220; height_last_edited=&#8220;on|desktop&#8220; locked=&#8220;off&#8220;][\/et_pb_section][et_pb_section fb_built=&#8220;1&#8243; _builder_version=&#8220;4.5.0&#8243; custom_padding=&#8220;0px||60px||false|false&#8220;][et_pb_row column_structure=&#8220;3_5,2_5&#8243; disabled_on=&#8220;off|off|off&#8220; _builder_version=&#8220;4.5.0&#8243; custom_padding=&#8220;||40px||false|false&#8220; locked=&#8220;off&#8220;][et_pb_column type=&#8220;3_5&#8243; _builder_version=&#8220;3.25&#8243; custom_padding=&#8220;|||&#8220; custom_padding__hover=&#8220;|||&#8220;][et_pb_text _builder_version=&#8220;4.5.0&#8243; text_font=&#8220;||||||||&#8220; text_font_size=&#8220;16px&#8220; text_line_height=&#8220;1.9em&#8220; header_2_font=&#8220;Open Sans|600|||||||&#8220; header_2_font_size=&#8220;35px&#8220; header_2_line_height=&#8220;1.5em&#8220; custom_margin=&#8220;||0px||false|false&#8220; custom_padding=&#8220;|||&#8220; custom_padding_tablet=&#8220;&#8220; custom_padding_phone=&#8220;&#8220; custom_padding_last_edited=&#8220;on|desktop&#8220; header_2_font_size_tablet=&#8220;30px&#8220; locked=&#8220;off&#8220;]<h2 style=\"text-align: left;\">euFIX<\/h2>[\/et_pb_text][et_pb_text _builder_version=&#8220;4.6.5&#8243; text_font=&#8220;Open Sans||||||||&#8220; text_font_size=&#8220;16px&#8220; header_font=&#8220;Open Sans||||||||&#8220; custom_margin=&#8220;|||0px|false|false&#8220;]<div class=\"column mcb-column one column_column\">\n<div class=\"column_attr clearfix\" style=\"text-align: left;\">\n<div class=\"column mcb-column one column_column column-margin-50px\">\n<div class=\"column_attr clearfix\" style=\"text-align: justify;\"><span class=\"h5like themecolor\" style=\"color: #32cb00;\">Adapter f\u00fcr DIN-Schiene TH35 f\u00fcr FIBARO-Module.<\/span><\/div>\n<\/div>\n<\/div>\n<\/div>\n<div class=\"column mcb-column one-second column_column\"><\/div>[\/et_pb_text][\/et_pb_column][et_pb_column type=&#8220;2_5&#8243; _builder_version=&#8220;3.25&#8243; custom_padding=&#8220;|||&#8220; custom_padding__hover=&#8220;|||&#8220;][et_pb_image src=&#8220;https:\/\/www.eutonomy.com\/wp-content\/uploads\/2020\/05\/euFIX_prod2.png&#8220; alt=&#8220;euFIX&#8220; title_text=&#8220;euFIX&#8220; _builder_version=&#8220;4.4.8&#8243; animation_style=&#8220;fade&#8220; transform_styles__hover_enabled=&#8220;on|hover&#8220; transform_scale__hover_enabled=&#8220;on|hover&#8220; transform_translate__hover_enabled=&#8220;on|desktop&#8220; transform_rotate__hover_enabled=&#8220;on|desktop&#8220; transform_skew__hover_enabled=&#8220;on|desktop&#8220; transform_origin__hover_enabled=&#8220;on|desktop&#8220; transform_scale__hover=&#8220;110%|110%&#8220;][\/et_pb_image][\/et_pb_column][\/et_pb_row][et_pb_row disabled_on=&#8220;off|off|off&#8220; _builder_version=&#8220;4.5.0&#8243; custom_padding=&#8220;3px||40px||false|false&#8220; locked=&#8220;off&#8220;][et_pb_column type=&#8220;4_4&#8243; _builder_version=&#8220;3.25&#8243; custom_padding=&#8220;|||&#8220; custom_padding__hover=&#8220;|||&#8220;][et_pb_text _builder_version=&#8220;4.6.5&#8243; header_font=&#8220;|300|||||||&#8220; custom_margin=&#8220;|0px||0px|false|false&#8220; custom_padding=&#8220;||||false|false&#8220;]<p style=\"text-align: left;\"><b>Suchen Sie nach einer L\u00f6sung, um FIBARO-Module fachgerecht auf einer DIN TH35-Schiene (TS35) zu installieren?<\/b><br>euFIX sind Adapter f\u00fcr FIBARO-Module. Sie sind hilfreich bei der Installation und beim Service des Systems, das die Montage der FIBARO-Module in einem Schaltschrank erfordert.<\/p>\n<p style=\"text-align: left;\"><span><\/span><\/p>\n<p style=\"text-align: left;\"><span><b>Dedizierte euFIX-Adapter f\u00fcr verschiedene FIBARO-Module<\/b><br>euFIX ist f\u00fcr die folgenden FIBARO-Module verf\u00fcgbar: FGD-212 FGR-223 FGS-213 FGBHS-213 FGS-214 FGS-223 FGS-224<br><\/span><\/p>\n<p style=\"text-align: left;\"><span><\/span><\/p>\n<p style=\"text-align: left;\"><span><b>Ihre Wahl: Sie m\u00f6chten eine Version mit oder ohne Schalttasten<\/b><br>Alle euFIX-Adapter sind in 2 Versionen erh\u00e4ltlich: mit und ohne Tasten.<\/span><\/p>[\/et_pb_text][et_pb_button button_url=&#8220;https:\/\/www.eutonomy.com\/de\/products\/de-eufix\/&#8220; button_text=&#8220;Detaillierte Informationen&#8220; _builder_version=&#8220;4.6.5&#8243; button_border_color=&#8220;rgba(0,0,0,0)&#8220; button_border_radius=&#8220;100px&#8220; button_letter_spacing=&#8220;0px&#8220; custom_margin=&#8220;|||2px||&#8220; button_border_radius__hover=&#8220;100px&#8220; button_border_radius__hover_enabled=&#8220;on|hover&#8220;][\/et_pb_button][\/et_pb_column][\/et_pb_row][\/et_pb_section]\n","protected":false},"excerpt":{"rendered":"<p>Panel with the control application.Adapter f\u00fcr FIBARO-Module f\u00fcr eine DIN-Schiene TH35.Innovationen und hohe Qualit\u00e4t Wir sind Experten auf dem Gebiet intelligenter H\u00e4user und B\u00fcros und entwickeln und bauen mit Leidenschaft intelligente Produkte und L\u00f6sungen. Eutonomy entwirft, konstruiert und fertigt Produkte und Systeml\u00f6sungen, um Ihr Zuhause, Ihr B\u00fcro, Ihren Arbeitsplatz, Ihre Unterhaltung und Ihre Freizeit mit [&hellip;]<\/p>\n","protected":false},"author":14,"featured_media":7443,"parent":0,"menu_order":0,"comment_status":"closed","ping_status":"closed","template":"","meta":{"_et_pb_use_builder":"on","_et_pb_old_content":"","_et_gb_content_width":"","footnotes":""},"class_list":["post-7518","page","type-page","status-publish","has-post-thumbnail","hentry"],"yoast_head":"<!-- This site is optimized with the Yoast SEO plugin v27.3 - https:\/\/yoast.com\/product\/yoast-seo-wordpress\/ -->\n<title>Produkte - Eutonomy<\/title>\n<meta name=\"description\" content=\"Dank Eutonomy wird das intelligente Geb\u00e4udesystem noch funktionaler.\" \/>\n<meta name=\"robots\" content=\"index, follow, max-snippet:-1, max-image-preview:large, max-video-preview:-1\" \/>\n<link rel=\"canonical\" href=\"https:\/\/www.eutonomy.com\/de\/products\/\" \/>\n<meta property=\"og:locale\" content=\"de_DE\" \/>\n<meta property=\"og:type\" content=\"article\" \/>\n<meta property=\"og:title\" content=\"Produkte - Eutonomy\" \/>\n<meta property=\"og:description\" content=\"Dank Eutonomy wird das intelligente Geb\u00e4udesystem noch funktionaler.\" \/>\n<meta property=\"og:url\" content=\"https:\/\/www.eutonomy.com\/de\/products\/\" \/>\n<meta property=\"og:site_name\" content=\"Eutonomy\" \/>\n<meta property=\"article:modified_time\" content=\"2021-01-18T14:34:17+00:00\" \/>\n<meta property=\"og:image\" content=\"https:\/\/www.eutonomy.com\/wp-content\/uploads\/2020\/06\/euframe_white1-1417x860-1.jpg\" \/>\n\t<meta property=\"og:image:width\" content=\"1417\" \/>\n\t<meta property=\"og:image:height\" content=\"860\" \/>\n\t<meta property=\"og:image:type\" content=\"image\/jpeg\" \/>\n<meta name=\"twitter:card\" content=\"summary_large_image\" \/>\n<meta name=\"twitter:label1\" content=\"Gesch\u00e4tzte Lesezeit\" \/>\n\t<meta name=\"twitter:data1\" content=\"9\u00a0Minuten\" \/>\n<script type=\"application\/ld+json\" class=\"yoast-schema-graph\">{\"@context\":\"https:\\\/\\\/schema.org\",\"@graph\":[{\"@type\":\"WebPage\",\"@id\":\"https:\\\/\\\/www.eutonomy.com\\\/de\\\/products\\\/\",\"url\":\"https:\\\/\\\/www.eutonomy.com\\\/de\\\/products\\\/\",\"name\":\"Produkte - Eutonomy\",\"isPartOf\":{\"@id\":\"https:\\\/\\\/www.eutonomy.com\\\/fr\\\/#website\"},\"primaryImageOfPage\":{\"@id\":\"https:\\\/\\\/www.eutonomy.com\\\/de\\\/products\\\/#primaryimage\"},\"image\":{\"@id\":\"https:\\\/\\\/www.eutonomy.com\\\/de\\\/products\\\/#primaryimage\"},\"thumbnailUrl\":\"https:\\\/\\\/www.eutonomy.com\\\/wp-content\\\/uploads\\\/2020\\\/06\\\/euframe_white1-1417x860-1.jpg\",\"datePublished\":\"2020-12-06T20:13:12+00:00\",\"dateModified\":\"2021-01-18T14:34:17+00:00\",\"description\":\"Dank Eutonomy wird das intelligente Geb\u00e4udesystem noch funktionaler.\",\"breadcrumb\":{\"@id\":\"https:\\\/\\\/www.eutonomy.com\\\/de\\\/products\\\/#breadcrumb\"},\"inLanguage\":\"de\",\"potentialAction\":[{\"@type\":\"ReadAction\",\"target\":[\"https:\\\/\\\/www.eutonomy.com\\\/de\\\/products\\\/\"]}]},{\"@type\":\"ImageObject\",\"inLanguage\":\"de\",\"@id\":\"https:\\\/\\\/www.eutonomy.com\\\/de\\\/products\\\/#primaryimage\",\"url\":\"https:\\\/\\\/www.eutonomy.com\\\/wp-content\\\/uploads\\\/2020\\\/06\\\/euframe_white1-1417x860-1.jpg\",\"contentUrl\":\"https:\\\/\\\/www.eutonomy.com\\\/wp-content\\\/uploads\\\/2020\\\/06\\\/euframe_white1-1417x860-1.jpg\",\"width\":1417,\"height\":860},{\"@type\":\"BreadcrumbList\",\"@id\":\"https:\\\/\\\/www.eutonomy.com\\\/de\\\/products\\\/#breadcrumb\",\"itemListElement\":[{\"@type\":\"ListItem\",\"position\":1,\"name\":\"Strona g\u0142\u00f3wna\",\"item\":\"https:\\\/\\\/www.eutonomy.com\\\/de\\\/\"},{\"@type\":\"ListItem\",\"position\":2,\"name\":\"Produkte\"}]},{\"@type\":\"WebSite\",\"@id\":\"https:\\\/\\\/www.eutonomy.com\\\/fr\\\/#website\",\"url\":\"https:\\\/\\\/www.eutonomy.com\\\/fr\\\/\",\"name\":\"Eutonomy\",\"description\":\"\",\"potentialAction\":[{\"@type\":\"SearchAction\",\"target\":{\"@type\":\"EntryPoint\",\"urlTemplate\":\"https:\\\/\\\/www.eutonomy.com\\\/fr\\\/?s={search_term_string}\"},\"query-input\":{\"@type\":\"PropertyValueSpecification\",\"valueRequired\":true,\"valueName\":\"search_term_string\"}}],\"inLanguage\":\"de\"}]}<\/script>\n<!-- \/ Yoast SEO plugin. -->","yoast_head_json":{"title":"Produkte - Eutonomy","description":"Dank Eutonomy wird das intelligente Geb\u00e4udesystem noch funktionaler.","robots":{"index":"index","follow":"follow","max-snippet":"max-snippet:-1","max-image-preview":"max-image-preview:large","max-video-preview":"max-video-preview:-1"},"canonical":"https:\/\/www.eutonomy.com\/de\/products\/","og_locale":"de_DE","og_type":"article","og_title":"Produkte - Eutonomy","og_description":"Dank Eutonomy wird das intelligente Geb\u00e4udesystem noch funktionaler.","og_url":"https:\/\/www.eutonomy.com\/de\/products\/","og_site_name":"Eutonomy","article_modified_time":"2021-01-18T14:34:17+00:00","og_image":[{"width":1417,"height":860,"url":"https:\/\/www.eutonomy.com\/wp-content\/uploads\/2020\/06\/euframe_white1-1417x860-1.jpg","type":"image\/jpeg"}],"twitter_card":"summary_large_image","twitter_misc":{"Gesch\u00e4tzte Lesezeit":"9\u00a0Minuten"},"schema":{"@context":"https:\/\/schema.org","@graph":[{"@type":"WebPage","@id":"https:\/\/www.eutonomy.com\/de\/products\/","url":"https:\/\/www.eutonomy.com\/de\/products\/","name":"Produkte - Eutonomy","isPartOf":{"@id":"https:\/\/www.eutonomy.com\/fr\/#website"},"primaryImageOfPage":{"@id":"https:\/\/www.eutonomy.com\/de\/products\/#primaryimage"},"image":{"@id":"https:\/\/www.eutonomy.com\/de\/products\/#primaryimage"},"thumbnailUrl":"https:\/\/www.eutonomy.com\/wp-content\/uploads\/2020\/06\/euframe_white1-1417x860-1.jpg","datePublished":"2020-12-06T20:13:12+00:00","dateModified":"2021-01-18T14:34:17+00:00","description":"Dank Eutonomy wird das intelligente Geb\u00e4udesystem noch funktionaler.","breadcrumb":{"@id":"https:\/\/www.eutonomy.com\/de\/products\/#breadcrumb"},"inLanguage":"de","potentialAction":[{"@type":"ReadAction","target":["https:\/\/www.eutonomy.com\/de\/products\/"]}]},{"@type":"ImageObject","inLanguage":"de","@id":"https:\/\/www.eutonomy.com\/de\/products\/#primaryimage","url":"https:\/\/www.eutonomy.com\/wp-content\/uploads\/2020\/06\/euframe_white1-1417x860-1.jpg","contentUrl":"https:\/\/www.eutonomy.com\/wp-content\/uploads\/2020\/06\/euframe_white1-1417x860-1.jpg","width":1417,"height":860},{"@type":"BreadcrumbList","@id":"https:\/\/www.eutonomy.com\/de\/products\/#breadcrumb","itemListElement":[{"@type":"ListItem","position":1,"name":"Strona g\u0142\u00f3wna","item":"https:\/\/www.eutonomy.com\/de\/"},{"@type":"ListItem","position":2,"name":"Produkte"}]},{"@type":"WebSite","@id":"https:\/\/www.eutonomy.com\/fr\/#website","url":"https:\/\/www.eutonomy.com\/fr\/","name":"Eutonomy","description":"","potentialAction":[{"@type":"SearchAction","target":{"@type":"EntryPoint","urlTemplate":"https:\/\/www.eutonomy.com\/fr\/?s={search_term_string}"},"query-input":{"@type":"PropertyValueSpecification","valueRequired":true,"valueName":"search_term_string"}}],"inLanguage":"de"}]}},"_links":{"self":[{"href":"https:\/\/www.eutonomy.com\/de\/wp-json\/wp\/v2\/pages\/7518","targetHints":{"allow":["GET"]}}],"collection":[{"href":"https:\/\/www.eutonomy.com\/de\/wp-json\/wp\/v2\/pages"}],"about":[{"href":"https:\/\/www.eutonomy.com\/de\/wp-json\/wp\/v2\/types\/page"}],"author":[{"embeddable":true,"href":"https:\/\/www.eutonomy.com\/de\/wp-json\/wp\/v2\/users\/14"}],"replies":[{"embeddable":true,"href":"https:\/\/www.eutonomy.com\/de\/wp-json\/wp\/v2\/comments?post=7518"}],"version-history":[{"count":22,"href":"https:\/\/www.eutonomy.com\/de\/wp-json\/wp\/v2\/pages\/7518\/revisions"}],"predecessor-version":[{"id":8820,"href":"https:\/\/www.eutonomy.com\/de\/wp-json\/wp\/v2\/pages\/7518\/revisions\/8820"}],"wp:featuredmedia":[{"embeddable":true,"href":"https:\/\/www.eutonomy.com\/de\/wp-json\/wp\/v2\/media\/7443"}],"wp:attachment":[{"href":"https:\/\/www.eutonomy.com\/de\/wp-json\/wp\/v2\/media?parent=7518"}],"curies":[{"name":"wp","href":"https:\/\/api.w.org\/{rel}","templated":true}]}}