{"id":7649,"date":"2020-12-09T17:13:17","date_gmt":"2020-12-09T16:13:17","guid":{"rendered":"https:\/\/www2.eutonomy.com\/datenschutz-und-cookies-richtlinien\/"},"modified":"2024-05-28T13:34:23","modified_gmt":"2024-05-28T11:34:23","slug":"privacy-policy","status":"publish","type":"page","link":"https:\/\/www.eutonomy.com\/de\/privacy-policy\/","title":{"rendered":"Datenschutz- und Cookies-Richtlinien"},"content":{"rendered":"<p>[et_pb_section fb_built=&#8220;1&#8243; admin_label=&#8220;section&#8220; _builder_version=&#8220;4.16&#8243; global_colors_info=&#8220;{}&#8220;][et_pb_row admin_label=&#8220;row&#8220; _builder_version=&#8220;4.16&#8243; background_size=&#8220;initial&#8220; background_position=&#8220;top_left&#8220; background_repeat=&#8220;repeat&#8220; global_colors_info=&#8220;{}&#8220;][et_pb_column type=&#8220;4_4&#8243; _builder_version=&#8220;4.16&#8243; custom_padding=&#8220;|||&#8220; global_colors_info=&#8220;{}&#8220; custom_padding__hover=&#8220;|||&#8220;][et_pb_text admin_label=&#8220;Text&#8220; _builder_version=&#8220;4.16&#8243; background_size=&#8220;initial&#8220; background_position=&#8220;top_left&#8220; background_repeat=&#8220;repeat&#8220; global_colors_info=&#8220;{}&#8220;]<\/p>\n<p>\n<!-- divi:paragraph {\"translatedWithWPMLTM\":\"1\"} --><\/p>\n<p style=\"text-align: left;\">Datenschutz und Cookies Politik der Website auf den Domains und Sub-Domains von eutonomy.com und Dienstleistungen von Eutonomy zur Verf\u00fcgung gestellt<\/p>\n<p style=\"text-align: left;\">\n<p><!-- \/divi:paragraph --><\/p>\n<p style=\"text-align: left;\">ALLGEMEINE BESTIMMUNGEN<\/p>\n<p style=\"text-align: left;\">1. Das vorliegende Dokument regelt die Datenschutzrichtlinie und die Cookies-Richtlinien der Website, die auf den Domains und Unterdomains von eutonomy.com und den von Eutonomy erbrachten Dienstleistungen (nachfolgend als Website und Services bezeichnet) verwaltet wird. <strong>Eutonomy Sp. z&nbsp;o.o. Sp.K.<\/strong> \u00fcbt eine Sorgfaltspflicht aus, um die Privatsph\u00e4re der Website-Nutzer zu wahren. Durch die Nutzung der Produkte, Dienstleistungen oder Webseiten von Eutonomie akzeptieren Sie die Art und Weise, in&nbsp;der personenbezogene Daten erhoben und f\u00fcr die in&nbsp;diesem Dokument beschriebenen Zwecke verwendet werden<\/p>\n<p style=\"text-align: left;\">2. Das vorliegende Website- und Dienstleistungsdokument soll informativ sein, was bedeutet, dass es&nbsp;keine Verpflichtung f\u00fcr die Service-Empf\u00e4nger oder die Website-Kunden ist<\/p>\n<p style=\"text-align: left;\">3. Der Administrator der personenbezogenen Daten, die \u00fcber die Produkte der Website und Services gesammelt wurden, ist Eutonomy Sp. z&nbsp;o.o. Sp.K. eingetragen in&nbsp;\u0141\u00f3d\u017a, ul.&nbsp;Piotrkowska 121 \/ 3a; 90-430 \u0141\u00f3d\u017a, eingetragen in&nbsp;das Handelsregister des Landesgerichtsregisters (KRS) des Amtsgerichts \u0141\u00f3d\u017a \u015ar\u00f3dmie\u015bcie in&nbsp;\u0141\u00f3d\u017a, XX Handelsabteilung des Landesgerichtsregisters unter 0000614778, Umsatzsteuer-Identifikationsnummer: PL7252129926, E- Mail-Adresse: office@eutonomy.com<\/p>\n<p style=\"text-align: left;\">4. Die personenbezogenen Daten der Nutzer werden in&nbsp;\u00dcbereinstimmung mit dem Datenschutzgesetz vom 29. August 1997 (im&nbsp;Folgenden &#8222;Datenschutzgesetz &#8211; PDPA&#8220;), dem Gesetz vom 18. Juli 2002 \u00fcber die Bereitstellung elektronischer Dienste und dem Gesetz verarbeitet am&nbsp;25. Mai 2018 (nachstehend &#8222;RODO&#8220; genannt).<br \/>  5. 5. Der Administrator der personenbezogenen Daten muss sorgf\u00e4ltig Sorgfaltspflichten aus\u00fcben, um die Rechte der Nutzer zu sch\u00fctzen, deren Daten der Verarbeitung unterliegen und insbesondere sicherstellen, dass die Daten:<br \/> \u2022 nach dem Gesetz verarbeitet,<br \/> \u2022 gesammelt f\u00fcr die in&nbsp;diesem Dokument beschriebenen Zwecke, die im&nbsp;Einklang mit dem Gesetz sind,<br \/> \u2022 nicht einer weiteren Verarbeitung unterzogen werden, die mit den oben genannten Zwecken nicht vereinbar ist<br \/> \u2022 faktisch korrekt und genau in&nbsp;Bezug auf die Zwecke, f\u00fcr die sie verarbeitet werden,<br \/> \u2022 hinreichend sicher,<br \/> \u2022 in&nbsp;einer Weise gespeichert, die die Identifizierung der Personen erlaubt, die sie betreffen, aber nicht l\u00e4nger als es&nbsp;notwendig ist, den Zweck der Verarbeitung zu erreichen<br \/>  6. 6. Da der Administrator von personenbezogenen Daten weltweit Dienste zur Verf\u00fcgung stellt und mit Partnern auf der ganzen Welt zusammenarbeitet, steht den Partnern in&nbsp;Regionen, in&nbsp;denen Gesetze \u00fcber die Erhebung und Nutzung personenbezogener Daten vorliegen, Zugang zu den Daten unserer Kunden zur Verf\u00fcgung anders als das europ\u00e4ische Gesetz, so sollte man sich daran erinnern, dass personenbezogene Daten in&nbsp;andere L\u00e4nder, einschlie\u00dflich der Vereinigten Staaten von Amerika, \u00fcbertragen werden und durch die \u00dcbermittlung Ihrer personenbezogenen Daten die Benutzer mit solchen Transfers einverstanden sind<br \/> Eutonomy Sp. z&nbsp;o.o. Sp.K. ist sich der in&nbsp;der Datenschutzerkl\u00e4rung enthaltenen Bestimmungen des US-Handelsministeriums und der Europ\u00e4ischen Kommission bewusst, die den Unternehmen bei der \u00dcbermittlung personenbezogener Daten von der Europ\u00e4ischen Union in&nbsp;die Vereinigten Staaten Mechanismen zur Einhaltung der EU-Datenschutzanforderungen bieten<\/p>\n<p style=\"text-align: left;\">DER ZWECK UND DER UMFANG DER DATENERHEBUNG UND DER DATEN-EMPF\u00c4NGER<\/p>\n<p style=\"text-align: left;\">1. In&nbsp;jedem Fall ist der Zweck und der Umfang der vom Administrator verarbeiteten Daten auf die Ma\u00dfnahmen zur\u00fcckzuf\u00fchren, die der Service Recipient oder der Kunde bei der Nutzung der Dienste, Produkte oder Webseiten durchf\u00fchrt<br \/> Die Liste der m\u00f6glichen Zwecke der Erhebung von personenbezogenen Daten von Service Recipients oder Clients durch den Administrator umfasst:<br \/> a. Personalisierung und Anpassung unserer Hausautomation Dienstleistungen und Produkte<br \/> b.&nbsp;Verbesserung der Kundendienst, die \u00fcbermittelten Informationen helfen uns, auf die Anfragen und Bed\u00fcrfnisse der Kunden effektiver zu reagieren und bieten Unterst\u00fctzung bei der Bereitstellung von Dienstleistungen<br \/> c. Bearbeitung von Bestellungen, Gew\u00e4hrleistungsanspr\u00fcchen und Zahlungen von unseren Nutzern, unabh\u00e4ngigen H\u00e4ndlern und Distributoren.<br \/> d. Starten von Sonderangeboten, Wettbewerben, Rezensionen und anderen Funktionen<br \/> e. Durchf\u00fchren von Marktstudien \u00fcber unsere Nutzer, um unsere Marketingkampagnen und den Inhalt unserer Websites zu verbessern<br \/> f. Telefonkontakt mit den Kunden, um die Dienste zu besprechen, die die Clients nutzen, Zugang zu Ihrem Konto oder Anfragen und Fragen<br \/> g. andere Zwecke, wenn die Zustimmung erteilt wird.<br \/> h. r\u00e4sentieren gesch\u00e4ftsangebote<br \/> i. Senden des Newsletters<br \/> j. Vertragsabschluss und Erbringung von Dienstleistungen f\u00fcr die Personen, denen sie angeh\u00f6ren.<br \/> k. Direktvermarktung eigener Produkte oder Dienstleistungen des Administrators<\/p>\n<p style=\"text-align: left;\">2. Der Administrator kann die folgenden pers\u00f6nlichen Daten der Serviceempf\u00e4nger oder Kunden verarbeiten:<br \/> a. Vor- und Nachname,<br \/> b.&nbsp;Wohnadresse,<br \/> c. telefonnummer,<br \/> d. E-Mail-Adresse,<br \/> e. IP-Adresse des gekauften Ger\u00e4ts<br \/> f. Stimme Timbre (biometrische Daten),<br \/> g. Seriennummer des Ger\u00e4ts,<br \/> h. Postleitzahl<br \/> i. allgemeine Lokalisierungsdaten (Land, Stadt, Region),<br \/> j. Arten von Ger\u00e4ten f\u00fcr den Zugriff auf die Website verwendet,<br \/> k. Nutzungsstatistik (zB Nutzungszeit, Anzahl der aktiven Benutzer),<\/p>\n<p style=\"text-align: left;\">3. Die Einreichung der oben aufgef\u00fchrten personenbezogenen Daten kann erforderlich sein, um eine Verkaufsvereinbarung oder eine elektronische Dienstleistung \u00fcber Website-Vereinbarung abzuschlie\u00dfen und abzuschlie\u00dfen. ben. In&nbsp;jedem Fall wird der Umfang der Daten, die zum Abschluss einer Vereinbarung erforderlich sind, auf der Website und in&nbsp;den Website-Regeln angege<br \/> Der Administrator der personenbezogenen Daten legt fest, dass sie nach Ma\u00dfgabe des Datenschutzgesetzes die Verarbeitung personenbezogener Daten der Nutzer, deren Daten sie verwalten, an andere Unternehmen \u00fcbertragen, damit sie ihre Aufgaben in&nbsp;Bezug auf Hosting, Verwaltung, die Aufrechterhaltung und Verwaltung der Website und Dienstleistungen, sowie die Wiedergutmachung und die Bew\u00e4ltigung der Umst\u00e4nde der verbotenen Nutzung von Dienstleistungen, die elektronisch erbracht werden<\/p>\n<p style=\"text-align: left;\">PL\u00c4TZCHEN UND BETRIEBSDATEN<\/p>\n<p style=\"text-align: left;\">1. Cookies sind Textdateien, die im&nbsp;Speicher des Ger\u00e4tes gespeichert und gespeichert werden, um Webseiten zu durchsuchen (zB Personal Computer, Notebook, Tablet, Palmtop, Handy). Nachdem die Dateien auf einem Server gespeichert sind oder Server mit ihnen verbunden sind, um einen geeigneten Zugriff zu erhalten<\/p>\n<p style=\"text-align: left;\">2. Die Website und Services verwendet Cookies zum Zweck von: ein. Statistiken,<br \/> a. Statistiken,<br \/> b.&nbsp;Website und Services-Konfiguration &#8211; sie erlauben, Funktionen und Dienste auf der Website zu setzen,<br \/> c. Authentifizierung &#8211; sie k\u00f6nnen den Benutzer dar\u00fcber informieren, dass sie angemeldet sind, damit die Website entsprechende Informationen und Funktionen anzeigen kann<br \/> d. Analyse und Erforschung der Verhaltensweisen der Nutzer &#8211; Cookies erlauben das Lesen der Benutzerpr\u00e4ferenzen und durch deren Analyse die Verbesserung und Entwicklung von Produkten und Dienstleistungen. Die Informationsbeschaffung ist anonym, ohne bestimmte Benutzer zu identifizieren, es&nbsp;sei denn, der Benutzer meldet sich im&nbsp;Client-Panel an und die Einstellungen ihres Terminals erlauben eine solche Identifikation<br \/> e. Werbung &#8211; sie erm\u00f6glichen Anzeigen, die f\u00fcr die Nutzer interessanter sind und personalisiert werden k\u00f6nnen<\/p>\n<p style=\"text-align: left;\">3. Durch \u00c4ndern der Einstellungen der Software, die zum Durchsuchen der Website verwendet wird, k\u00f6nnen die Benutzer die Bedingungen f\u00fcr die Speicherung und den Zugriff auf Cookies, die von dieser Website verwendet werden, definieren, insbesondere k\u00f6nnen sie sich daf\u00fcr entscheiden, Cookies vollst\u00e4ndig zu deaktivieren<\/p>\n<p style=\"text-align: left;\">4. Man sollte sich daran erinnern, dass das L\u00f6schen oder Blockieren von Cookies dazu f\u00fchren kann, dass bestimmte Abschnitte der aktuellen Website nicht funktionieren und wie beabsichtigt angezeigt werden<\/p>\n<p style=\"text-align: left;\">5. Um die Einstellungen f\u00fcr Cookies zu \u00e4ndern, muss man die Software, die f\u00fcr das Surfen auf der Website verwendet wird, ad\u00e4quat konfigurieren. Relevante Informationen k\u00f6nnen durch Kontaktaufnahme mit der technischen Unterst\u00fctzung der Software oder ihres Lieferanten erhalten werden<\/p>\n<p style=\"text-align: left;\">6. Die \u00c4nderungen der Software, die f\u00fcr das Surfen auf der Website verwendet wird, gem\u00e4\u00df Artikel 173 Absatz 2 des Telekommunikationsgesetzes nicht zu \u00e4ndern, stellt die Zustimmung der Website dar, um Cookies f\u00fcr die oben genannten Zwecke zu verwenden<\/p>\n<p style=\"text-align: left;\">DIE GRUNDLAGE F\u00dcR DATENVERARBEITUNG<\/p>\n<p style=\"text-align: left;\">1. Die Einreichung von personenbezogenen Daten durch den Service Recipient oder den Kunden ist freiwillig. Der Administrator verarbeitet die auf der Grundlage von Artikel 23 Absatz 1 des Datenschutzgesetzes gewonnenen Daten, um:<br \/> \u2022 senden gesch\u00e4ftsangebote<br \/> \u2022 den Newsletter senden<br \/> \u2022 den Vertrag durchf\u00fchren und Dienstleistungen an Personen erbringen, die es&nbsp;betrifft<\/p>\n<p style=\"text-align: left;\">DAS RECHT ZUR KONTROLLE, ZUGANG UND MODIFIZIERUNG PERS\u00d6NLICHER DATEN<\/p>\n<p style=\"text-align: left;\">1. Der Service Recipient oder Client hat das Recht, auf den Inhalt ihrer pers\u00f6nlichen Daten zuzugreifen und zu korrigieren<\/p>\n<p style=\"text-align: left;\">2. Jede Person hat das Recht, die Verarbeitung der in&nbsp;der Datenbank des Verwalters enthaltenen Daten zu kontrollieren, insbesondere das Recht auf eine Erg\u00e4nzung, Aktualisierung, Korrektur von personenbezogenen Daten, vor\u00fcbergehende oder dauerhafte L\u00f6schung der Daten, wenn die Daten sind unvollst\u00e4ndig, veraltet, falsch oder wurden durch eine Verletzung der Handlung gesammelt oder sind nicht mehr notwendig, um den Zweck abzuschlie\u00dfen, f\u00fcr den sie gesammelt worden sind<\/p>\n<p style=\"text-align: left;\">3. Sollte der Dienstleistungsempf\u00e4nger oder der Auftraggeber seine Zustimmung zur Datenverarbeitung zur Vermarktung der eigenen Produkte oder Dienstleistungen des Verwalters erteilen, kann die Einwilligung jederzeit widerrufen werden<\/p>\n<p style=\"text-align: left;\">4. Sollte der Administrator die Daten des Dienstempf\u00e4ngers oder der Kunden zum Zwecke der Direktvermarktung der eigenen Produkte oder Dienstleistungen des Verwalters verarbeiten oder verarbeiten, so hat die Person, auf die sich die Daten beziehen, auch das Recht auf:<br \/> \u2022 eine schriftliche, motivierte Forderung nach Beendigung der personenbezogenen Datenverarbeitung aufgrund einer besonderen Situation oder zu einer Bewegung zu machen<br \/> \u2022 Einspruch gegen die Verarbeitung personenbezogener Daten zu erheben<\/p>\n<p style=\"text-align: left;\">5. Um die oben genannten Rechte aus\u00fcben zu k\u00f6nnen, kann man sich mit dem Administrator in&nbsp;Verbindung setzen, indem er&nbsp;eine entsprechende Nachricht schriftlich oder per E-Mail an die in&nbsp;den allgemeinen Bestimmungen der vorliegenden Datenschutzerkl\u00e4rung angegebene Adresse des Administrators sendet<\/p>\n<p style=\"text-align: left;\">6. Wir speichern die gesammelten Daten in&nbsp;erster Linie f\u00fcr die Bereitstellung der h\u00f6chstm\u00f6glichen Qualit\u00e4t der Dienstleistung in&nbsp;der Website und Dienstleistungen Verwaltung. Sie erlauben uns auch, Statistiken zu verwenden, die auf Benutzerverhalten basieren. Die gesammelten Daten k\u00f6nnen Dritten in&nbsp;einer Weise offen gelegt werden, die die Identifizierung der Nutzer sowie der zugelassenen Beh\u00f6rden der \u00f6ffentlichen Hand nicht erm\u00f6glicht<\/p>\n<p style=\"text-align: left;\">SCHLUSSBESTIMMUNGEN<\/p>\n<p style=\"text-align: left;\">1. Die Website und die Dienste k\u00f6nnen Links zu anderen Webseiten enthalten. Der Administrator ermutigt Sie, sobald Sie auf die anderen Seiten navigieren, sich mit den darin erzwungenen Datenschutzbestimmungen vertraut machen. Die gegenw\u00e4rtige Datenschutzerkl\u00e4rung ist nur f\u00fcr diese Website und Dienstleistungen relevant<\/p>\n<p style=\"text-align: left;\">2. Der Administrator nimmt technische und organisatorische Ma\u00dfnahmen ein, um den Schutz der verarbeiteten personenbezogenen Daten zu gew\u00e4hrleisten, die gegen bestehende Gefahren und Kategorien von Daten gesch\u00fctzt sind, die unter dem Schutz gehalten werden, insbesondere verhindert, dass die Daten an Unbefugte geteilt werden, die von benachteiligten Personen genommen werden eine Verletzung bestehender Gesetze sowie Ver\u00e4nderung, Verlust, Besch\u00e4digung oder Zerst\u00f6rung<\/p>\n<p style=\"text-align: left;\">3. Der Dienstleister beh\u00e4lt sich das Recht vor, die Datenschutzrichtlinie und die Cookies-Richtlinie zu \u00e4ndern<\/p>\n<p style=\"text-align: left;\">\n<!-- divi:paragraph {\"translatedWithWPMLTM\":\"1\"} --><\/p>\n<p style=\"text-align: left;\">\n<p><!-- \/divi:paragraph --><\/p>\n<p style=\"text-align: left;\">\n<!-- divi:paragraph {\"translatedWithWPMLTM\":\"1\"} --><\/p>\n<p style=\"text-align: left;\">\n<p><!-- \/divi:paragraph --><\/p>\n<p>[\/et_pb_text][\/et_pb_column][\/et_pb_row][et_pb_row _builder_version=&#8220;4.25.1&#8243; _module_preset=&#8220;default&#8220;][et_pb_column _builder_version=&#8220;4.25.1&#8243; _module_preset=&#8220;default&#8220; type=&#8220;4_4&#8243;][et_pb_text _builder_version=&#8220;4.25.1&#8243; _module_preset=&#8220;default&#8220; hover_enabled=&#8220;0&#8243; sticky_enabled=&#8220;0&#8243;]<\/p>\n<h3>Cookie-Richtlinie<\/h3>\n<p>[\/et_pb_text][\/et_pb_column][\/et_pb_row][et_pb_row _builder_version=&#8220;4.25.1&#8243; _module_preset=&#8220;default&#8220;][et_pb_column _builder_version=&#8220;4.25.1&#8243; _module_preset=&#8220;default&#8220; type=&#8220;4_4&#8243;][et_pb_code _builder_version=&#8220;4.25.1&#8243; _module_preset=&#8220;default&#8220; hover_enabled=&#8220;0&#8243; sticky_enabled=&#8220;0&#8243; min_height=&#8220;25px&#8220;]<script id=\"CookieDeclaration\" data-culture=\"de\"src=\"https:\/\/consent.cookiebot.com\/2200b0a4-cd0d-4ab1-97d1-e9ba1702b209\/cd.js\" type=\"text\/javascript\" async><\/script>[\/et_pb_code][\/et_pb_column][\/et_pb_row][\/et_pb_section]<\/p>\n","protected":false},"excerpt":{"rendered":"<p>Datenschutz und Cookies Politik der Website auf den Domains und Sub-Domains von eutonomy.com und Dienstleistungen von Eutonomy zur Verf\u00fcgung gestellt ALLGEMEINE BESTIMMUNGEN 1. Das vorliegende Dokument regelt die Datenschutzrichtlinie und die Cookies-Richtlinien der Website, die auf den Domains und Unterdomains von eutonomy.com und den von Eutonomy erbrachten Dienstleistungen (nachfolgend als Website und Services bezeichnet) verwaltet [&hellip;]<\/p>\n","protected":false},"author":7,"featured_media":0,"parent":0,"menu_order":0,"comment_status":"closed","ping_status":"closed","template":"","meta":{"_et_pb_use_builder":"on","_et_pb_old_content":"","_et_gb_content_width":"","footnotes":""},"class_list":["post-7649","page","type-page","status-publish","hentry"],"yoast_head":"<!-- This site is optimized with the Yoast SEO plugin v27.4 - https:\/\/yoast.com\/product\/yoast-seo-wordpress\/ -->\n<title>Datenschutz- und Cookies-Richtlinien - Eutonomy<\/title>\n<meta name=\"robots\" content=\"index, follow, max-snippet:-1, max-image-preview:large, max-video-preview:-1\" \/>\n<link rel=\"canonical\" href=\"https:\/\/www.eutonomy.com\/de\/privacy-policy\/\" \/>\n<meta property=\"og:locale\" content=\"de_DE\" \/>\n<meta property=\"og:type\" content=\"article\" \/>\n<meta property=\"og:title\" content=\"Datenschutz- und Cookies-Richtlinien - Eutonomy\" \/>\n<meta property=\"og:description\" content=\"Datenschutz und Cookies Politik der Website auf den Domains und Sub-Domains von eutonomy.com und Dienstleistungen von Eutonomy zur Verf\u00fcgung gestellt ALLGEMEINE BESTIMMUNGEN 1. Das vorliegende Dokument regelt die Datenschutzrichtlinie und die Cookies-Richtlinien der Website, die auf den Domains und Unterdomains von eutonomy.com und den von Eutonomy erbrachten Dienstleistungen (nachfolgend als Website und Services bezeichnet) verwaltet [&hellip;]\" \/>\n<meta property=\"og:url\" content=\"https:\/\/www.eutonomy.com\/de\/privacy-policy\/\" \/>\n<meta property=\"og:site_name\" content=\"Eutonomy\" \/>\n<meta property=\"article:modified_time\" content=\"2024-05-28T11:34:23+00:00\" \/>\n<meta name=\"twitter:card\" content=\"summary_large_image\" \/>\n<meta name=\"twitter:label1\" content=\"Gesch\u00e4tzte Lesezeit\" \/>\n\t<meta name=\"twitter:data1\" content=\"9\u00a0Minuten\" \/>\n<script type=\"application\/ld+json\" class=\"yoast-schema-graph\">{\"@context\":\"https:\\\/\\\/schema.org\",\"@graph\":[{\"@type\":\"WebPage\",\"@id\":\"https:\\\/\\\/www.eutonomy.com\\\/de\\\/privacy-policy\\\/\",\"url\":\"https:\\\/\\\/www.eutonomy.com\\\/de\\\/privacy-policy\\\/\",\"name\":\"Datenschutz- und Cookies-Richtlinien - Eutonomy\",\"isPartOf\":{\"@id\":\"https:\\\/\\\/www.eutonomy.com\\\/fr\\\/#website\"},\"datePublished\":\"2020-12-09T16:13:17+00:00\",\"dateModified\":\"2024-05-28T11:34:23+00:00\",\"breadcrumb\":{\"@id\":\"https:\\\/\\\/www.eutonomy.com\\\/de\\\/privacy-policy\\\/#breadcrumb\"},\"inLanguage\":\"de\",\"potentialAction\":[{\"@type\":\"ReadAction\",\"target\":[\"https:\\\/\\\/www.eutonomy.com\\\/de\\\/privacy-policy\\\/\"]}]},{\"@type\":\"BreadcrumbList\",\"@id\":\"https:\\\/\\\/www.eutonomy.com\\\/de\\\/privacy-policy\\\/#breadcrumb\",\"itemListElement\":[{\"@type\":\"ListItem\",\"position\":1,\"name\":\"Strona g\u0142\u00f3wna\",\"item\":\"https:\\\/\\\/www.eutonomy.com\\\/de\\\/\"},{\"@type\":\"ListItem\",\"position\":2,\"name\":\"Datenschutz- und Cookies-Richtlinien\"}]},{\"@type\":\"WebSite\",\"@id\":\"https:\\\/\\\/www.eutonomy.com\\\/fr\\\/#website\",\"url\":\"https:\\\/\\\/www.eutonomy.com\\\/fr\\\/\",\"name\":\"Eutonomy\",\"description\":\"\",\"potentialAction\":[{\"@type\":\"SearchAction\",\"target\":{\"@type\":\"EntryPoint\",\"urlTemplate\":\"https:\\\/\\\/www.eutonomy.com\\\/fr\\\/?s={search_term_string}\"},\"query-input\":{\"@type\":\"PropertyValueSpecification\",\"valueRequired\":true,\"valueName\":\"search_term_string\"}}],\"inLanguage\":\"de\"}]}<\/script>\n<!-- \/ Yoast SEO plugin. -->","yoast_head_json":{"title":"Datenschutz- und Cookies-Richtlinien - Eutonomy","robots":{"index":"index","follow":"follow","max-snippet":"max-snippet:-1","max-image-preview":"max-image-preview:large","max-video-preview":"max-video-preview:-1"},"canonical":"https:\/\/www.eutonomy.com\/de\/privacy-policy\/","og_locale":"de_DE","og_type":"article","og_title":"Datenschutz- und Cookies-Richtlinien - Eutonomy","og_description":"Datenschutz und Cookies Politik der Website auf den Domains und Sub-Domains von eutonomy.com und Dienstleistungen von Eutonomy zur Verf\u00fcgung gestellt ALLGEMEINE BESTIMMUNGEN 1. Das vorliegende Dokument regelt die Datenschutzrichtlinie und die Cookies-Richtlinien der Website, die auf den Domains und Unterdomains von eutonomy.com und den von Eutonomy erbrachten Dienstleistungen (nachfolgend als Website und Services bezeichnet) verwaltet [&hellip;]","og_url":"https:\/\/www.eutonomy.com\/de\/privacy-policy\/","og_site_name":"Eutonomy","article_modified_time":"2024-05-28T11:34:23+00:00","twitter_card":"summary_large_image","twitter_misc":{"Gesch\u00e4tzte Lesezeit":"9\u00a0Minuten"},"schema":{"@context":"https:\/\/schema.org","@graph":[{"@type":"WebPage","@id":"https:\/\/www.eutonomy.com\/de\/privacy-policy\/","url":"https:\/\/www.eutonomy.com\/de\/privacy-policy\/","name":"Datenschutz- und Cookies-Richtlinien - Eutonomy","isPartOf":{"@id":"https:\/\/www.eutonomy.com\/fr\/#website"},"datePublished":"2020-12-09T16:13:17+00:00","dateModified":"2024-05-28T11:34:23+00:00","breadcrumb":{"@id":"https:\/\/www.eutonomy.com\/de\/privacy-policy\/#breadcrumb"},"inLanguage":"de","potentialAction":[{"@type":"ReadAction","target":["https:\/\/www.eutonomy.com\/de\/privacy-policy\/"]}]},{"@type":"BreadcrumbList","@id":"https:\/\/www.eutonomy.com\/de\/privacy-policy\/#breadcrumb","itemListElement":[{"@type":"ListItem","position":1,"name":"Strona g\u0142\u00f3wna","item":"https:\/\/www.eutonomy.com\/de\/"},{"@type":"ListItem","position":2,"name":"Datenschutz- und Cookies-Richtlinien"}]},{"@type":"WebSite","@id":"https:\/\/www.eutonomy.com\/fr\/#website","url":"https:\/\/www.eutonomy.com\/fr\/","name":"Eutonomy","description":"","potentialAction":[{"@type":"SearchAction","target":{"@type":"EntryPoint","urlTemplate":"https:\/\/www.eutonomy.com\/fr\/?s={search_term_string}"},"query-input":{"@type":"PropertyValueSpecification","valueRequired":true,"valueName":"search_term_string"}}],"inLanguage":"de"}]}},"_links":{"self":[{"href":"https:\/\/www.eutonomy.com\/de\/wp-json\/wp\/v2\/pages\/7649","targetHints":{"allow":["GET"]}}],"collection":[{"href":"https:\/\/www.eutonomy.com\/de\/wp-json\/wp\/v2\/pages"}],"about":[{"href":"https:\/\/www.eutonomy.com\/de\/wp-json\/wp\/v2\/types\/page"}],"author":[{"embeddable":true,"href":"https:\/\/www.eutonomy.com\/de\/wp-json\/wp\/v2\/users\/7"}],"replies":[{"embeddable":true,"href":"https:\/\/www.eutonomy.com\/de\/wp-json\/wp\/v2\/comments?post=7649"}],"version-history":[{"count":4,"href":"https:\/\/www.eutonomy.com\/de\/wp-json\/wp\/v2\/pages\/7649\/revisions"}],"predecessor-version":[{"id":9802,"href":"https:\/\/www.eutonomy.com\/de\/wp-json\/wp\/v2\/pages\/7649\/revisions\/9802"}],"wp:attachment":[{"href":"https:\/\/www.eutonomy.com\/de\/wp-json\/wp\/v2\/media?parent=7649"}],"curies":[{"name":"wp","href":"https:\/\/api.w.org\/{rel}","templated":true}]}}