{"id":7891,"date":"2020-12-11T22:37:29","date_gmt":"2020-12-11T21:37:29","guid":{"rendered":"https:\/\/www2.eutonomy.com\/erklaerungen\/"},"modified":"2021-10-13T02:00:02","modified_gmt":"2021-10-13T00:00:02","slug":"ce","status":"publish","type":"page","link":"https:\/\/www.eutonomy.com\/de\/ce\/","title":{"rendered":"Erkl\u00e4rungen"},"content":{"rendered":"<p>[et_pb_section fb_built=&#8220;1&#8243; fullwidth=&#8220;on&#8220; admin_label=&#8220;Hero&#8220; _builder_version=&#8220;4.6.5&#8243; background_enable_color=&#8220;off&#8220; use_background_color_gradient=&#8220;off&#8220; background_enable_image=&#8220;off&#8220; parallax=&#8220;on&#8220; locked=&#8220;off&#8220; global_colors_info=&#8220;{}&#8220;][et_pb_fullwidth_slider use_bg_overlay=&#8220;on&#8220; bg_overlay_color=&#8220;rgba(0,0,0,0)&#8220; use_text_overlay=&#8220;off&#8220; _builder_version=&#8220;4.6.5&#8243; header_level=&#8220;h1&#8243; header_font=&#8220;Open Sans|600|||||||&#8220; header_line_height=&#8220;1.1em&#8220; body_font=&#8220;Open Sans|600|||||||&#8220; background_color=&#8220;rgba(0,0,0,0)&#8220; header_text_shadow_style=&#8220;preset3&#8243; body_text_shadow_style=&#8220;preset3&#8243; text_shadow_style=&#8220;preset3&#8243; global_colors_info=&#8220;{}&#8220;][et_pb_slide heading=&#8220;Erkl\u00e4rungen&#8220; use_bg_overlay=&#8220;on&#8220; use_text_overlay=&#8220;off&#8220; _builder_version=&#8220;4.6.5&#8243; header_font=&#8220;Open Sans|600|||||||&#8220; header_text_align=&#8220;right&#8220; header_font_size=&#8220;36px&#8220; header_line_height=&#8220;1.1em&#8220; body_text_align=&#8220;right&#8220; body_line_height=&#8220;1em&#8220; background_color=&#8220;#718792&#8243; background_enable_color=&#8220;on&#8220; background_image=&#8220;https:\/\/www.eutonomy.com\/wp-content\/uploads\/2020\/11\/Slider02_1280x768px.jpg&#8220; background_enable_image=&#8220;on&#8220; background_blend=&#8220;multiply&#8220; custom_button=&#8220;on&#8220; button_border_radius=&#8220;100px&#8220; button_alignment=&#8220;left&#8220; global_colors_info=&#8220;{}&#8220; sticky_transition=&#8220;on&#8220;]<\/p>\n<p>CE-Erkl\u00e4rungen f\u00fcr Produkte<\/p>\n<p>[\/et_pb_slide][\/et_pb_fullwidth_slider][\/et_pb_section][et_pb_section fb_built=&#8220;1&#8243; admin_label=&#8220;About Us&#8220; _builder_version=&#8220;4.6.5&#8243; custom_padding=&#8220;30px|0px|0|0px|false|false&#8220; locked=&#8220;off&#8220; global_colors_info=&#8220;{}&#8220;][et_pb_row _builder_version=&#8220;4.4.4&#8243; custom_padding=&#8220;||0px|||&#8220; animation_style=&#8220;fade&#8220; global_colors_info=&#8220;{}&#8220;][et_pb_column type=&#8220;4_4&#8243; _builder_version=&#8220;3.25&#8243; custom_padding=&#8220;|||&#8220; global_colors_info=&#8220;{}&#8220; custom_padding__hover=&#8220;|||&#8220;][et_pb_text _builder_version=&#8220;4.6.5&#8243; text_font_size=&#8220;16px&#8220; header_text_align=&#8220;center&#8220; header_font_size=&#8220;35px&#8220; header_2_font=&#8220;Open Sans|300|||||||&#8220; header_2_text_align=&#8220;center&#8220; header_2_font_size=&#8220;35px&#8220; header_3_text_align=&#8220;center&#8220; header_3_font_size=&#8220;35px&#8220; header_4_text_align=&#8220;center&#8220; header_4_font_size=&#8220;35px&#8220; header_5_text_align=&#8220;center&#8220; header_5_font_size=&#8220;35px&#8220; header_6_text_align=&#8220;center&#8220; header_6_font_size=&#8220;35px&#8220; global_colors_info=&#8220;{}&#8220;]<\/p>\n<h2 style=\"text-align: center;\">CE-Erkl\u00e4rungen f\u00fcr Produkte<\/h2>\n<p>[\/et_pb_text][et_pb_text _builder_version=&#8220;4.10.6&#8243; _module_preset=&#8220;default&#8220; hover_enabled=&#8220;0&#8243; global_colors_info=&#8220;{}&#8220; sticky_enabled=&#8220;0&#8243;]<\/p>\n<h3>euFRAME <img decoding=\"async\" src=\"https:\/\/www.eutonomy.com\/wp-content\/plugins\/sitepress-multilingual-cms\/res\/flags\/de.png\" \/><\/h3>\n<p>[\/et_pb_text][et_pb_button button_url=&#8220;\/manuals\/ce\/euFRAME_Declaration_CE_DE_01.pdf&#8220; url_new_window=&#8220;on&#8220; button_text=&#8220;euFRAME CE-Erkl\u00e4rung&#8220; button_alignment=&#8220;center&#8220; _builder_version=&#8220;4.10.6&#8243; _module_preset=&#8220;default&#8220; hover_enabled=&#8220;0&#8243; global_colors_info=&#8220;{}&#8220; sticky_enabled=&#8220;0&#8243;][\/et_pb_button][et_pb_divider color=&#8220;#718792&#8243; divider_style=&#8220;dashed&#8220; divider_position=&#8220;center&#8220; divider_weight=&#8220;0.1px&#8220; _builder_version=&#8220;4.6.5&#8243; _module_preset=&#8220;default&#8220; max_width=&#8220;52%&#8220; module_alignment=&#8220;center&#8220; global_colors_info=&#8220;{}&#8220;][\/et_pb_divider][et_pb_text _builder_version=&#8220;4.10.6&#8243; _module_preset=&#8220;default&#8220; hover_enabled=&#8220;0&#8243; global_colors_info=&#8220;{}&#8220; sticky_enabled=&#8220;0&#8243;]<\/p>\n<h3>euFIX <img decoding=\"async\" src=\"https:\/\/www.eutonomy.com\/wp-content\/plugins\/sitepress-multilingual-cms\/res\/flags\/de.png\" \/><\/h3>\n<p>[\/et_pb_text][et_pb_button button_url=&#8220;\/manuals\/ce\/euFIX_Declaration_CE_DE_03.pdf&#8220; url_new_window=&#8220;on&#8220; button_text=&#8220;euFIX CE-Erkl\u00e4rung&#8220; button_alignment=&#8220;center&#8220; _builder_version=&#8220;4.10.6&#8243; _module_preset=&#8220;default&#8220; custom_margin=&#8220;||50px|12px|false|false&#8220; custom_padding=&#8220;||||false|false&#8220; hover_enabled=&#8220;0&#8243; global_colors_info=&#8220;{}&#8220; sticky_enabled=&#8220;0&#8243;][\/et_pb_button][et_pb_divider color=&#8220;#718792&#8243; divider_style=&#8220;dashed&#8220; divider_position=&#8220;center&#8220; divider_weight=&#8220;0.1px&#8220; _builder_version=&#8220;4.6.5&#8243; _module_preset=&#8220;default&#8220; max_width=&#8220;52%&#8220; module_alignment=&#8220;center&#8220; global_colors_info=&#8220;{}&#8220;][\/et_pb_divider][et_pb_text _builder_version=&#8220;4.10.6&#8243; _module_preset=&#8220;default&#8220; hover_enabled=&#8220;0&#8243; global_colors_info=&#8220;{}&#8220; sticky_enabled=&#8220;0&#8243;]<\/p>\n<h3>euLINK <img decoding=\"async\" src=\"https:\/\/www.eutonomy.com\/wp-content\/plugins\/sitepress-multilingual-cms\/res\/flags\/de.png\" \/><\/h3>\n<p>[\/et_pb_text][et_pb_button button_url=&#8220;\/manuals\/ce\/euLINK_Declaration_CE_DE_01.pdf&#8220; url_new_window=&#8220;on&#8220; button_text=&#8220;euLINK CE-Erkl\u00e4rung&#8220; button_alignment=&#8220;center&#8220; _builder_version=&#8220;4.10.6&#8243; _module_preset=&#8220;default&#8220; custom_margin=&#8220;||50px|12px|false|false&#8220; custom_padding=&#8220;||||false|false&#8220; hover_enabled=&#8220;0&#8243; global_colors_info=&#8220;{}&#8220; sticky_enabled=&#8220;0&#8243;][\/et_pb_button][\/et_pb_column][\/et_pb_row][\/et_pb_section]<\/p>\n","protected":false},"excerpt":{"rendered":"<p>CE-Erkl\u00e4rungen f\u00fcr ProdukteCE-Erkl\u00e4rungen f\u00fcr ProdukteeuFRAME euFIX euLINK<\/p>\n","protected":false},"author":11,"featured_media":0,"parent":0,"menu_order":0,"comment_status":"closed","ping_status":"closed","template":"","meta":{"_et_pb_use_builder":"on","_et_pb_old_content":"","_et_gb_content_width":"","footnotes":""},"class_list":["post-7891","page","type-page","status-publish","hentry"],"yoast_head":"<!-- This site is optimized with the Yoast SEO plugin v27.3 - https:\/\/yoast.com\/product\/yoast-seo-wordpress\/ -->\n<title>Erkl\u00e4rungen - Eutonomy<\/title>\n<meta name=\"robots\" content=\"index, follow, max-snippet:-1, max-image-preview:large, max-video-preview:-1\" \/>\n<link rel=\"canonical\" href=\"https:\/\/www.eutonomy.com\/de\/ce\/\" \/>\n<meta property=\"og:locale\" content=\"de_DE\" \/>\n<meta property=\"og:type\" content=\"article\" \/>\n<meta property=\"og:title\" content=\"Erkl\u00e4rungen - Eutonomy\" \/>\n<meta property=\"og:description\" content=\"CE-Erkl\u00e4rungen f\u00fcr ProdukteCE-Erkl\u00e4rungen f\u00fcr ProdukteeuFRAME euFIX euLINK\" \/>\n<meta property=\"og:url\" content=\"https:\/\/www.eutonomy.com\/de\/ce\/\" \/>\n<meta property=\"og:site_name\" content=\"Eutonomy\" \/>\n<meta property=\"article:modified_time\" content=\"2021-10-13T00:00:02+00:00\" \/>\n<meta property=\"og:image\" content=\"https:\/\/www.eutonomy.com\/wp-content\/plugins\/sitepress-multilingual-cms\/res\/flags\/de.png\" \/>\n<meta name=\"twitter:card\" content=\"summary_large_image\" \/>\n<meta name=\"twitter:label1\" content=\"Gesch\u00e4tzte Lesezeit\" \/>\n\t<meta name=\"twitter:data1\" content=\"3\u00a0Minuten\" \/>\n<script type=\"application\/ld+json\" class=\"yoast-schema-graph\">{\"@context\":\"https:\\\/\\\/schema.org\",\"@graph\":[{\"@type\":\"WebPage\",\"@id\":\"https:\\\/\\\/www.eutonomy.com\\\/de\\\/ce\\\/\",\"url\":\"https:\\\/\\\/www.eutonomy.com\\\/de\\\/ce\\\/\",\"name\":\"Erkl\u00e4rungen - Eutonomy\",\"isPartOf\":{\"@id\":\"https:\\\/\\\/www.eutonomy.com\\\/fr\\\/#website\"},\"primaryImageOfPage\":{\"@id\":\"https:\\\/\\\/www.eutonomy.com\\\/de\\\/ce\\\/#primaryimage\"},\"image\":{\"@id\":\"https:\\\/\\\/www.eutonomy.com\\\/de\\\/ce\\\/#primaryimage\"},\"thumbnailUrl\":\"https:\\\/\\\/www.eutonomy.com\\\/wp-content\\\/plugins\\\/sitepress-multilingual-cms\\\/res\\\/flags\\\/de.png\",\"datePublished\":\"2020-12-11T21:37:29+00:00\",\"dateModified\":\"2021-10-13T00:00:02+00:00\",\"breadcrumb\":{\"@id\":\"https:\\\/\\\/www.eutonomy.com\\\/de\\\/ce\\\/#breadcrumb\"},\"inLanguage\":\"de\",\"potentialAction\":[{\"@type\":\"ReadAction\",\"target\":[\"https:\\\/\\\/www.eutonomy.com\\\/de\\\/ce\\\/\"]}]},{\"@type\":\"ImageObject\",\"inLanguage\":\"de\",\"@id\":\"https:\\\/\\\/www.eutonomy.com\\\/de\\\/ce\\\/#primaryimage\",\"url\":\"https:\\\/\\\/www.eutonomy.com\\\/wp-content\\\/plugins\\\/sitepress-multilingual-cms\\\/res\\\/flags\\\/de.png\",\"contentUrl\":\"https:\\\/\\\/www.eutonomy.com\\\/wp-content\\\/plugins\\\/sitepress-multilingual-cms\\\/res\\\/flags\\\/de.png\"},{\"@type\":\"BreadcrumbList\",\"@id\":\"https:\\\/\\\/www.eutonomy.com\\\/de\\\/ce\\\/#breadcrumb\",\"itemListElement\":[{\"@type\":\"ListItem\",\"position\":1,\"name\":\"Strona g\u0142\u00f3wna\",\"item\":\"https:\\\/\\\/www.eutonomy.com\\\/de\\\/\"},{\"@type\":\"ListItem\",\"position\":2,\"name\":\"Erkl\u00e4rungen\"}]},{\"@type\":\"WebSite\",\"@id\":\"https:\\\/\\\/www.eutonomy.com\\\/fr\\\/#website\",\"url\":\"https:\\\/\\\/www.eutonomy.com\\\/fr\\\/\",\"name\":\"Eutonomy\",\"description\":\"\",\"potentialAction\":[{\"@type\":\"SearchAction\",\"target\":{\"@type\":\"EntryPoint\",\"urlTemplate\":\"https:\\\/\\\/www.eutonomy.com\\\/fr\\\/?s={search_term_string}\"},\"query-input\":{\"@type\":\"PropertyValueSpecification\",\"valueRequired\":true,\"valueName\":\"search_term_string\"}}],\"inLanguage\":\"de\"}]}<\/script>\n<!-- \/ Yoast SEO plugin. -->","yoast_head_json":{"title":"Erkl\u00e4rungen - Eutonomy","robots":{"index":"index","follow":"follow","max-snippet":"max-snippet:-1","max-image-preview":"max-image-preview:large","max-video-preview":"max-video-preview:-1"},"canonical":"https:\/\/www.eutonomy.com\/de\/ce\/","og_locale":"de_DE","og_type":"article","og_title":"Erkl\u00e4rungen - Eutonomy","og_description":"CE-Erkl\u00e4rungen f\u00fcr ProdukteCE-Erkl\u00e4rungen f\u00fcr ProdukteeuFRAME euFIX euLINK","og_url":"https:\/\/www.eutonomy.com\/de\/ce\/","og_site_name":"Eutonomy","article_modified_time":"2021-10-13T00:00:02+00:00","og_image":[{"url":"https:\/\/www.eutonomy.com\/wp-content\/plugins\/sitepress-multilingual-cms\/res\/flags\/de.png","type":"","width":"","height":""}],"twitter_card":"summary_large_image","twitter_misc":{"Gesch\u00e4tzte Lesezeit":"3\u00a0Minuten"},"schema":{"@context":"https:\/\/schema.org","@graph":[{"@type":"WebPage","@id":"https:\/\/www.eutonomy.com\/de\/ce\/","url":"https:\/\/www.eutonomy.com\/de\/ce\/","name":"Erkl\u00e4rungen - Eutonomy","isPartOf":{"@id":"https:\/\/www.eutonomy.com\/fr\/#website"},"primaryImageOfPage":{"@id":"https:\/\/www.eutonomy.com\/de\/ce\/#primaryimage"},"image":{"@id":"https:\/\/www.eutonomy.com\/de\/ce\/#primaryimage"},"thumbnailUrl":"https:\/\/www.eutonomy.com\/wp-content\/plugins\/sitepress-multilingual-cms\/res\/flags\/de.png","datePublished":"2020-12-11T21:37:29+00:00","dateModified":"2021-10-13T00:00:02+00:00","breadcrumb":{"@id":"https:\/\/www.eutonomy.com\/de\/ce\/#breadcrumb"},"inLanguage":"de","potentialAction":[{"@type":"ReadAction","target":["https:\/\/www.eutonomy.com\/de\/ce\/"]}]},{"@type":"ImageObject","inLanguage":"de","@id":"https:\/\/www.eutonomy.com\/de\/ce\/#primaryimage","url":"https:\/\/www.eutonomy.com\/wp-content\/plugins\/sitepress-multilingual-cms\/res\/flags\/de.png","contentUrl":"https:\/\/www.eutonomy.com\/wp-content\/plugins\/sitepress-multilingual-cms\/res\/flags\/de.png"},{"@type":"BreadcrumbList","@id":"https:\/\/www.eutonomy.com\/de\/ce\/#breadcrumb","itemListElement":[{"@type":"ListItem","position":1,"name":"Strona g\u0142\u00f3wna","item":"https:\/\/www.eutonomy.com\/de\/"},{"@type":"ListItem","position":2,"name":"Erkl\u00e4rungen"}]},{"@type":"WebSite","@id":"https:\/\/www.eutonomy.com\/fr\/#website","url":"https:\/\/www.eutonomy.com\/fr\/","name":"Eutonomy","description":"","potentialAction":[{"@type":"SearchAction","target":{"@type":"EntryPoint","urlTemplate":"https:\/\/www.eutonomy.com\/fr\/?s={search_term_string}"},"query-input":{"@type":"PropertyValueSpecification","valueRequired":true,"valueName":"search_term_string"}}],"inLanguage":"de"}]}},"_links":{"self":[{"href":"https:\/\/www.eutonomy.com\/de\/wp-json\/wp\/v2\/pages\/7891","targetHints":{"allow":["GET"]}}],"collection":[{"href":"https:\/\/www.eutonomy.com\/de\/wp-json\/wp\/v2\/pages"}],"about":[{"href":"https:\/\/www.eutonomy.com\/de\/wp-json\/wp\/v2\/types\/page"}],"author":[{"embeddable":true,"href":"https:\/\/www.eutonomy.com\/de\/wp-json\/wp\/v2\/users\/11"}],"replies":[{"embeddable":true,"href":"https:\/\/www.eutonomy.com\/de\/wp-json\/wp\/v2\/comments?post=7891"}],"version-history":[{"count":19,"href":"https:\/\/www.eutonomy.com\/de\/wp-json\/wp\/v2\/pages\/7891\/revisions"}],"predecessor-version":[{"id":9443,"href":"https:\/\/www.eutonomy.com\/de\/wp-json\/wp\/v2\/pages\/7891\/revisions\/9443"}],"wp:attachment":[{"href":"https:\/\/www.eutonomy.com\/de\/wp-json\/wp\/v2\/media?parent=7891"}],"curies":[{"name":"wp","href":"https:\/\/api.w.org\/{rel}","templated":true}]}}