{"id":7420,"date":"2020-11-30T15:32:58","date_gmt":"2020-11-30T14:32:58","guid":{"rendered":"https:\/\/www2.eutonomy.com\/contact\/"},"modified":"2022-07-30T19:21:34","modified_gmt":"2022-07-30T17:21:34","slug":"contact","status":"publish","type":"page","link":"https:\/\/www.eutonomy.com\/fr\/contact\/","title":{"rendered":"Contact"},"content":{"rendered":"<p>[et_pb_section fb_built=\u00a0\u00bb1&Prime; fullwidth=\u00a0\u00bbon\u00a0\u00bb admin_label=\u00a0\u00bbHero\u00a0\u00bb _builder_version=\u00a0\u00bb4.6.5&Prime; background_enable_color=\u00a0\u00bboff\u00a0\u00bb use_background_color_gradient=\u00a0\u00bboff\u00a0\u00bb background_enable_image=\u00a0\u00bboff\u00a0\u00bb parallax=\u00a0\u00bbon\u00a0\u00bb locked=\u00a0\u00bboff\u00a0\u00bb global_colors_info=\u00a0\u00bb{}\u00a0\u00bb][et_pb_fullwidth_slider use_bg_overlay=\u00a0\u00bboff\u00a0\u00bb use_text_overlay=\u00a0\u00bboff\u00a0\u00bb _builder_version=\u00a0\u00bb4.6.5&Prime; header_level=\u00a0\u00bbh1&Prime; header_font=\u00a0\u00bbOpen Sans|700|||||||\u00a0\u00bb body_font=\u00a0\u00bbOpen Sans|600|||||||\u00a0\u00bb body_text_align=\u00a0\u00bbright\u00a0\u00bb background_image=\u00a0\u00bbhttps:\/\/www.eutonomy.com\/wp-content\/uploads\/2020\/10\/Eutonomy_Slider9a_2048px.jpg\u00a0\u00bb auto=\u00a0\u00bbon\u00a0\u00bb body_text_shadow_style=\u00a0\u00bbpreset3&Prime; text_shadow_style=\u00a0\u00bbpreset3&Prime; global_colors_info=\u00a0\u00bb{}\u00a0\u00bb][et_pb_slide use_bg_overlay=\u00a0\u00bboff\u00a0\u00bb _builder_version=\u00a0\u00bb4.6.5&Prime; header_text_align=\u00a0\u00bbright\u00a0\u00bb body_text_align=\u00a0\u00bbright\u00a0\u00bb body_line_height=\u00a0\u00bb1em\u00a0\u00bb background_color=\u00a0\u00bb#718792&Prime; background_enable_color=\u00a0\u00bbon\u00a0\u00bb background_image=\u00a0\u00bbhttps:\/\/www.eutonomy.com\/wp-content\/uploads\/2020\/10\/Eutonomy_Slider9a_2048px-1.jpg\u00a0\u00bb background_enable_image=\u00a0\u00bbon\u00a0\u00bb background_blend=\u00a0\u00bbmultiply\u00a0\u00bb custom_button=\u00a0\u00bbon\u00a0\u00bb button_border_radius=\u00a0\u00bb100px\u00a0\u00bb button_alignment=\u00a0\u00bbleft\u00a0\u00bb text_shadow_style=\u00a0\u00bbpreset3&Prime; global_colors_info=\u00a0\u00bb{}\u00a0\u00bb sticky_transition=\u00a0\u00bbon\u00a0\u00bb][\/et_pb_slide][\/et_pb_fullwidth_slider][\/et_pb_section][et_pb_section fb_built=\u00a0\u00bb1&Prime; admin_label=\u00a0\u00bbContact Info\u00a0\u00bb _builder_version=\u00a0\u00bb4.5.0&Prime; background_color=\u00a0\u00bb#ffffff\u00a0\u00bb max_width=\u00a0\u00bb90%\u00a0\u00bb max_width_tablet=\u00a0\u00bb90%\u00a0\u00bb max_width_phone=\u00a0\u00bb100%\u00a0\u00bb max_width_last_edited=\u00a0\u00bbon|tablet\u00a0\u00bb module_alignment=\u00a0\u00bbright\u00a0\u00bb custom_margin=\u00a0\u00bb-4vw||||false|false\u00a0\u00bb custom_padding=\u00a0\u00bb50px||30px||false|false\u00a0\u00bb animation_direction=\u00a0\u00bbright\u00a0\u00bb border_radii=\u00a0\u00bboff|4px|||4px\u00a0\u00bb box_shadow_style=\u00a0\u00bbpreset1&Prime; global_colors_info=\u00a0\u00bb{}\u00a0\u00bb][et_pb_row column_structure=\u00a0\u00bb1_3,1_3,1_3&Prime; _builder_version=\u00a0\u00bb3.25&Prime; global_colors_info=\u00a0\u00bb{}\u00a0\u00bb][et_pb_column type=\u00a0\u00bb1_3&Prime; _builder_version=\u00a0\u00bb3.25&Prime; custom_padding=\u00a0\u00bb|||\u00a0\u00bb global_colors_info=\u00a0\u00bb{}\u00a0\u00bb custom_padding__hover=\u00a0\u00bb|||\u00a0\u00bb][et_pb_blurb title=\u00a0\u00bb+48 42 942 07 30&Prime; use_icon=\u00a0\u00bbon\u00a0\u00bb font_icon=\u00a0\u00bb%%264%%\u00a0\u00bb icon_placement=\u00a0\u00bbleft\u00a0\u00bb _builder_version=\u00a0\u00bb4.5.0&Prime; header_level=\u00a0\u00bbh6&Prime; header_font=\u00a0\u00bbOpen Sans|700|||||||\u00a0\u00bb header_text_color=\u00a0\u00bb#32cb00&Prime; header_font_size=\u00a0\u00bb16px\u00a0\u00bb header_line_height=\u00a0\u00bb1.8em\u00a0\u00bb body_font=\u00a0\u00bb||||||||\u00a0\u00bb link_option_url=\u00a0\u00bbphoneto:429420730&Prime; border_color_all=\u00a0\u00bbrgba(85,125,243,0.15)\u00a0\u00bb border_width_right=\u00a0\u00bb2px\u00a0\u00bb locked=\u00a0\u00bboff\u00a0\u00bb global_colors_info=\u00a0\u00bb{}\u00a0\u00bb][\/et_pb_blurb][\/et_pb_column][et_pb_column type=\u00a0\u00bb1_3&Prime; _builder_version=\u00a0\u00bb3.25&Prime; custom_padding=\u00a0\u00bb|||\u00a0\u00bb global_colors_info=\u00a0\u00bb{}\u00a0\u00bb custom_padding__hover=\u00a0\u00bb|||\u00a0\u00bb][et_pb_blurb title=\u00a0\u00bboffice@eutonomy.com\u00a0\u00bb use_icon=\u00a0\u00bbon\u00a0\u00bb font_icon=\u00a0\u00bb%%238%%\u00a0\u00bb icon_placement=\u00a0\u00bbleft\u00a0\u00bb _builder_version=\u00a0\u00bb4.5.0&Prime; header_level=\u00a0\u00bbh6&Prime; header_font=\u00a0\u00bbOpen Sans|700|||||||\u00a0\u00bb header_text_color=\u00a0\u00bb#32cb00&Prime; header_font_size=\u00a0\u00bb16px\u00a0\u00bb header_line_height=\u00a0\u00bb1.8em\u00a0\u00bb body_font=\u00a0\u00bb||||||||\u00a0\u00bb link_option_url=\u00a0\u00bbmailto:office@eutonomy.com\u00a0\u00bb border_color_all=\u00a0\u00bbrgba(85,125,243,0.15)\u00a0\u00bb border_width_right=\u00a0\u00bb2px\u00a0\u00bb locked=\u00a0\u00bboff\u00a0\u00bb global_colors_info=\u00a0\u00bb{}\u00a0\u00bb][\/et_pb_blurb][\/et_pb_column][et_pb_column type=\u00a0\u00bb1_3&Prime; _builder_version=\u00a0\u00bb3.25&Prime; custom_padding=\u00a0\u00bb|||\u00a0\u00bb global_colors_info=\u00a0\u00bb{}\u00a0\u00bb custom_padding__hover=\u00a0\u00bb|||\u00a0\u00bb][et_pb_blurb url_new_window=\u00a0\u00bbon\u00a0\u00bb use_icon=\u00a0\u00bbon\u00a0\u00bb font_icon=\u00a0\u00bb%%249%%\u00a0\u00bb icon_placement=\u00a0\u00bbleft\u00a0\u00bb _builder_version=\u00a0\u00bb4.5.0&Prime; header_level=\u00a0\u00bbh6&Prime; header_font=\u00a0\u00bbUbuntu|700|||||||\u00a0\u00bb header_text_color=\u00a0\u00bb#32cb00&Prime; header_font_size=\u00a0\u00bb16px\u00a0\u00bb header_line_height=\u00a0\u00bb1.8em\u00a0\u00bb body_font=\u00a0\u00bbOpen Sans|700|||||||\u00a0\u00bb body_text_color=\u00a0\u00bb#32cb00&Prime; body_font_size=\u00a0\u00bb16px\u00a0\u00bb body_line_height=\u00a0\u00bb1.2em\u00a0\u00bb link_option_url=\u00a0\u00bbhttps:\/\/goo.gl\/maps\/15nSEMPuwYKotSpr6&Prime; link_option_url_new_window=\u00a0\u00bbon\u00a0\u00bb border_color_all=\u00a0\u00bbrgba(85,125,243,0.15)\u00a0\u00bb border_width_right=\u00a0\u00bb2px\u00a0\u00bb locked=\u00a0\u00bboff\u00a0\u00bb global_colors_info=\u00a0\u00bb{}\u00a0\u00bb]<\/p>\n<p><span>Eutonomy Sp. z o.o. sp.k.<\/span><br \/> <span>ul. Piotrkowska 121\/3a<\/span><br \/> <span>90-430 \u0141\u00f3d\u017a, Polska<\/span><\/p>\n<p>[\/et_pb_blurb][\/et_pb_column][\/et_pb_row][\/et_pb_section][et_pb_section fb_built=\u00a0\u00bb1&Prime; admin_label=\u00a0\u00bbEmail and FAQ\u00a0\u00bb _builder_version=\u00a0\u00bb4.5.0&Prime; custom_padding=\u00a0\u00bb31px||31px|||\u00a0\u00bb global_colors_info=\u00a0\u00bb{}\u00a0\u00bb][et_pb_row _builder_version=\u00a0\u00bb4.4.4&Prime; custom_padding=\u00a0\u00bb||17px|||\u00a0\u00bb global_colors_info=\u00a0\u00bb{}\u00a0\u00bb][et_pb_column type=\u00a0\u00bb4_4&Prime; _builder_version=\u00a0\u00bb3.25&Prime; custom_padding=\u00a0\u00bb|||\u00a0\u00bb global_colors_info=\u00a0\u00bb{}\u00a0\u00bb custom_padding__hover=\u00a0\u00bb|||\u00a0\u00bb][et_pb_text _builder_version=\u00a0\u00bb4.5.0&Prime; text_font=\u00a0\u00bbOpen Sans||||||||\u00a0\u00bb text_font_size=\u00a0\u00bb16px\u00a0\u00bb text_line_height=\u00a0\u00bb1.8em\u00a0\u00bb header_font=\u00a0\u00bbOpen Sans|300|||||||\u00a0\u00bb header_3_font=\u00a0\u00bb|300|||||||\u00a0\u00bb header_3_font_size=\u00a0\u00bb40px\u00a0\u00bb header_3_font_size_tablet=\u00a0\u00bb35px\u00a0\u00bb header_3_font_size_phone=\u00a0\u00bb25px\u00a0\u00bb header_3_font_size_last_edited=\u00a0\u00bbon|phone\u00a0\u00bb locked=\u00a0\u00bboff\u00a0\u00bb global_colors_info=\u00a0\u00bb{}\u00a0\u00bb]<\/p>\n<h3>\u00c9crivez-nous<\/h3>\n<p>[\/et_pb_text][et_pb_contact_form email=\u00a0\u00bboffice@eutonomy.com\u00a0\u00bb submit_button_text=\u00a0\u00bbEnvoyer\u00a0\u00bb module_id=\u00a0\u00bbet_pb_contact_form_0&Prime; _builder_version=\u00a0\u00bb4.10.6&Prime; form_field_background_color=\u00a0\u00bb#f4f6f7&Prime; title_level=\u00a0\u00bbh3&Prime; title_font=\u00a0\u00bb|700|||||||\u00a0\u00bb title_font_size=\u00a0\u00bb40px\u00a0\u00bb title_line_height=\u00a0\u00bb1.2em\u00a0\u00bb captcha_line_height=\u00a0\u00bb1.2em\u00a0\u00bb form_field_font=\u00a0\u00bb||||||||\u00a0\u00bb form_field_font_size=\u00a0\u00bb16px\u00a0\u00bb form_field_line_height=\u00a0\u00bb1.9em\u00a0\u00bb custom_button=\u00a0\u00bbon\u00a0\u00bb button_text_size=\u00a0\u00bb13px\u00a0\u00bb button_bg_color=\u00a0\u00bb#32cb00&Prime; button_border_width=\u00a0\u00bb0px\u00a0\u00bb button_border_color=\u00a0\u00bb#76ff03&Prime; button_border_radius=\u00a0\u00bb100px\u00a0\u00bb button_letter_spacing=\u00a0\u00bb1px\u00a0\u00bb button_font=\u00a0\u00bbOpen Sans|600|||||||\u00a0\u00bb button_custom_margin=\u00a0\u00bb15px||15px||false|false\u00a0\u00bb button_custom_padding=\u00a0\u00bb||||false|false\u00a0\u00bb custom_margin=\u00a0\u00bb||24px|\u00a0\u00bb hover_enabled=\u00a0\u00bb0&Prime; title_font_size_tablet=\u00a0\u00bb35px\u00a0\u00bb title_font_size_phone=\u00a0\u00bb25px\u00a0\u00bb title_font_size_last_edited=\u00a0\u00bbon|phone\u00a0\u00bb border_radii=\u00a0\u00bbon|15px|15px|15px|15px\u00a0\u00bb form_background_color=\u00a0\u00bb#f4f6f7&Prime; global_colors_info=\u00a0\u00bb{}\u00a0\u00bb button_border_radius_hover=\u00a0\u00bb0px\u00a0\u00bb use_spam_service=\u00a0\u00bbon\u00a0\u00bb recaptcha_list=\u00a0\u00bbeutonomycom|eutonomycom-0&Prime; recaptcha_min_score=\u00a0\u00bb0.6&Prime; sticky_enabled=\u00a0\u00bb0&Prime;][et_pb_contact_field field_id=\u00a0\u00bbName\u00a0\u00bb field_title=\u00a0\u00bbNom\u00a0\u00bb fullwidth_field=\u00a0\u00bbon\u00a0\u00bb _builder_version=\u00a0\u00bb4.6.5&Prime; form_field_font=\u00a0\u00bb||||||||\u00a0\u00bb custom_margin=\u00a0\u00bb||24px|\u00a0\u00bb border_radii=\u00a0\u00bbon|6px|6px|6px|6px\u00a0\u00bb global_colors_info=\u00a0\u00bb{}\u00a0\u00bb button_text_size__hover_enabled=\u00a0\u00bboff\u00a0\u00bb button_one_text_size__hover_enabled=\u00a0\u00bboff\u00a0\u00bb button_two_text_size__hover_enabled=\u00a0\u00bboff\u00a0\u00bb button_text_color__hover_enabled=\u00a0\u00bboff\u00a0\u00bb button_one_text_color__hover_enabled=\u00a0\u00bboff\u00a0\u00bb button_two_text_color__hover_enabled=\u00a0\u00bboff\u00a0\u00bb button_border_width__hover_enabled=\u00a0\u00bboff\u00a0\u00bb button_one_border_width__hover_enabled=\u00a0\u00bboff\u00a0\u00bb button_two_border_width__hover_enabled=\u00a0\u00bboff\u00a0\u00bb button_border_color__hover_enabled=\u00a0\u00bboff\u00a0\u00bb button_one_border_color__hover_enabled=\u00a0\u00bboff\u00a0\u00bb button_two_border_color__hover_enabled=\u00a0\u00bboff\u00a0\u00bb button_border_radius__hover_enabled=\u00a0\u00bboff\u00a0\u00bb button_one_border_radius__hover_enabled=\u00a0\u00bboff\u00a0\u00bb button_two_border_radius__hover_enabled=\u00a0\u00bboff\u00a0\u00bb button_letter_spacing__hover_enabled=\u00a0\u00bboff\u00a0\u00bb button_one_letter_spacing__hover_enabled=\u00a0\u00bboff\u00a0\u00bb button_two_letter_spacing__hover_enabled=\u00a0\u00bboff\u00a0\u00bb button_bg_color__hover_enabled=\u00a0\u00bboff\u00a0\u00bb button_one_bg_color__hover_enabled=\u00a0\u00bboff\u00a0\u00bb button_two_bg_color__hover_enabled=\u00a0\u00bboff\u00a0\u00bb][\/et_pb_contact_field][et_pb_contact_field field_id=\u00a0\u00bbEmail\u00a0\u00bb field_title=\u00a0\u00bbAdresse e-mail\u00a0\u00bb field_type=\u00a0\u00bbemail\u00a0\u00bb fullwidth_field=\u00a0\u00bbon\u00a0\u00bb _builder_version=\u00a0\u00bb4.6.5&Prime; custom_margin=\u00a0\u00bb||24px|\u00a0\u00bb border_radii=\u00a0\u00bbon|6px|6px|6px|6px\u00a0\u00bb global_colors_info=\u00a0\u00bb{}\u00a0\u00bb button_text_size__hover_enabled=\u00a0\u00bboff\u00a0\u00bb button_one_text_size__hover_enabled=\u00a0\u00bboff\u00a0\u00bb button_two_text_size__hover_enabled=\u00a0\u00bboff\u00a0\u00bb button_text_color__hover_enabled=\u00a0\u00bboff\u00a0\u00bb button_one_text_color__hover_enabled=\u00a0\u00bboff\u00a0\u00bb button_two_text_color__hover_enabled=\u00a0\u00bboff\u00a0\u00bb button_border_width__hover_enabled=\u00a0\u00bboff\u00a0\u00bb button_one_border_width__hover_enabled=\u00a0\u00bboff\u00a0\u00bb button_two_border_width__hover_enabled=\u00a0\u00bboff\u00a0\u00bb button_border_color__hover_enabled=\u00a0\u00bboff\u00a0\u00bb button_one_border_color__hover_enabled=\u00a0\u00bboff\u00a0\u00bb button_two_border_color__hover_enabled=\u00a0\u00bboff\u00a0\u00bb button_border_radius__hover_enabled=\u00a0\u00bboff\u00a0\u00bb button_one_border_radius__hover_enabled=\u00a0\u00bboff\u00a0\u00bb button_two_border_radius__hover_enabled=\u00a0\u00bboff\u00a0\u00bb button_letter_spacing__hover_enabled=\u00a0\u00bboff\u00a0\u00bb button_one_letter_spacing__hover_enabled=\u00a0\u00bboff\u00a0\u00bb button_two_letter_spacing__hover_enabled=\u00a0\u00bboff\u00a0\u00bb button_bg_color__hover_enabled=\u00a0\u00bboff\u00a0\u00bb button_one_bg_color__hover_enabled=\u00a0\u00bboff\u00a0\u00bb button_two_bg_color__hover_enabled=\u00a0\u00bboff\u00a0\u00bb][\/et_pb_contact_field][et_pb_contact_field field_id=\u00a0\u00bbPhone\u00a0\u00bb field_title=\u00a0\u00bbNum\u00e9ro de t\u00e9l\u00e9phone\u00a0\u00bb allowed_symbols=\u00a0\u00bbnumbers\u00a0\u00bb fullwidth_field=\u00a0\u00bbon\u00a0\u00bb _builder_version=\u00a0\u00bb4.6.5&Prime; form_field_font=\u00a0\u00bb||||||||\u00a0\u00bb custom_margin=\u00a0\u00bb||24px|\u00a0\u00bb border_radii=\u00a0\u00bbon|6px|6px|6px|6px\u00a0\u00bb global_colors_info=\u00a0\u00bb{}\u00a0\u00bb button_text_size__hover_enabled=\u00a0\u00bboff\u00a0\u00bb button_one_text_size__hover_enabled=\u00a0\u00bboff\u00a0\u00bb button_two_text_size__hover_enabled=\u00a0\u00bboff\u00a0\u00bb button_text_color__hover_enabled=\u00a0\u00bboff\u00a0\u00bb button_one_text_color__hover_enabled=\u00a0\u00bboff\u00a0\u00bb button_two_text_color__hover_enabled=\u00a0\u00bboff\u00a0\u00bb button_border_width__hover_enabled=\u00a0\u00bboff\u00a0\u00bb button_one_border_width__hover_enabled=\u00a0\u00bboff\u00a0\u00bb button_two_border_width__hover_enabled=\u00a0\u00bboff\u00a0\u00bb button_border_color__hover_enabled=\u00a0\u00bboff\u00a0\u00bb button_one_border_color__hover_enabled=\u00a0\u00bboff\u00a0\u00bb button_two_border_color__hover_enabled=\u00a0\u00bboff\u00a0\u00bb button_border_radius__hover_enabled=\u00a0\u00bboff\u00a0\u00bb button_one_border_radius__hover_enabled=\u00a0\u00bboff\u00a0\u00bb button_two_border_radius__hover_enabled=\u00a0\u00bboff\u00a0\u00bb button_letter_spacing__hover_enabled=\u00a0\u00bboff\u00a0\u00bb button_one_letter_spacing__hover_enabled=\u00a0\u00bboff\u00a0\u00bb button_two_letter_spacing__hover_enabled=\u00a0\u00bboff\u00a0\u00bb button_bg_color__hover_enabled=\u00a0\u00bboff\u00a0\u00bb button_one_bg_color__hover_enabled=\u00a0\u00bboff\u00a0\u00bb button_two_bg_color__hover_enabled=\u00a0\u00bboff\u00a0\u00bb][\/et_pb_contact_field][et_pb_contact_field field_id=\u00a0\u00bbMessage\u00a0\u00bb field_title=\u00a0\u00bbMessage\u00a0\u00bb field_type=\u00a0\u00bbtext\u00a0\u00bb fullwidth_field=\u00a0\u00bbon\u00a0\u00bb _builder_version=\u00a0\u00bb4.6.5&Prime; custom_margin=\u00a0\u00bb||50px||false|false\u00a0\u00bb border_radii=\u00a0\u00bbon|6px|6px|6px|6px\u00a0\u00bb global_colors_info=\u00a0\u00bb{}\u00a0\u00bb button_text_size__hover_enabled=\u00a0\u00bboff\u00a0\u00bb button_one_text_size__hover_enabled=\u00a0\u00bboff\u00a0\u00bb button_two_text_size__hover_enabled=\u00a0\u00bboff\u00a0\u00bb button_text_color__hover_enabled=\u00a0\u00bboff\u00a0\u00bb button_one_text_color__hover_enabled=\u00a0\u00bboff\u00a0\u00bb button_two_text_color__hover_enabled=\u00a0\u00bboff\u00a0\u00bb button_border_width__hover_enabled=\u00a0\u00bboff\u00a0\u00bb button_one_border_width__hover_enabled=\u00a0\u00bboff\u00a0\u00bb button_two_border_width__hover_enabled=\u00a0\u00bboff\u00a0\u00bb button_border_color__hover_enabled=\u00a0\u00bboff\u00a0\u00bb button_one_border_color__hover_enabled=\u00a0\u00bboff\u00a0\u00bb button_two_border_color__hover_enabled=\u00a0\u00bboff\u00a0\u00bb button_border_radius__hover_enabled=\u00a0\u00bboff\u00a0\u00bb button_one_border_radius__hover_enabled=\u00a0\u00bboff\u00a0\u00bb button_two_border_radius__hover_enabled=\u00a0\u00bboff\u00a0\u00bb button_letter_spacing__hover_enabled=\u00a0\u00bboff\u00a0\u00bb button_one_letter_spacing__hover_enabled=\u00a0\u00bboff\u00a0\u00bb button_two_letter_spacing__hover_enabled=\u00a0\u00bboff\u00a0\u00bb button_bg_color__hover_enabled=\u00a0\u00bboff\u00a0\u00bb button_one_bg_color__hover_enabled=\u00a0\u00bboff\u00a0\u00bb button_two_bg_color__hover_enabled=\u00a0\u00bboff\u00a0\u00bb][\/et_pb_contact_field][\/et_pb_contact_form][\/et_pb_column][\/et_pb_row][\/et_pb_section]<\/p>\n","protected":false},"excerpt":{"rendered":"<p>Eutonomy Sp. z o.o. sp.k. ul. Piotrkowska 121\/3a 90-430 \u0141\u00f3d\u017a, Polska\u00c9crivez-nous<\/p>\n","protected":false},"author":14,"featured_media":7335,"parent":0,"menu_order":0,"comment_status":"closed","ping_status":"closed","template":"","meta":{"_et_pb_use_builder":"on","_et_pb_old_content":"","_et_gb_content_width":"","footnotes":""},"class_list":["post-7420","page","type-page","status-publish","has-post-thumbnail","hentry"],"yoast_head":"<!-- This site is optimized with the Yoast SEO plugin v27.4 - https:\/\/yoast.com\/product\/yoast-seo-wordpress\/ -->\n<title>Contact - Eutonomy<\/title>\n<meta name=\"description\" content=\"Gr\u00e2ce \u00e0 Eutonomy, le syst\u00e8me de construction intelligent devient encore plus fonctionnel.\" \/>\n<meta name=\"robots\" content=\"index, follow, max-snippet:-1, max-image-preview:large, max-video-preview:-1\" \/>\n<link rel=\"canonical\" href=\"https:\/\/www.eutonomy.com\/fr\/contact\/\" \/>\n<meta property=\"og:locale\" content=\"fr_FR\" \/>\n<meta property=\"og:type\" content=\"article\" \/>\n<meta property=\"og:title\" content=\"Contact - Eutonomy\" \/>\n<meta property=\"og:description\" content=\"Gr\u00e2ce \u00e0 Eutonomy, le syst\u00e8me de construction intelligent devient encore plus fonctionnel.\" \/>\n<meta property=\"og:url\" content=\"https:\/\/www.eutonomy.com\/fr\/contact\/\" \/>\n<meta property=\"og:site_name\" content=\"Eutonomy\" \/>\n<meta property=\"article:modified_time\" content=\"2022-07-30T17:21:34+00:00\" \/>\n<meta property=\"og:image\" content=\"https:\/\/www.eutonomy.com\/wp-content\/uploads\/2020\/06\/euframe_white1-1417x860-1.jpg\" \/>\n\t<meta property=\"og:image:width\" content=\"1417\" \/>\n\t<meta property=\"og:image:height\" content=\"860\" \/>\n\t<meta property=\"og:image:type\" content=\"image\/jpeg\" \/>\n<meta name=\"twitter:card\" content=\"summary_large_image\" \/>\n<meta name=\"twitter:label1\" content=\"Dur\u00e9e de lecture estim\u00e9e\" \/>\n\t<meta name=\"twitter:data1\" content=\"7 minutes\" \/>\n<script type=\"application\/ld+json\" class=\"yoast-schema-graph\">{\"@context\":\"https:\\\/\\\/schema.org\",\"@graph\":[{\"@type\":\"WebPage\",\"@id\":\"https:\\\/\\\/www.eutonomy.com\\\/fr\\\/contact\\\/\",\"url\":\"https:\\\/\\\/www.eutonomy.com\\\/fr\\\/contact\\\/\",\"name\":\"Contact - Eutonomy\",\"isPartOf\":{\"@id\":\"https:\\\/\\\/www.eutonomy.com\\\/fr\\\/#website\"},\"primaryImageOfPage\":{\"@id\":\"https:\\\/\\\/www.eutonomy.com\\\/fr\\\/contact\\\/#primaryimage\"},\"image\":{\"@id\":\"https:\\\/\\\/www.eutonomy.com\\\/fr\\\/contact\\\/#primaryimage\"},\"thumbnailUrl\":\"https:\\\/\\\/www.eutonomy.com\\\/wp-content\\\/uploads\\\/2020\\\/06\\\/euframe_white1-1417x860-1.jpg\",\"datePublished\":\"2020-11-30T14:32:58+00:00\",\"dateModified\":\"2022-07-30T17:21:34+00:00\",\"description\":\"Gr\u00e2ce \u00e0 Eutonomy, le syst\u00e8me de construction intelligent devient encore plus fonctionnel.\",\"breadcrumb\":{\"@id\":\"https:\\\/\\\/www.eutonomy.com\\\/fr\\\/contact\\\/#breadcrumb\"},\"inLanguage\":\"fr-FR\",\"potentialAction\":[{\"@type\":\"ReadAction\",\"target\":[\"https:\\\/\\\/www.eutonomy.com\\\/fr\\\/contact\\\/\"]}]},{\"@type\":\"ImageObject\",\"inLanguage\":\"fr-FR\",\"@id\":\"https:\\\/\\\/www.eutonomy.com\\\/fr\\\/contact\\\/#primaryimage\",\"url\":\"https:\\\/\\\/www.eutonomy.com\\\/wp-content\\\/uploads\\\/2020\\\/06\\\/euframe_white1-1417x860-1.jpg\",\"contentUrl\":\"https:\\\/\\\/www.eutonomy.com\\\/wp-content\\\/uploads\\\/2020\\\/06\\\/euframe_white1-1417x860-1.jpg\",\"width\":1417,\"height\":860},{\"@type\":\"BreadcrumbList\",\"@id\":\"https:\\\/\\\/www.eutonomy.com\\\/fr\\\/contact\\\/#breadcrumb\",\"itemListElement\":[{\"@type\":\"ListItem\",\"position\":1,\"name\":\"Strona g\u0142\u00f3wna\",\"item\":\"https:\\\/\\\/www.eutonomy.com\\\/fr\\\/\"},{\"@type\":\"ListItem\",\"position\":2,\"name\":\"Contact\"}]},{\"@type\":\"WebSite\",\"@id\":\"https:\\\/\\\/www.eutonomy.com\\\/fr\\\/#website\",\"url\":\"https:\\\/\\\/www.eutonomy.com\\\/fr\\\/\",\"name\":\"Eutonomy\",\"description\":\"\",\"potentialAction\":[{\"@type\":\"SearchAction\",\"target\":{\"@type\":\"EntryPoint\",\"urlTemplate\":\"https:\\\/\\\/www.eutonomy.com\\\/fr\\\/?s={search_term_string}\"},\"query-input\":{\"@type\":\"PropertyValueSpecification\",\"valueRequired\":true,\"valueName\":\"search_term_string\"}}],\"inLanguage\":\"fr-FR\"}]}<\/script>\n<!-- \/ Yoast SEO plugin. -->","yoast_head_json":{"title":"Contact - Eutonomy","description":"Gr\u00e2ce \u00e0 Eutonomy, le syst\u00e8me de construction intelligent devient encore plus fonctionnel.","robots":{"index":"index","follow":"follow","max-snippet":"max-snippet:-1","max-image-preview":"max-image-preview:large","max-video-preview":"max-video-preview:-1"},"canonical":"https:\/\/www.eutonomy.com\/fr\/contact\/","og_locale":"fr_FR","og_type":"article","og_title":"Contact - Eutonomy","og_description":"Gr\u00e2ce \u00e0 Eutonomy, le syst\u00e8me de construction intelligent devient encore plus fonctionnel.","og_url":"https:\/\/www.eutonomy.com\/fr\/contact\/","og_site_name":"Eutonomy","article_modified_time":"2022-07-30T17:21:34+00:00","og_image":[{"width":1417,"height":860,"url":"https:\/\/www.eutonomy.com\/wp-content\/uploads\/2020\/06\/euframe_white1-1417x860-1.jpg","type":"image\/jpeg"}],"twitter_card":"summary_large_image","twitter_misc":{"Dur\u00e9e de lecture estim\u00e9e":"7 minutes"},"schema":{"@context":"https:\/\/schema.org","@graph":[{"@type":"WebPage","@id":"https:\/\/www.eutonomy.com\/fr\/contact\/","url":"https:\/\/www.eutonomy.com\/fr\/contact\/","name":"Contact - Eutonomy","isPartOf":{"@id":"https:\/\/www.eutonomy.com\/fr\/#website"},"primaryImageOfPage":{"@id":"https:\/\/www.eutonomy.com\/fr\/contact\/#primaryimage"},"image":{"@id":"https:\/\/www.eutonomy.com\/fr\/contact\/#primaryimage"},"thumbnailUrl":"https:\/\/www.eutonomy.com\/wp-content\/uploads\/2020\/06\/euframe_white1-1417x860-1.jpg","datePublished":"2020-11-30T14:32:58+00:00","dateModified":"2022-07-30T17:21:34+00:00","description":"Gr\u00e2ce \u00e0 Eutonomy, le syst\u00e8me de construction intelligent devient encore plus fonctionnel.","breadcrumb":{"@id":"https:\/\/www.eutonomy.com\/fr\/contact\/#breadcrumb"},"inLanguage":"fr-FR","potentialAction":[{"@type":"ReadAction","target":["https:\/\/www.eutonomy.com\/fr\/contact\/"]}]},{"@type":"ImageObject","inLanguage":"fr-FR","@id":"https:\/\/www.eutonomy.com\/fr\/contact\/#primaryimage","url":"https:\/\/www.eutonomy.com\/wp-content\/uploads\/2020\/06\/euframe_white1-1417x860-1.jpg","contentUrl":"https:\/\/www.eutonomy.com\/wp-content\/uploads\/2020\/06\/euframe_white1-1417x860-1.jpg","width":1417,"height":860},{"@type":"BreadcrumbList","@id":"https:\/\/www.eutonomy.com\/fr\/contact\/#breadcrumb","itemListElement":[{"@type":"ListItem","position":1,"name":"Strona g\u0142\u00f3wna","item":"https:\/\/www.eutonomy.com\/fr\/"},{"@type":"ListItem","position":2,"name":"Contact"}]},{"@type":"WebSite","@id":"https:\/\/www.eutonomy.com\/fr\/#website","url":"https:\/\/www.eutonomy.com\/fr\/","name":"Eutonomy","description":"","potentialAction":[{"@type":"SearchAction","target":{"@type":"EntryPoint","urlTemplate":"https:\/\/www.eutonomy.com\/fr\/?s={search_term_string}"},"query-input":{"@type":"PropertyValueSpecification","valueRequired":true,"valueName":"search_term_string"}}],"inLanguage":"fr-FR"}]}},"_links":{"self":[{"href":"https:\/\/www.eutonomy.com\/fr\/wp-json\/wp\/v2\/pages\/7420","targetHints":{"allow":["GET"]}}],"collection":[{"href":"https:\/\/www.eutonomy.com\/fr\/wp-json\/wp\/v2\/pages"}],"about":[{"href":"https:\/\/www.eutonomy.com\/fr\/wp-json\/wp\/v2\/types\/page"}],"author":[{"embeddable":true,"href":"https:\/\/www.eutonomy.com\/fr\/wp-json\/wp\/v2\/users\/14"}],"replies":[{"embeddable":true,"href":"https:\/\/www.eutonomy.com\/fr\/wp-json\/wp\/v2\/comments?post=7420"}],"version-history":[{"count":26,"href":"https:\/\/www.eutonomy.com\/fr\/wp-json\/wp\/v2\/pages\/7420\/revisions"}],"predecessor-version":[{"id":9735,"href":"https:\/\/www.eutonomy.com\/fr\/wp-json\/wp\/v2\/pages\/7420\/revisions\/9735"}],"wp:featuredmedia":[{"embeddable":true,"href":"https:\/\/www.eutonomy.com\/fr\/wp-json\/wp\/v2\/media\/7335"}],"wp:attachment":[{"href":"https:\/\/www.eutonomy.com\/fr\/wp-json\/wp\/v2\/media?parent=7420"}],"curies":[{"name":"wp","href":"https:\/\/api.w.org\/{rel}","templated":true}]}}