{"id":7646,"date":"2020-12-09T14:56:38","date_gmt":"2020-12-09T13:56:38","guid":{"rendered":"https:\/\/www2.eutonomy.com\/politique-de-confidentialite-et-de-cookies\/"},"modified":"2024-05-28T13:31:48","modified_gmt":"2024-05-28T11:31:48","slug":"privacy-policy","status":"publish","type":"page","link":"https:\/\/www.eutonomy.com\/fr\/privacy-policy\/","title":{"rendered":"Politique de confidentialit\u00e9 et de cookies"},"content":{"rendered":"<p>[et_pb_section fb_built=\u00a0\u00bb1&Prime; admin_label=\u00a0\u00bbsection\u00a0\u00bb _builder_version=\u00a0\u00bb4.16&Prime; global_colors_info=\u00a0\u00bb{}\u00a0\u00bb][et_pb_row admin_label=\u00a0\u00bbrow\u00a0\u00bb _builder_version=\u00a0\u00bb4.16&Prime; background_size=\u00a0\u00bbinitial\u00a0\u00bb background_position=\u00a0\u00bbtop_left\u00a0\u00bb background_repeat=\u00a0\u00bbrepeat\u00a0\u00bb global_colors_info=\u00a0\u00bb{}\u00a0\u00bb][et_pb_column type=\u00a0\u00bb4_4&Prime; _builder_version=\u00a0\u00bb4.16&Prime; custom_padding=\u00a0\u00bb|||\u00a0\u00bb global_colors_info=\u00a0\u00bb{}\u00a0\u00bb custom_padding__hover=\u00a0\u00bb|||\u00a0\u00bb][et_pb_text admin_label=\u00a0\u00bbText\u00a0\u00bb _builder_version=\u00a0\u00bb4.16&Prime; background_size=\u00a0\u00bbinitial\u00a0\u00bb background_position=\u00a0\u00bbtop_left\u00a0\u00bb background_repeat=\u00a0\u00bbrepeat\u00a0\u00bb global_colors_info=\u00a0\u00bb{}\u00a0\u00bb]<\/p>\n<p><!-- divi:paragraph --><\/p>\n<p style=\"text-align: left;\">Politique de&nbsp;confidentialit\u00e9 et&nbsp;politique de&nbsp;cookies du site web sur les domaines et&nbsp;sous-domaines d&rsquo;eutonomy.com et&nbsp;les services fournis par Eutonomy<\/p>\n<p style=\"text-align: left;\"><!-- \/divi:paragraph --><\/p>\n<p style=\"text-align: left;\">DISPOSITIONS G\u00c9N\u00c9RALES<\/p>\n<p style=\"text-align: left;\">1. Le pr\u00e9sent document r\u00e9glemente la&nbsp;politique de&nbsp;confidentialit\u00e9 et&nbsp;les cookies du site web sur les domaines et&nbsp;sous-domaines d&rsquo;eutonomy.com et&nbsp;les services fournis par Eutonomy (ci-apr\u00e8s d\u00e9nomm\u00e9 le site Web et&nbsp;les services). <strong>Eutonomy Sp. z&nbsp;o.o. Sp.K.<\/strong> doit faire preuve de&nbsp;diligence raisonnable afin de&nbsp;respecter la&nbsp;confidentialit\u00e9 des utilisateurs du site. En&nbsp;utilisant les produits, les services ou les sites Web d&rsquo;Eutonomy, vous acceptez la&nbsp;mani\u00e8re dont les donn\u00e9es personnelles sont collect\u00e9es et&nbsp;utilis\u00e9es aux fins d\u00e9crites dans le pr\u00e9sent document.<\/p>\n<p style=\"text-align: left;\">2. Le pr\u00e9sent document sur les sites Web et&nbsp;les services est destin\u00e9 \u00e0 \u00eatre informatif, ce&nbsp;qui signifie qu&rsquo;il ne&nbsp;constitue pas une source d&rsquo;obligations pour les r\u00e9cipiendaires de&nbsp;services ou les clients du site Web.<\/p>\n<p style=\"text-align: left;\">3. L&rsquo;administrateur des donn\u00e9es personnelles collect\u00e9es via les produits du site et&nbsp;des services est Eutonomy Sp. z&nbsp;o.o. Sp.K. enregistr\u00e9 \u00e0 \u0141\u00f3d\u017a, ul.&nbsp;Piotrkowska 121 \/ 3a; 90-430 \u0141\u00f3d\u017a, a&nbsp;sign\u00e9 le Registre des entreprises du Registre national de&nbsp;la&nbsp;Cour (KRS) tenu par le tribunal de&nbsp;district \u0141\u00f3d\u017a \u015ar\u00f3dmie\u015bcie \u00e0 \u0141\u00f3d\u017a, XX Division commerciale du Registre national de&nbsp;la&nbsp;Cour: 0000614778, ID&nbsp;de&nbsp;la&nbsp;TVA: PL7252129926, e- Adresse mail: office@eutonomy.com<\/p>\n<p style=\"text-align: left;\">4. Les donn\u00e9es personnelles des utilisateurs sont trait\u00e9es conform\u00e9ment \u00e0 la&nbsp;loi sur la&nbsp;protection des donn\u00e9es personnelles du 29 ao\u00fbt 1997 (ci-apr\u00e8s d\u00e9nomm\u00e9e \u00abloi sur la&nbsp;protection des donn\u00e9es personnelles &#8211; PDPA\u00bb), \u00e0 la&nbsp;loi du 18 juillet 2002 relative \u00e0 la&nbsp;fourniture de&nbsp;services \u00e9lectroniques et&nbsp;\u00e0 la&nbsp;loi le 25 mai 2018 (ci-apr\u00e8s d\u00e9nomm\u00e9 \u00ab\u00a0RODO\u00a0\u00bb).<br \/>  5. 5. L&rsquo;administrateur des donn\u00e9es personnelles doit faire preuve de&nbsp;diligence raisonnable afin de&nbsp;prot\u00e9ger les droits des Utilisateurs dont les donn\u00e9es sont sujettes au&nbsp;traitement et&nbsp;notamment s&rsquo;assurer que les donn\u00e9es sont:<br \/> \u2022 trait\u00e9 conform\u00e9ment \u00e0 la&nbsp;loi,<br \/> \u2022 recueillis aux fins d\u00e9crites dans le pr\u00e9sent document qui sont conformes \u00e0 la&nbsp;loi,<br \/> \u2022 pas soumis \u00e0 un traitement ult\u00e9rieur incompatible avec les objectifs \u00e9nonc\u00e9s ci-dessus,<br \/> \u2022 factuellement correct et&nbsp;pr\u00e9cis par rapport aux buts pour lesquels ils sont trait\u00e9s,<br \/> \u2022 s\u00e9curis\u00e9 ad\u00e9quatement,<br \/> \u2022 stock\u00e9 d&rsquo;une mani\u00e8re qui permet d&rsquo;identifier les personnes auxquelles ils concernent, mais pas plus longtemps qu&rsquo;il n&rsquo;est n\u00e9cessaire d&rsquo;atteindre le but du traitement.<br \/>  6. 6. \u00c9tant donn\u00e9 que l&rsquo;administrateur de&nbsp;donn\u00e9es personnelles fournit des services partout dans le monde et&nbsp;coop\u00e8re avec des partenaires dans le monde entier, l&rsquo;acc\u00e8s aux donn\u00e9es de&nbsp;nos clients peut \u00eatre disponible pour les partenaires dans les r\u00e9gions o\u00f9 des lois concernant la&nbsp;collecte et&nbsp;l&rsquo;utilisation de&nbsp;donn\u00e9es personnelles peuvent \u00eatre diff\u00e9rent de&nbsp;la&nbsp;loi europ\u00e9enne, il faut se&nbsp;rappeler que les donn\u00e9es personnelles seront transf\u00e9r\u00e9es \u00e0 d&rsquo;autres pays, y&nbsp;compris les \u00c9tats-Unis d&rsquo;Am\u00e9rique, et&nbsp;en&nbsp;soumettant vos donn\u00e9es personnelles, les utilisateurs consentent \u00e0 ces transferts.<br \/> Eutonomy Sp. z&nbsp;o.o. Sp.K. est conscient de&nbsp;la&nbsp;r\u00e9glementation contenue dans le Privacy Shield d\u00e9velopp\u00e9 par le D\u00e9partement du commerce am\u00e9ricain et&nbsp;la&nbsp;Commission europ\u00e9enne pour fournir aux entreprises des m\u00e9canismes pour se&nbsp;conformer aux exigences de&nbsp;la&nbsp;CE&nbsp;en&nbsp;mati\u00e8re de&nbsp;protection des donn\u00e9es lors du transfert de&nbsp;donn\u00e9es personnelles de&nbsp;l&rsquo;Union europ\u00e9enne vers les \u00c9tats-Unis.<\/p>\n<p style=\"text-align: left;\">L&rsquo;OBJET ET&nbsp;L&rsquo;OBJECTIF DE&nbsp;LA&nbsp;COLLECTE DE&nbsp;DONN\u00c9ES ET&nbsp;DES RECETTES DE&nbsp;DONN\u00c9ES<\/p>\n<p style=\"text-align: left;\">1. Dans tous les cas, le but et&nbsp;la&nbsp;port\u00e9e des donn\u00e9es trait\u00e9es par l&rsquo;administrateur sont le r\u00e9sultat des actions entreprises par le b\u00e9n\u00e9ficiaire du service ou le client lors de&nbsp;l&rsquo;utilisation des services, des produits ou des sites Web.<br \/> La&nbsp;liste des buts possibles de&nbsp;la&nbsp;collecte de&nbsp;donn\u00e9es personnelles aupr\u00e8s des b\u00e9n\u00e9ficiaires de&nbsp;services ou des clients par l&rsquo;administrateur comprend:<br \/> a. personnalisation et&nbsp;ajustement de&nbsp;nos services et&nbsp;produits domotiques.<br \/> b.&nbsp;l&rsquo;am\u00e9lioration du service \u00e0 la&nbsp;client\u00e8le, les informations soumises nous aideront \u00e0 r\u00e9agir plus efficacement aux demandes et&nbsp;aux besoins des clients et&nbsp;\u00e0 offrir un soutien dans la&nbsp;prestation des services.<br \/> c. traitement des commandes, r\u00e9clamations de&nbsp;garantie et&nbsp;paiements de&nbsp;nos utilisateurs, revendeurs ind\u00e9pendants et&nbsp;distributeurs.<br \/> d. lancer des offres sp\u00e9ciales, des concours, des critiques et&nbsp;d&rsquo;autres fonctions<br \/> e. effectuer des \u00e9tudes de&nbsp;march\u00e9 sur nos utilisateurs afin d&rsquo;am\u00e9liorer nos campagnes de&nbsp;marketing et&nbsp;le contenu de&nbsp;nos sites Web<br \/> f. contact t\u00e9l\u00e9phonique avec les Clients afin de&nbsp;discuter des services utilis\u00e9s par les Clients, acc\u00e9der \u00e0 votre compte ou r\u00e9pondre \u00e0 vos demandes et&nbsp;questions &#8230;<br \/> g. \u00e0 d&rsquo;autres fins si&nbsp;le consentement est donn\u00e9.<br \/> h. pr\u00e9senter des offres d&rsquo;affaires<br \/> i. envoi de&nbsp;la&nbsp;newsletter<br \/> j. l&rsquo;ach\u00e8vement du contrat et&nbsp;la&nbsp;prestation de&nbsp;services aux personnes auxquelles ils appartiennent.<br \/> k. commercialisation directe de&nbsp;produits ou services propres de&nbsp;l&rsquo;administrateur.<\/p>\n<p style=\"text-align: left;\">2. L&rsquo;administrateur peut traiter les donn\u00e9es personnelles suivantes des r\u00e9cipiendaires de&nbsp;service ou des clients:<br \/> a. pr\u00e9nom et&nbsp;nom,<br \/> b.&nbsp;adresse de&nbsp;r\u00e9sidence,<br \/> c. num\u00e9ro de&nbsp;t\u00e9l\u00e9phone,<br \/> d. adresse e-mail,<br \/> e. Adresse IP du p\u00e9riph\u00e9rique achet\u00e9<br \/> f. timbre vocal (donn\u00e9es biom\u00e9triques),<br \/> g. num\u00e9ro de&nbsp;s\u00e9rie de&nbsp;l&rsquo;appareil,<br \/> h. code postal.<br \/> i. donn\u00e9es g\u00e9n\u00e9rales de&nbsp;localisation (pays, ville, r\u00e9gion),<br \/> j. types de&nbsp;p\u00e9riph\u00e9riques utilis\u00e9s pour acc\u00e9der au&nbsp;site,<br \/> k. statistiques d&rsquo;utilisation (p.&nbsp;ex., heure d&rsquo;utilisation, nombre d&rsquo;utilisateurs actifs),<\/p>\n<p style=\"text-align: left;\">3. La&nbsp;soumission des donn\u00e9es personnelles \u00e9num\u00e9r\u00e9es ci-dessus peut \u00eatre n\u00e9cessaire pour conclure et&nbsp;compl\u00e9ter un contrat de&nbsp;vente ou une fourniture de&nbsp;service \u00e9lectronique via l&rsquo;accord du site. Dans tous les cas, la&nbsp;port\u00e9e des donn\u00e9es n\u00e9cessaires pour conclure un accord est pr\u00e9cis\u00e9e sur le site Web et&nbsp;dans les r\u00e8gles du site Web.<br \/> L&rsquo;administrateur des donn\u00e9es personnelles stipule que, conform\u00e9ment \u00e0 la&nbsp;loi sur la&nbsp;protection des donn\u00e9es personnelles, ils peuvent confier le traitement des donn\u00e9es personnelles des Utilisateurs dont ils administrent les donn\u00e9es, \u00e0 d&rsquo;autres entreprises afin qu&rsquo;ils puissent remplir correctement leurs fonctions relatives \u00e0 l&rsquo;h\u00e9bergement, \u00e0 l&rsquo;administration, le maintien et&nbsp;la&nbsp;gestion du site Web et&nbsp;des services, ainsi que la&nbsp;correction et&nbsp;la&nbsp;prise en&nbsp;compte des circonstances de&nbsp;l&rsquo;utilisation interdite des services fournis par voie \u00e9lectronique.<\/p>\n<p style=\"text-align: left;\">COOKIES ET&nbsp;DONN\u00c9ES OP\u00c9RATIONNELLES<\/p>\n<p style=\"text-align: left;\">1. Les cookies sont des fichiers texte qui sont sauvegard\u00e9s et&nbsp;stock\u00e9s dans la&nbsp;m\u00e9moire du p\u00e9riph\u00e9rique utilis\u00e9 pour naviguer sur des sites Web (p.&nbsp;Ex., Un ordinateur personnel, un ordinateur portable, une tablette, un sac \u00e0 main, un t\u00e9l\u00e9phone mobile). Une fois les fichiers enregistr\u00e9s, un serveur ou des serveurs se&nbsp;connectent \u00e0 eux pour obtenir un acc\u00e8s appropri\u00e9.<\/p>\n<p style=\"text-align: left;\">2. Le site Web et&nbsp;les services utilisent les cookies dans le but de:<br \/> a. statistiques,<br \/> b.&nbsp;Configuration du site Web et&nbsp;des services &#8211; ils permettent de&nbsp;d\u00e9finir des fonctions et&nbsp;des services sur le site Web,<br \/> c. authentification &#8211; ils peuvent informer l&rsquo;utilisateur qu&rsquo;ils sont connect\u00e9s permettant au&nbsp;site Web de&nbsp;montrer les informations et&nbsp;les fonctions appropri\u00e9es.<br \/> d. analyser et&nbsp;rechercher les comportements des utilisateurs &#8211; les cookies permettent de&nbsp;lire les pr\u00e9f\u00e9rences des utilisateurs et&nbsp;leur analyse, l&rsquo;am\u00e9lioration et&nbsp;le d\u00e9veloppement de&nbsp;produits et&nbsp;de&nbsp;services. La&nbsp;collecte d&rsquo;informations est anonyme, sans identifier les utilisateurs particuliers, \u00e0 moins que l&rsquo;utilisateur ne&nbsp;se&nbsp;connecte au&nbsp;Panneau client et&nbsp;que les param\u00e8tres de&nbsp;son terminal permettent une telle identification.<br \/> e. la&nbsp;publicit\u00e9 &#8211; ils permettent des publicit\u00e9s plus int\u00e9ressantes pour les utilisateurs et&nbsp;peuvent \u00eatre personnalis\u00e9es.<\/p>\n<p style=\"text-align: left;\">3. En&nbsp;modifiant les param\u00e8tres du logiciel utilis\u00e9 pour parcourir le site Web, les utilisateurs peuvent d\u00e9finir les conditions de&nbsp;stockage et&nbsp;d&rsquo;acc\u00e8s aux cookies utilis\u00e9s par ce&nbsp;site Web, en&nbsp;particulier, ils peuvent choisir de&nbsp;d\u00e9sactiver compl\u00e8tement les cookies.<\/p>\n<p style=\"text-align: left;\">4. Il faut se&nbsp;rappeler que la&nbsp;suppression ou le blocage des cookies peut donner lieu \u00e0 certaines sections du pr\u00e9sent site Web qui ne&nbsp;fonctionnent pas et&nbsp;qui s&rsquo;affichent comme pr\u00e9vu.<\/p>\n<p style=\"text-align: left;\">5. Afin de&nbsp;modifier les param\u00e8tres relatifs aux cookies, il est n\u00e9cessaire de&nbsp;configurer de&nbsp;mani\u00e8re ad\u00e9quate le logiciel utilis\u00e9 pour naviguer sur le site Web. Les informations pertinentes peuvent \u00eatre obtenues en&nbsp;contactant le support technique de&nbsp;ce&nbsp;logiciel ou de&nbsp;son fournisseur.<\/p>\n<p style=\"text-align: left;\">6. Ne&nbsp;modifie pas les param\u00e8tres du logiciel utilis\u00e9 pour naviguer sur le site Web, conform\u00e9ment \u00e0 l&rsquo;article 173 (2) de&nbsp;la&nbsp;Loi sur les t\u00e9l\u00e9communications, constitue un consentement pour que le site Web utilise des cookies aux fins indiqu\u00e9es ci-dessus.<\/p>\n<p style=\"text-align: left;\">LA&nbsp;BASE POUR LE TRAITEMENT DES DONN\u00c9ES<\/p>\n<p style=\"text-align: left;\">1. La&nbsp;transmission de&nbsp;donn\u00e9es personnelles par le b\u00e9n\u00e9ficiaire du service ou le client est volontaire. L&rsquo;Administrateur traite les donn\u00e9es obtenues sur la&nbsp;base de&nbsp;l&rsquo;article 23 (1) de&nbsp;la&nbsp;loi sur la&nbsp;protection des donn\u00e9es personnelles afin de:<br \/> \u2022 envoyer des offres d&rsquo;affaires pour<br \/> \u2022 envoyer la&nbsp;newsletter<br \/> \u2022 effectuer le contrat et&nbsp;fournir des services aux personnes concern\u00e9es.<\/p>\n<p style=\"text-align: left;\">LE DROIT DE&nbsp;CONTR\u00d4LE, D&rsquo;ACC\u00c8S ET&nbsp;DE&nbsp;MODIFICATION DES DONN\u00c9ES PERSONNELLES<\/p>\n<p style=\"text-align: left;\">1. Le destinataire du service ou le Client a&nbsp;le droit d&rsquo;acc\u00e9der au&nbsp;contenu de&nbsp;ses donn\u00e9es personnelles et&nbsp;de&nbsp;le corriger.<\/p>\n<p style=\"text-align: left;\">2. Toute personne a&nbsp;le droit de&nbsp;contr\u00f4ler le traitement des donn\u00e9es qui leur appartiennent, contenues dans la&nbsp;base de&nbsp;donn\u00e9es de&nbsp;l&rsquo;Administrateur, en&nbsp;particulier le droit de: exiger une compl\u00e9mentaire, une mise \u00e0 jour, une correction des donn\u00e9es personnelles, une suppression temporaire ou permanente des donn\u00e9es, si&nbsp;les donn\u00e9es sont incompl\u00e8tes, obsol\u00e8tes, fausses ou ont \u00e9t\u00e9 collect\u00e9es en&nbsp;cas de&nbsp;violation de&nbsp;l&rsquo;acte ou ne&nbsp;sont plus n\u00e9cessaires pour compl\u00e9ter le but pour lequel elles ont \u00e9t\u00e9 rassembl\u00e9es.<\/p>\n<p style=\"text-align: left;\">3. Si&nbsp;le destinataire du service ou le Client consentent \u00e0 l&rsquo;informatique \u00e0 des fins de&nbsp;commercialisation directe des produits ou des services de&nbsp;l&rsquo;Administrateur, le consentement peut \u00eatre retir\u00e9 \u00e0 tout moment.<\/p>\n<p style=\"text-align: left;\">4. Si&nbsp;l&rsquo;Administrateur a&nbsp;l&rsquo;intention de&nbsp;traiter ou de&nbsp;traiter les donn\u00e9es du Destinataire du Service ou du Client aux fins de&nbsp;commercialisation directe des produits ou des services de&nbsp;l&rsquo;Administrateur, la&nbsp;personne \u00e0 laquelle les donn\u00e9es concernent a&nbsp;\u00e9galement le droit de:<br \/> \u2022 proposer une demande \u00e9crite et&nbsp;motiv\u00e9e pour cesser le traitement des donn\u00e9es personnelles en&nbsp;raison d&rsquo;une situation particuli\u00e8re ou de<br \/> \u2022 soulever une objection contre le traitement des donn\u00e9es personnelles.<\/p>\n<p style=\"text-align: left;\">5. Pour exercer les droits \u00e9nonc\u00e9s ci-dessus, vous pouvez contacter l&rsquo;Administrateur en&nbsp;envoyant un message appropri\u00e9 par \u00e9crit ou par courrier \u00e9lectronique \u00e0 l&rsquo;adresse de&nbsp;l&rsquo;Administrateur indiqu\u00e9e dans les dispositions g\u00e9n\u00e9rales de&nbsp;la&nbsp;pr\u00e9sente politique de&nbsp;confidentialit\u00e9.<\/p>\n<p style=\"text-align: left;\">6. Nous stockons les donn\u00e9es recueillies d&rsquo;abord et&nbsp;avant tout dans le but de&nbsp;fournir le niveau de&nbsp;qualit\u00e9 de&nbsp;service le plus \u00e9lev\u00e9 possible dans l&rsquo;administration des sites et&nbsp;des services. Ils nous permettent \u00e9galement de&nbsp;cr\u00e9er des statistiques d&rsquo;utilisation bas\u00e9es sur le comportement des utilisateurs. Les donn\u00e9es recueillies peuvent \u00eatre divulgu\u00e9es \u00e0 des tiers d&rsquo;une mani\u00e8re qui ne&nbsp;permet pas l&rsquo;identification des utilisateurs, ainsi que des organes autoris\u00e9s des autorit\u00e9s publiques.<\/p>\n<p style=\"text-align: left;\">DISPOSITIONS FINALES<\/p>\n<p style=\"text-align: left;\">1. Le site Web et&nbsp;les Services peuvent contenir des liens vers d&rsquo;autres pages Web. L&rsquo;administrateur vous encourage, une fois que vous naviguez vers les autres pages, vous familiariser avec les r\u00e8gles de&nbsp;confidentialit\u00e9 qui y&nbsp;sont appliqu\u00e9es. La&nbsp;politique de&nbsp;confidentialit\u00e9 actuelle n&rsquo;est pertinente que pour ce&nbsp;site Web et&nbsp;ces services.<\/p>\n<p style=\"text-align: left;\">2. L&rsquo;Administrateur prend des mesures techniques et&nbsp;organisationnelles pour assurer la&nbsp;protection des donn\u00e9es personnelles trait\u00e9es qui sont ad\u00e9quates contre les dangers existants et&nbsp;les cat\u00e9gories de&nbsp;donn\u00e9es d\u00e9tenues sous la&nbsp;protection, en&nbsp;particulier emp\u00eachant que les donn\u00e9es ne&nbsp;soient partag\u00e9es \u00e0 des personnes non autoris\u00e9es, prises par des personnes priv\u00e9es, une violation des lois existantes ainsi que des modifications, des pertes, des d\u00e9g\u00e2ts ou des destructions.<\/p>\n<p style=\"text-align: left;\">3. Le fournisseur de&nbsp;services se&nbsp;r\u00e9serve le droit de&nbsp;modifier la&nbsp;Politique de&nbsp;confidentialit\u00e9 et&nbsp;la&nbsp;Politique sur les cookies.<\/p>\n<p style=\"text-align: left;\"><!-- divi:paragraph --><\/p>\n<p style=\"text-align: left;\"><!-- \/divi:paragraph --><\/p>\n<p style=\"text-align: left;\"><!-- divi:paragraph --><\/p>\n<p style=\"text-align: left;\"><!-- \/divi:paragraph --><\/p>\n<p>[\/et_pb_text][\/et_pb_column][\/et_pb_row][et_pb_row _builder_version=\u00a0\u00bb4.25.1&Prime; _module_preset=\u00a0\u00bbdefault\u00a0\u00bb][et_pb_column _builder_version=\u00a0\u00bb4.25.1&Prime; _module_preset=\u00a0\u00bbdefault\u00a0\u00bb type=\u00a0\u00bb4_4&Prime;][et_pb_text _builder_version=\u00a0\u00bb4.25.1&Prime; _module_preset=\u00a0\u00bbdefault\u00a0\u00bb hover_enabled=\u00a0\u00bb0&Prime; sticky_enabled=\u00a0\u00bb0&Prime;]<\/p>\n<h3>Politique des Cookies<\/h3>\n<p>[\/et_pb_text][\/et_pb_column][\/et_pb_row][et_pb_row _builder_version=\u00a0\u00bb4.25.1&Prime; _module_preset=\u00a0\u00bbdefault\u00a0\u00bb][et_pb_column _builder_version=\u00a0\u00bb4.25.1&Prime; _module_preset=\u00a0\u00bbdefault\u00a0\u00bb type=\u00a0\u00bb4_4&Prime;][et_pb_code _builder_version=\u00a0\u00bb4.25.1&Prime; _module_preset=\u00a0\u00bbdefault\u00a0\u00bb hover_enabled=\u00a0\u00bb0&Prime; sticky_enabled=\u00a0\u00bb0&Prime; min_height=\u00a0\u00bb25px\u00a0\u00bb]<script id=\"CookieDeclaration\" data-culture=\"fr\"src=\"https:\/\/consent.cookiebot.com\/2200b0a4-cd0d-4ab1-97d1-e9ba1702b209\/cd.js\" type=\"text\/javascript\" async><\/script>[\/et_pb_code][\/et_pb_column][\/et_pb_row][\/et_pb_section]<\/p>\n","protected":false},"excerpt":{"rendered":"<p>Politique de&nbsp;confidentialit\u00e9 et&nbsp;politique de&nbsp;cookies du site web sur les domaines et&nbsp;sous-domaines d&rsquo;eutonomy.com et&nbsp;les services fournis par Eutonomy DISPOSITIONS G\u00c9N\u00c9RALES 1. Le pr\u00e9sent document r\u00e9glemente la&nbsp;politique de&nbsp;confidentialit\u00e9 et&nbsp;les cookies du site web sur les domaines et&nbsp;sous-domaines d&rsquo;eutonomy.com et&nbsp;les services fournis par Eutonomy (ci-apr\u00e8s d\u00e9nomm\u00e9 le site Web et&nbsp;les services). Eutonomy Sp. z&nbsp;o.o. Sp.K. doit faire preuve [&hellip;]<\/p>\n","protected":false},"author":7,"featured_media":0,"parent":0,"menu_order":0,"comment_status":"closed","ping_status":"closed","template":"","meta":{"_et_pb_use_builder":"on","_et_pb_old_content":"","_et_gb_content_width":"","footnotes":""},"class_list":["post-7646","page","type-page","status-publish","hentry"],"yoast_head":"<!-- This site is optimized with the Yoast SEO plugin v27.4 - https:\/\/yoast.com\/product\/yoast-seo-wordpress\/ -->\n<title>Politique de confidentialit\u00e9 et de cookies - Eutonomy<\/title>\n<meta name=\"description\" content=\"Gr\u00e2ce \u00e0 Eutonomy, le syst\u00e8me de construction intelligent devient encore plus fonctionnel.\" \/>\n<meta name=\"robots\" content=\"index, follow, max-snippet:-1, max-image-preview:large, max-video-preview:-1\" \/>\n<link rel=\"canonical\" href=\"https:\/\/www.eutonomy.com\/fr\/privacy-policy\/\" \/>\n<meta property=\"og:locale\" content=\"fr_FR\" \/>\n<meta property=\"og:type\" content=\"article\" \/>\n<meta property=\"og:title\" content=\"Politique de confidentialit\u00e9 et de cookies - Eutonomy\" \/>\n<meta property=\"og:description\" content=\"Gr\u00e2ce \u00e0 Eutonomy, le syst\u00e8me de construction intelligent devient encore plus fonctionnel.\" \/>\n<meta property=\"og:url\" content=\"https:\/\/www.eutonomy.com\/fr\/privacy-policy\/\" \/>\n<meta property=\"og:site_name\" content=\"Eutonomy\" \/>\n<meta property=\"article:modified_time\" content=\"2024-05-28T11:31:48+00:00\" \/>\n<meta name=\"twitter:card\" content=\"summary_large_image\" \/>\n<meta name=\"twitter:label1\" content=\"Dur\u00e9e de lecture estim\u00e9e\" \/>\n\t<meta name=\"twitter:data1\" content=\"12 minutes\" \/>\n<script type=\"application\/ld+json\" class=\"yoast-schema-graph\">{\"@context\":\"https:\\\/\\\/schema.org\",\"@graph\":[{\"@type\":\"WebPage\",\"@id\":\"https:\\\/\\\/www.eutonomy.com\\\/fr\\\/privacy-policy\\\/\",\"url\":\"https:\\\/\\\/www.eutonomy.com\\\/fr\\\/privacy-policy\\\/\",\"name\":\"Politique de confidentialit\u00e9 et de cookies - Eutonomy\",\"isPartOf\":{\"@id\":\"https:\\\/\\\/www.eutonomy.com\\\/fr\\\/#website\"},\"datePublished\":\"2020-12-09T13:56:38+00:00\",\"dateModified\":\"2024-05-28T11:31:48+00:00\",\"description\":\"Gr\u00e2ce \u00e0 Eutonomy, le syst\u00e8me de construction intelligent devient encore plus fonctionnel.\",\"breadcrumb\":{\"@id\":\"https:\\\/\\\/www.eutonomy.com\\\/fr\\\/privacy-policy\\\/#breadcrumb\"},\"inLanguage\":\"fr-FR\",\"potentialAction\":[{\"@type\":\"ReadAction\",\"target\":[\"https:\\\/\\\/www.eutonomy.com\\\/fr\\\/privacy-policy\\\/\"]}]},{\"@type\":\"BreadcrumbList\",\"@id\":\"https:\\\/\\\/www.eutonomy.com\\\/fr\\\/privacy-policy\\\/#breadcrumb\",\"itemListElement\":[{\"@type\":\"ListItem\",\"position\":1,\"name\":\"Strona g\u0142\u00f3wna\",\"item\":\"https:\\\/\\\/www.eutonomy.com\\\/fr\\\/\"},{\"@type\":\"ListItem\",\"position\":2,\"name\":\"Politique de confidentialit\u00e9 et de cookies\"}]},{\"@type\":\"WebSite\",\"@id\":\"https:\\\/\\\/www.eutonomy.com\\\/fr\\\/#website\",\"url\":\"https:\\\/\\\/www.eutonomy.com\\\/fr\\\/\",\"name\":\"Eutonomy\",\"description\":\"\",\"potentialAction\":[{\"@type\":\"SearchAction\",\"target\":{\"@type\":\"EntryPoint\",\"urlTemplate\":\"https:\\\/\\\/www.eutonomy.com\\\/fr\\\/?s={search_term_string}\"},\"query-input\":{\"@type\":\"PropertyValueSpecification\",\"valueRequired\":true,\"valueName\":\"search_term_string\"}}],\"inLanguage\":\"fr-FR\"}]}<\/script>\n<!-- \/ Yoast SEO plugin. -->","yoast_head_json":{"title":"Politique de confidentialit\u00e9 et de cookies - Eutonomy","description":"Gr\u00e2ce \u00e0 Eutonomy, le syst\u00e8me de construction intelligent devient encore plus fonctionnel.","robots":{"index":"index","follow":"follow","max-snippet":"max-snippet:-1","max-image-preview":"max-image-preview:large","max-video-preview":"max-video-preview:-1"},"canonical":"https:\/\/www.eutonomy.com\/fr\/privacy-policy\/","og_locale":"fr_FR","og_type":"article","og_title":"Politique de confidentialit\u00e9 et de cookies - Eutonomy","og_description":"Gr\u00e2ce \u00e0 Eutonomy, le syst\u00e8me de construction intelligent devient encore plus fonctionnel.","og_url":"https:\/\/www.eutonomy.com\/fr\/privacy-policy\/","og_site_name":"Eutonomy","article_modified_time":"2024-05-28T11:31:48+00:00","twitter_card":"summary_large_image","twitter_misc":{"Dur\u00e9e de lecture estim\u00e9e":"12 minutes"},"schema":{"@context":"https:\/\/schema.org","@graph":[{"@type":"WebPage","@id":"https:\/\/www.eutonomy.com\/fr\/privacy-policy\/","url":"https:\/\/www.eutonomy.com\/fr\/privacy-policy\/","name":"Politique de confidentialit\u00e9 et de cookies - Eutonomy","isPartOf":{"@id":"https:\/\/www.eutonomy.com\/fr\/#website"},"datePublished":"2020-12-09T13:56:38+00:00","dateModified":"2024-05-28T11:31:48+00:00","description":"Gr\u00e2ce \u00e0 Eutonomy, le syst\u00e8me de construction intelligent devient encore plus fonctionnel.","breadcrumb":{"@id":"https:\/\/www.eutonomy.com\/fr\/privacy-policy\/#breadcrumb"},"inLanguage":"fr-FR","potentialAction":[{"@type":"ReadAction","target":["https:\/\/www.eutonomy.com\/fr\/privacy-policy\/"]}]},{"@type":"BreadcrumbList","@id":"https:\/\/www.eutonomy.com\/fr\/privacy-policy\/#breadcrumb","itemListElement":[{"@type":"ListItem","position":1,"name":"Strona g\u0142\u00f3wna","item":"https:\/\/www.eutonomy.com\/fr\/"},{"@type":"ListItem","position":2,"name":"Politique de confidentialit\u00e9 et de cookies"}]},{"@type":"WebSite","@id":"https:\/\/www.eutonomy.com\/fr\/#website","url":"https:\/\/www.eutonomy.com\/fr\/","name":"Eutonomy","description":"","potentialAction":[{"@type":"SearchAction","target":{"@type":"EntryPoint","urlTemplate":"https:\/\/www.eutonomy.com\/fr\/?s={search_term_string}"},"query-input":{"@type":"PropertyValueSpecification","valueRequired":true,"valueName":"search_term_string"}}],"inLanguage":"fr-FR"}]}},"_links":{"self":[{"href":"https:\/\/www.eutonomy.com\/fr\/wp-json\/wp\/v2\/pages\/7646","targetHints":{"allow":["GET"]}}],"collection":[{"href":"https:\/\/www.eutonomy.com\/fr\/wp-json\/wp\/v2\/pages"}],"about":[{"href":"https:\/\/www.eutonomy.com\/fr\/wp-json\/wp\/v2\/types\/page"}],"author":[{"embeddable":true,"href":"https:\/\/www.eutonomy.com\/fr\/wp-json\/wp\/v2\/users\/7"}],"replies":[{"embeddable":true,"href":"https:\/\/www.eutonomy.com\/fr\/wp-json\/wp\/v2\/comments?post=7646"}],"version-history":[{"count":19,"href":"https:\/\/www.eutonomy.com\/fr\/wp-json\/wp\/v2\/pages\/7646\/revisions"}],"predecessor-version":[{"id":9800,"href":"https:\/\/www.eutonomy.com\/fr\/wp-json\/wp\/v2\/pages\/7646\/revisions\/9800"}],"wp:attachment":[{"href":"https:\/\/www.eutonomy.com\/fr\/wp-json\/wp\/v2\/media?parent=7646"}],"curies":[{"name":"wp","href":"https:\/\/api.w.org\/{rel}","templated":true}]}}