{"id":7095,"date":"2020-11-25T17:58:33","date_gmt":"2020-11-25T16:58:33","guid":{"rendered":"https:\/\/www2.eutonomy.com\/najblizsze-szkolenie\/"},"modified":"2020-11-25T17:58:35","modified_gmt":"2020-11-25T16:58:35","slug":"najblizsze-szkolenie","status":"publish","type":"page","link":"https:\/\/www.eutonomy.com\/pl\/najblizsze-szkolenie\/","title":{"rendered":"Najbli\u017csze szkolenie"},"content":{"rendered":"<p>[et_pb_section fb_built=&#8221;1&#8243; fullwidth=&#8221;on&#8221; admin_label=&#8221;Hero&#8221; _builder_version=&#8221;4.4.3&#8243; background_enable_image=&#8221;off&#8221; parallax=&#8221;on&#8221; locked=&#8221;off&#8221;][et_pb_fullwidth_slider use_bg_overlay=&#8221;on&#8221; use_text_overlay=&#8221;off&#8221; _builder_version=&#8221;4.4.8&#8243; header_level=&#8221;h1&#8243; header_font=&#8221;Open Sans|700|||||||&#8221; body_font=&#8221;Open Sans|600|||||||&#8221; body_text_shadow_style=&#8221;preset3&#8243; text_shadow_style=&#8221;preset3&#8243; custom_margin=&#8221;||-14px|||&#8221;][et_pb_slide heading=&#8221;Szkolenia Eutonomy&#8221; use_bg_overlay=&#8221;off&#8221; _builder_version=&#8221;4.4.8&#8243; header_text_align=&#8221;right&#8221; header_font_size=&#8221;30px&#8221; header_line_height=&#8221;1.1em&#8221; body_text_align=&#8221;right&#8221; body_line_height=&#8221;1em&#8221; background_image=&#8221;https:\/\/www.eutonomy.com\/wp-content\/uploads\/2020\/05\/job_recruitement_01.jpg&#8221; background_enable_image=&#8221;on&#8221; parallax=&#8221;on&#8221; custom_button=&#8221;on&#8221; button_border_radius=&#8221;100px&#8221; button_alignment=&#8221;left&#8221;][\/et_pb_slide][\/et_pb_fullwidth_slider][\/et_pb_section][et_pb_section fb_built=&#8221;1&#8243; admin_label=&#8221;Footer&#8221; _builder_version=&#8221;4.4.6&#8243; use_background_color_gradient=&#8221;on&#8221; background_color_gradient_start=&#8221;#718792&#8243; background_color_gradient_end=&#8221;#718792&#8243; background_color_gradient_direction=&#8221;90deg&#8221; parallax=&#8221;on&#8221; max_width=&#8221;100%&#8221; max_width_tablet=&#8221;90%&#8221; max_width_phone=&#8221;100%&#8221; max_width_last_edited=&#8221;on|phone&#8221; module_alignment=&#8221;center&#8221; custom_margin=&#8221;1px||||false|false&#8221; custom_margin_last_edited=&#8221;off|desktop&#8221; custom_padding=&#8221;0px||0px|||&#8221; animation_style=&#8221;slide&#8221; animation_direction=&#8221;right&#8221; animation_intensity_slide=&#8221;5%&#8221; border_radii=&#8221;off||||&#8221; saved_tabs=&#8221;all&#8221; locked=&#8221;off&#8221;][et_pb_row _builder_version=&#8221;3.25&#8243;][et_pb_column type=&#8221;4_4&#8243; _builder_version=&#8221;3.25&#8243; custom_padding=&#8221;|||&#8221; custom_padding__hover=&#8221;|||&#8221;][et_pb_cta title=&#8221;Termin najbli\u017cszego szkolenia: %91Podamy nied\u0142ugo%93&#8243; button_url=&#8221;https:\/\/www.eutonomy.com\/kontakt\/?lang=pl&#8221; button_text=&#8221;Kontakt&#8221; _builder_version=&#8221;4.4.8&#8243; header_font=&#8221;||||||||&#8221; header_font_size=&#8221;35px&#8221; body_font=&#8221;Open Sans||||||||&#8221; body_font_size=&#8221;15px&#8221; body_line_height=&#8221;2em&#8221; background_color=&#8221;rgba(126,190,197,0)&#8221; custom_button=&#8221;on&#8221; button_text_size=&#8221;18px&#8221; button_bg_color=&#8221;#76ff03&#8243; button_border_width=&#8221;10px&#8221; button_border_color=&#8221;#76ff03&#8243; button_border_radius=&#8221;36px&#8221; button_font=&#8221;Ubuntu|700|||||||&#8221; button_border_radius_hover=&#8221;0px&#8221; button_text_size__hover_enabled=&#8221;off&#8221; button_one_text_size__hover_enabled=&#8221;off&#8221; button_two_text_size__hover_enabled=&#8221;off&#8221; button_text_color__hover_enabled=&#8221;off&#8221; button_one_text_color__hover_enabled=&#8221;off&#8221; button_two_text_color__hover_enabled=&#8221;off&#8221; button_border_width__hover_enabled=&#8221;off&#8221; button_one_border_width__hover_enabled=&#8221;off&#8221; button_two_border_width__hover_enabled=&#8221;off&#8221; button_border_color__hover_enabled=&#8221;off&#8221; button_one_border_color__hover_enabled=&#8221;off&#8221; button_two_border_color__hover_enabled=&#8221;off&#8221; button_border_radius__hover_enabled=&#8221;on|hover&#8221; button_border_radius__hover=&#8221;36px&#8221; button_one_border_radius__hover_enabled=&#8221;off&#8221; button_two_border_radius__hover_enabled=&#8221;off&#8221; button_letter_spacing__hover_enabled=&#8221;off&#8221; button_one_letter_spacing__hover_enabled=&#8221;off&#8221; button_two_letter_spacing__hover_enabled=&#8221;off&#8221; button_bg_color__hover_enabled=&#8221;off&#8221; button_one_bg_color__hover_enabled=&#8221;off&#8221; button_two_bg_color__hover_enabled=&#8221;off&#8221;]<\/p>\n<div>Nie znalaz\u0142e\u015b potrzebnych informacji? Skontaktuj si\u0119 z nami!<\/div>\n<div><\/div>\n<p>[\/et_pb_cta][\/et_pb_column][\/et_pb_row][\/et_pb_section]<\/p>\n","protected":false},"excerpt":{"rendered":"<p>Nie znalaz\u0142e\u015b potrzebnych informacji? Skontaktuj si\u0119 z nami!<\/p>\n","protected":false},"author":7,"featured_media":0,"parent":0,"menu_order":0,"comment_status":"closed","ping_status":"closed","template":"","meta":{"_et_pb_use_builder":"on","_et_pb_old_content":"","_et_gb_content_width":"","footnotes":""},"class_list":["post-7095","page","type-page","status-publish","hentry"],"yoast_head":"<!-- This site is optimized with the Yoast SEO plugin v27.3 - https:\/\/yoast.com\/product\/yoast-seo-wordpress\/ -->\n<title>Najbli\u017csze szkolenie - Eutonomy<\/title>\n<meta name=\"robots\" content=\"index, follow, max-snippet:-1, max-image-preview:large, max-video-preview:-1\" \/>\n<link rel=\"canonical\" href=\"https:\/\/www.eutonomy.com\/pl\/najblizsze-szkolenie\/\" \/>\n<meta property=\"og:locale\" content=\"pl_PL\" \/>\n<meta property=\"og:type\" content=\"article\" \/>\n<meta property=\"og:title\" content=\"Najbli\u017csze szkolenie - Eutonomy\" \/>\n<meta property=\"og:description\" content=\"Nie znalaz\u0142e\u015b potrzebnych informacji? Skontaktuj si\u0119 z nami!\" \/>\n<meta property=\"og:url\" content=\"https:\/\/www.eutonomy.com\/pl\/najblizsze-szkolenie\/\" \/>\n<meta property=\"og:site_name\" content=\"Eutonomy\" \/>\n<meta property=\"article:modified_time\" content=\"2020-11-25T16:58:35+00:00\" \/>\n<meta name=\"twitter:card\" content=\"summary_large_image\" \/>\n<meta name=\"twitter:label1\" content=\"Szacowany czas czytania\" \/>\n\t<meta name=\"twitter:data1\" content=\"2 minuty\" \/>\n<script type=\"application\/ld+json\" class=\"yoast-schema-graph\">{\"@context\":\"https:\\\/\\\/schema.org\",\"@graph\":[{\"@type\":\"WebPage\",\"@id\":\"https:\\\/\\\/www.eutonomy.com\\\/pl\\\/najblizsze-szkolenie\\\/\",\"url\":\"https:\\\/\\\/www.eutonomy.com\\\/pl\\\/najblizsze-szkolenie\\\/\",\"name\":\"Najbli\u017csze szkolenie - Eutonomy\",\"isPartOf\":{\"@id\":\"https:\\\/\\\/www.eutonomy.com\\\/fr\\\/#website\"},\"datePublished\":\"2020-11-25T16:58:33+00:00\",\"dateModified\":\"2020-11-25T16:58:35+00:00\",\"breadcrumb\":{\"@id\":\"https:\\\/\\\/www.eutonomy.com\\\/pl\\\/najblizsze-szkolenie\\\/#breadcrumb\"},\"inLanguage\":\"pl-PL\",\"potentialAction\":[{\"@type\":\"ReadAction\",\"target\":[\"https:\\\/\\\/www.eutonomy.com\\\/pl\\\/najblizsze-szkolenie\\\/\"]}]},{\"@type\":\"BreadcrumbList\",\"@id\":\"https:\\\/\\\/www.eutonomy.com\\\/pl\\\/najblizsze-szkolenie\\\/#breadcrumb\",\"itemListElement\":[{\"@type\":\"ListItem\",\"position\":1,\"name\":\"Strona g\u0142\u00f3wna\",\"item\":\"https:\\\/\\\/www.eutonomy.com\\\/pl\\\/\"},{\"@type\":\"ListItem\",\"position\":2,\"name\":\"Najbli\u017csze szkolenie\"}]},{\"@type\":\"WebSite\",\"@id\":\"https:\\\/\\\/www.eutonomy.com\\\/fr\\\/#website\",\"url\":\"https:\\\/\\\/www.eutonomy.com\\\/fr\\\/\",\"name\":\"Eutonomy\",\"description\":\"\",\"potentialAction\":[{\"@type\":\"SearchAction\",\"target\":{\"@type\":\"EntryPoint\",\"urlTemplate\":\"https:\\\/\\\/www.eutonomy.com\\\/fr\\\/?s={search_term_string}\"},\"query-input\":{\"@type\":\"PropertyValueSpecification\",\"valueRequired\":true,\"valueName\":\"search_term_string\"}}],\"inLanguage\":\"pl-PL\"}]}<\/script>\n<!-- \/ Yoast SEO plugin. -->","yoast_head_json":{"title":"Najbli\u017csze szkolenie - Eutonomy","robots":{"index":"index","follow":"follow","max-snippet":"max-snippet:-1","max-image-preview":"max-image-preview:large","max-video-preview":"max-video-preview:-1"},"canonical":"https:\/\/www.eutonomy.com\/pl\/najblizsze-szkolenie\/","og_locale":"pl_PL","og_type":"article","og_title":"Najbli\u017csze szkolenie - Eutonomy","og_description":"Nie znalaz\u0142e\u015b potrzebnych informacji? Skontaktuj si\u0119 z nami!","og_url":"https:\/\/www.eutonomy.com\/pl\/najblizsze-szkolenie\/","og_site_name":"Eutonomy","article_modified_time":"2020-11-25T16:58:35+00:00","twitter_card":"summary_large_image","twitter_misc":{"Szacowany czas czytania":"2 minuty"},"schema":{"@context":"https:\/\/schema.org","@graph":[{"@type":"WebPage","@id":"https:\/\/www.eutonomy.com\/pl\/najblizsze-szkolenie\/","url":"https:\/\/www.eutonomy.com\/pl\/najblizsze-szkolenie\/","name":"Najbli\u017csze szkolenie - Eutonomy","isPartOf":{"@id":"https:\/\/www.eutonomy.com\/fr\/#website"},"datePublished":"2020-11-25T16:58:33+00:00","dateModified":"2020-11-25T16:58:35+00:00","breadcrumb":{"@id":"https:\/\/www.eutonomy.com\/pl\/najblizsze-szkolenie\/#breadcrumb"},"inLanguage":"pl-PL","potentialAction":[{"@type":"ReadAction","target":["https:\/\/www.eutonomy.com\/pl\/najblizsze-szkolenie\/"]}]},{"@type":"BreadcrumbList","@id":"https:\/\/www.eutonomy.com\/pl\/najblizsze-szkolenie\/#breadcrumb","itemListElement":[{"@type":"ListItem","position":1,"name":"Strona g\u0142\u00f3wna","item":"https:\/\/www.eutonomy.com\/pl\/"},{"@type":"ListItem","position":2,"name":"Najbli\u017csze szkolenie"}]},{"@type":"WebSite","@id":"https:\/\/www.eutonomy.com\/fr\/#website","url":"https:\/\/www.eutonomy.com\/fr\/","name":"Eutonomy","description":"","potentialAction":[{"@type":"SearchAction","target":{"@type":"EntryPoint","urlTemplate":"https:\/\/www.eutonomy.com\/fr\/?s={search_term_string}"},"query-input":{"@type":"PropertyValueSpecification","valueRequired":true,"valueName":"search_term_string"}}],"inLanguage":"pl-PL"}]}},"_links":{"self":[{"href":"https:\/\/www.eutonomy.com\/pl\/wp-json\/wp\/v2\/pages\/7095","targetHints":{"allow":["GET"]}}],"collection":[{"href":"https:\/\/www.eutonomy.com\/pl\/wp-json\/wp\/v2\/pages"}],"about":[{"href":"https:\/\/www.eutonomy.com\/pl\/wp-json\/wp\/v2\/types\/page"}],"author":[{"embeddable":true,"href":"https:\/\/www.eutonomy.com\/pl\/wp-json\/wp\/v2\/users\/7"}],"replies":[{"embeddable":true,"href":"https:\/\/www.eutonomy.com\/pl\/wp-json\/wp\/v2\/comments?post=7095"}],"version-history":[{"count":5,"href":"https:\/\/www.eutonomy.com\/pl\/wp-json\/wp\/v2\/pages\/7095\/revisions"}],"predecessor-version":[{"id":7100,"href":"https:\/\/www.eutonomy.com\/pl\/wp-json\/wp\/v2\/pages\/7095\/revisions\/7100"}],"wp:attachment":[{"href":"https:\/\/www.eutonomy.com\/pl\/wp-json\/wp\/v2\/media?parent=7095"}],"curies":[{"name":"wp","href":"https:\/\/api.w.org\/{rel}","templated":true}]}}