{"id":7101,"date":"2020-11-25T18:02:14","date_gmt":"2020-11-25T17:02:14","guid":{"rendered":"https:\/\/www2.eutonomy.com\/o-nas\/"},"modified":"2022-11-07T16:18:48","modified_gmt":"2022-11-07T15:18:48","slug":"about-us","status":"publish","type":"page","link":"https:\/\/www.eutonomy.com\/pl\/about-us\/","title":{"rendered":"O nas"},"content":{"rendered":"\n\n\n\n\n[et_pb_section fb_built=&#8221;1&#8243; fullwidth=&#8221;on&#8221; admin_label=&#8221;Hero&#8221; _builder_version=&#8221;4.4.8&#8243; background_enable_image=&#8221;off&#8221; parallax=&#8221;on&#8221; locked=&#8221;off&#8221;][et_pb_fullwidth_slider use_bg_overlay=&#8221;on&#8221; use_text_overlay=&#8221;off&#8221; _builder_version=&#8221;4.6.5&#8243; header_level=&#8221;h1&#8243; header_font=&#8221;Open Sans|700|||||||&#8221; header_line_height=&#8221;1.1em&#8221; body_font=&#8221;Open Sans|600|||||||&#8221; header_text_shadow_style=&#8221;preset3&#8243; body_text_shadow_style=&#8221;preset3&#8243; text_shadow_style=&#8221;preset3&#8243;][et_pb_slide heading=&#8221;Eutonomy zmienia \u015bwiat automatyki domowej i bran\u017c\u0119 inteligentnych budynk\u00f3w. &#8221; use_bg_overlay=&#8221;off&#8221; _builder_version=&#8221;4.6.5&#8243; header_font=&#8221;Open Sans|600|||||||&#8221; header_text_align=&#8221;right&#8221; header_font_size=&#8221;36px&#8221; header_line_height=&#8221;1.1em&#8221; body_text_align=&#8221;right&#8221; body_line_height=&#8221;1em&#8221; background_image=&#8221;https:\/\/www.eutonomy.com\/wp-content\/uploads\/2020\/05\/it-services-04.jpg&#8221; background_enable_image=&#8221;on&#8221; custom_button=&#8221;on&#8221; button_border_radius=&#8221;100px&#8221; button_alignment=&#8221;left&#8221; sticky_transition=&#8221;on&#8221;][\/et_pb_slide][\/et_pb_fullwidth_slider][\/et_pb_section][et_pb_section fb_built=&#8221;1&#8243; admin_label=&#8221;About Us&#8221; _builder_version=&#8221;4.5.0&#8243; custom_padding=&#8221;29px|0px|0|0px|false|false&#8221; locked=&#8221;off&#8221;][et_pb_row _builder_version=&#8221;4.4.4&#8243; custom_padding=&#8221;||0px|||&#8221; animation_style=&#8221;fade&#8221;][et_pb_column type=&#8221;4_4&#8243; _builder_version=&#8221;3.25&#8243; custom_padding=&#8221;|||&#8221; custom_padding__hover=&#8221;|||&#8221;][et_pb_text _builder_version=&#8221;4.6.5&#8243; text_font=&#8221;Open Sans||||||||&#8221; header_font=&#8221;Open Sans|300|||||||&#8221; header_text_align=&#8221;center&#8221; header_font_size=&#8221;35px&#8221; header_2_font=&#8221;Open Sans|300|||||||&#8221; header_2_text_align=&#8221;center&#8221; header_2_font_size=&#8221;30px&#8221; header_3_text_align=&#8221;center&#8221; header_3_font_size=&#8221;35px&#8221; header_4_text_align=&#8221;center&#8221; header_4_font_size=&#8221;35px&#8221; header_5_text_align=&#8221;center&#8221; header_5_font_size=&#8221;35px&#8221; header_6_text_align=&#8221;center&#8221; header_6_font_size=&#8221;35px&#8221; custom_padding=&#8221;||31px|||&#8221;]<h2 style=\"text-align: left;\">Poznaj firm\u0119 Eutonomy<\/h2>\n<p style=\"text-align: left;\">Od 2016 roku projektujemy, konstruujemy i wytwarzamy produkty oraz rozwi\u0105zania systemowe, kt\u00f3re usprawniaj\u0105 dzia\u0142anie inteligentnych budynk\u00f3w.<\/p>\n<p style=\"text-align: left;\">Dzi\u0119ki produktom Eutonomy wszystkie urz\u0105dzania Smart Home wsp\u00f3\u0142dzia\u0142aj\u0105 ze sob\u0105. Naszym celem jest zmiana sposobu \u017cycia tysi\u0119cy u\u017cytkownik\u00f3w. Zale\u017cy nam, aby wyposa\u017cenie dom\u00f3w, biur, miejsc pracy, rozrywki i wypoczynku by\u0142y w pe\u0142ni funkcjonalne i nowoczesne. \u0141\u0105czymy ze sob\u0105 \u015bwiaty elektroniki, programowania, sprz\u0119tu, mechaniki i dobrze przemy\u015blane procesy produkcyjne.<\/p>[\/et_pb_text][\/et_pb_column][\/et_pb_row][et_pb_row column_structure=&#8221;1_3,2_3&#8243; make_equal=&#8221;on&#8221; padding_top_bottom_link_2=&#8221;true&#8221; padding_left_right_link_2=&#8221;true&#8221; _builder_version=&#8221;4.5.0&#8243; background_color=&#8221;#ffffff&#8221; background_color_gradient_direction=&#8221;90deg&#8221; custom_margin=&#8221;0px|auto||auto|false|false&#8221; custom_margin_tablet=&#8221;80px|||10%&#8221; custom_margin_last_edited=&#8221;off|desktop&#8221; custom_padding=&#8221;0px|0px|0px|50px|true|false&#8221; animation_direction=&#8221;right&#8221; border_radii=&#8221;off|15px|15px||&#8221;][et_pb_column type=&#8221;1_3&#8243; _builder_version=&#8221;4.4.8&#8243; background_image=&#8221;https:\/\/www.eutonomy.com\/wp-content\/uploads\/2020\/06\/eutonomy-5.jpg&#8221; background_size=&#8221;contain&#8221; custom_padding=&#8221;|||&#8221; custom_padding_tablet=&#8221;0%||0%||true&#8221; custom_padding_phone=&#8221;0%||0%|&#8221; custom_padding_last_edited=&#8221;off|desktop&#8221; padding_phone=&#8221;0%||0%|&#8221; padding_tablet=&#8221;0%||0%||true&#8221; padding_last_edited=&#8221;off|desktop&#8221; custom_padding__hover=&#8221;|||&#8221;][et_pb_divider show_divider=&#8221;off&#8221; _builder_version=&#8221;4.4.8&#8243; height=&#8221;300px&#8221; custom_padding=&#8221;0px|||||&#8221; locked=&#8221;off&#8221;][\/et_pb_divider][\/et_pb_column][et_pb_column type=&#8221;2_3&#8243; _builder_version=&#8221;3.25&#8243; custom_padding=&#8221;60px|5%|60px|5%&#8221; custom_padding__hover=&#8221;|||&#8221;][et_pb_text _builder_version=&#8221;4.6.5&#8243; text_font=&#8221;Open Sans||||||||&#8221; header_text_align=&#8221;center&#8221; header_font_size=&#8221;35px&#8221; header_2_font=&#8221;Open Sans||||||||&#8221; header_2_text_align=&#8221;center&#8221; header_2_font_size=&#8221;35px&#8221; header_3_text_align=&#8221;center&#8221; header_3_font_size=&#8221;35px&#8221; header_4_text_align=&#8221;center&#8221; header_4_font_size=&#8221;35px&#8221; header_5_text_align=&#8221;center&#8221; header_5_font_size=&#8221;35px&#8221; header_6_text_align=&#8221;center&#8221; header_6_font_size=&#8221;35px&#8221; custom_margin=&#8221;-15px|||-30px|false|false&#8221; custom_padding=&#8221;0px|||||&#8221; locked=&#8221;off&#8221;]<h2 style=\"text-align: left;\"><\/h2>\n<p style=\"text-align: left;\">\u0141\u0105czymy ze sob\u0105 \u015bwiaty elektroniki, programowania, sprz\u0119tu, mechaniki i dobrze przemy\u015blane procesy produkcyjne.<\/p>\n<p style=\"text-align: left;\">Ogromn\u0105 wag\u0119 przywi\u0105zujemy do wysokiej jako\u015bci produkt\u00f3w; nasze rozwi\u0105zania s\u0105 zaprojektowane i zbudowane z uwzgl\u0119dnieniem najwy\u017cszych standard\u00f3w jako\u015bciowych, kt\u00f3re \u015bci\u015ble kontrolujemy.<\/p>\n<p style=\"text-align: left;\">Wszystkie produkty s\u0105 tworzone przez do\u015bwiadczonych polskich in\u017cynier\u00f3w.<\/p>\n<p style=\"text-align: left;\">Trzon zespo\u0142u tworz\u0105 specjali\u015bci z ponad 28-letnim sta\u017cem w dziedzinie integracji automatyki dom\u00f3w inteligentnych, sieci komputerowych oraz system\u00f3w multimedialnych.<\/p>[\/et_pb_text][\/et_pb_column][\/et_pb_row][\/et_pb_section][et_pb_section fb_built=&#8221;1&#8243; _builder_version=&#8221;4.5.0&#8243; custom_padding=&#8221;0px||0px|||&#8221;][et_pb_row column_structure=&#8221;1_2,1_2&#8243; _builder_version=&#8221;3.25&#8243; custom_margin=&#8221;|||&#8221; locked=&#8221;off&#8221;][et_pb_column type=&#8221;1_2&#8243; _builder_version=&#8221;3.25&#8243; custom_padding=&#8221;|||&#8221; custom_padding__hover=&#8221;|||&#8221;][et_pb_blurb title=&#8221;Rapid Prototyping&#8221; use_icon=&#8221;on&#8221; font_icon=&#8221;%%49%%&#8221; icon_placement=&#8221;left&#8221; content_max_width=&#8221;100%&#8221; icon_font_size=&#8221;22px&#8221; _builder_version=&#8221;4.6.5&#8243; header_font=&#8221;Open Sans|700|||||||&#8221; header_text_align=&#8221;left&#8221; header_font_size=&#8221;18px&#8221; header_line_height=&#8221;1.2em&#8221; body_font=&#8221;Open Sans||||||||&#8221; body_line_height=&#8221;1.8em&#8221; custom_margin=&#8221;|||&#8221; header_font_size_last_edited=&#8221;off|desktop&#8221; locked=&#8221;off&#8221;]<p style=\"text-align: left;\">Jeste\u015bmy ekspertami w Szybkim Prototypowaniu. Wykonujemy prototypy urz\u0105dze\u0144 potrzebnych na rynku inteligentnych budynk\u00f3w, kt\u00f3rych brakuje u\u017cytkownikom ko\u0144cowym i instalatorom. Dzia\u0142amy precyzyjnie i skutecznie. Nieustannie pracujemy nad nowymi projektami.<\/p>[\/et_pb_blurb][\/et_pb_column][et_pb_column type=&#8221;1_2&#8243; _builder_version=&#8221;3.25&#8243; custom_padding=&#8221;|||&#8221; custom_padding__hover=&#8221;|||&#8221;][et_pb_blurb title=&#8221;Sprzeda\u017c produkt\u00f3w na ca\u0142ym \u015bwiecie&#8221; use_icon=&#8221;on&#8221; font_icon=&#8221;%%49%%&#8221; icon_placement=&#8221;left&#8221; content_max_width=&#8221;100%&#8221; icon_font_size=&#8221;22px&#8221; _builder_version=&#8221;4.6.5&#8243; header_font=&#8221;Open Sans|700|||||||&#8221; header_text_align=&#8221;left&#8221; header_font_size=&#8221;18px&#8221; header_line_height=&#8221;1.2em&#8221; body_font=&#8221;Open Sans||||||||&#8221; body_line_height=&#8221;1.8em&#8221; custom_margin=&#8221;|||&#8221; locked=&#8221;off&#8221;]<p style=\"text-align: left;\">Nasze produkty zosta\u0142y docenione przez u\u017cytkownik\u00f3w w ponad 17 krajach w Europie i kilkunastu na ca\u0142ym \u015bwiecie od Ameryki po Azj\u0119.<\/p>[\/et_pb_blurb][\/et_pb_column][\/et_pb_row][\/et_pb_section][et_pb_section fb_built=&#8221;1&#8243; _builder_version=&#8221;4.4.8&#8243; custom_padding=&#8221;29px||40px|||&#8221;][et_pb_row _builder_version=&#8221;4.4.8&#8243;][et_pb_column type=&#8221;4_4&#8243; _builder_version=&#8221;4.4.8&#8243;][et_pb_text _builder_version=&#8221;4.6.5&#8243; header_font=&#8221;Open Sans|300|||||||&#8221;]<h1 style=\"text-align: left;\">Tw\u00f3rcy Eutonomy<\/h1>[\/et_pb_text][\/et_pb_column][\/et_pb_row][et_pb_row column_structure=&#8221;1_2,1_2&#8243; make_equal=&#8221;on&#8221; padding_top_bottom_link_2=&#8221;true&#8221; padding_left_right_link_2=&#8221;true&#8221; _builder_version=&#8221;4.6.5&#8243; background_color=&#8221;#ffffff&#8221; background_color_gradient_direction=&#8221;90deg&#8221; custom_margin=&#8221;0px|auto|35px|auto|false|false&#8221; custom_margin_tablet=&#8221;80px|||10%&#8221; custom_margin_last_edited=&#8221;off|desktop&#8221; custom_padding=&#8221;15px|0px|15px|40px|true|false&#8221; animation_direction=&#8221;right&#8221; border_radii=&#8221;on|6px|6px|6px|6px&#8221; box_shadow_style=&#8221;preset3&#8243; box_shadow_vertical=&#8221;20px&#8221; box_shadow_blur=&#8221;250px&#8221; box_shadow_spread=&#8221;0px&#8221; box_shadow_color=&#8221;#dbdbdb&#8221; locked=&#8221;off&#8221;][et_pb_column type=&#8221;1_2&#8243; _builder_version=&#8221;4.6.5&#8243; background_image=&#8221;https:\/\/www.eutonomy.com\/wp-content\/uploads\/2020\/10\/EUTONOMY_ZDJECIA_-p.Maciej_-na-www_20_10_20-1.jpg&#8221; background_size=&#8221;contain&#8221; custom_padding=&#8221;||||false|false&#8221; custom_padding_tablet=&#8221;0%||0%||true&#8221; custom_padding_phone=&#8221;0%||0%|&#8221; custom_padding_last_edited=&#8221;off|desktop&#8221; padding_phone=&#8221;0%||0%|&#8221; padding_tablet=&#8221;0%||0%||true&#8221; padding_last_edited=&#8221;off|desktop&#8221; custom_padding__hover=&#8221;|||&#8221;][et_pb_divider show_divider=&#8221;off&#8221; _builder_version=&#8221;4.5.0&#8243; height=&#8221;300px&#8221; custom_margin=&#8221;||||false|false&#8221; custom_padding=&#8221;||||false|false&#8221;][\/et_pb_divider][\/et_pb_column][et_pb_column type=&#8221;1_2&#8243; _builder_version=&#8221;4.4.4&#8243; custom_padding=&#8221;60px|5%|60px|5%&#8221; custom_padding__hover=&#8221;|||&#8221;][et_pb_text _builder_version=&#8221;4.6.5&#8243; text_font=&#8221;Open Sans||||||||&#8221; header_text_align=&#8221;center&#8221; header_font_size=&#8221;35px&#8221; header_2_font=&#8221;Open Sans|300|||||||&#8221; header_2_text_align=&#8221;center&#8221; header_2_font_size=&#8221;35px&#8221; header_3_text_align=&#8221;center&#8221; header_3_font_size=&#8221;35px&#8221; header_4_text_align=&#8221;center&#8221; header_4_font_size=&#8221;35px&#8221; header_5_text_align=&#8221;center&#8221; header_5_font_size=&#8221;35px&#8221; header_6_text_align=&#8221;center&#8221; header_6_font_size=&#8221;35px&#8221; custom_margin=&#8221;||||false|true&#8221; hover_enabled=&#8221;0&#8243; locked=&#8221;off&#8221; sticky_enabled=&#8221;0&#8243;]<h2 style=\"text-align: left;\">Maciej Skrzypczy\u0144ski<\/h2>\n<p style=\"text-align: left;\">Dyrektor Techniczny, CTO<\/p>\n<p style=\"text-align: left;\">Projektuje i konstruuje produkty Eutonomy, odpowiada za obszar produktowy i technologiczny firmy. Obserwuje rynek i jego potrzeby, a nast\u0119pnie przek\u0142ada je na nowe projekty i rozwi\u0105zania Eutonomy. Przez 28 lat prowadzi\u0142 firm\u0119 projektow\u0105 i instalatorsk\u0105 w bran\u017cy dom\u00f3w inteligentnych.<\/p>[\/et_pb_text][\/et_pb_column][\/et_pb_row][et_pb_row column_structure=&#8221;1_2,1_2&#8243; make_equal=&#8221;on&#8221; padding_top_bottom_link_2=&#8221;true&#8221; padding_left_right_link_2=&#8221;true&#8221; _builder_version=&#8221;4.6.5&#8243; background_color=&#8221;#ffffff&#8221; background_color_gradient_direction=&#8221;90deg&#8221; custom_margin=&#8221;13px|auto|13px|auto|true|false&#8221; custom_margin_tablet=&#8221;80px|||10%&#8221; custom_margin_last_edited=&#8221;off|desktop&#8221; custom_padding=&#8221;15px|0px|15px|40px|true|false&#8221; animation_direction=&#8221;right&#8221; border_radii=&#8221;on|6px|6px|6px|6px&#8221; box_shadow_style=&#8221;preset3&#8243; box_shadow_vertical=&#8221;20px&#8221; box_shadow_blur=&#8221;250px&#8221; box_shadow_spread=&#8221;0px&#8221; box_shadow_color=&#8221;#dbdbdb&#8221; locked=&#8221;off&#8221;][et_pb_column type=&#8221;1_2&#8243; _builder_version=&#8221;4.6.5&#8243; background_image=&#8221;https:\/\/www.eutonomy.com\/wp-content\/uploads\/2020\/10\/EUTONOMY_ZDJECIA-_Jan-casual-na-www-20_10_20-3.jpg&#8221; background_size=&#8221;contain&#8221; custom_padding_tablet=&#8221;0%||0%||true&#8221; custom_padding_phone=&#8221;0%||0%|&#8221; custom_padding_last_edited=&#8221;off|desktop&#8221; padding_phone=&#8221;0%||0%|&#8221; padding_tablet=&#8221;0%||0%||true&#8221; padding_last_edited=&#8221;off|desktop&#8221; custom_padding__hover=&#8221;|||&#8221;][et_pb_divider show_divider=&#8221;off&#8221; _builder_version=&#8221;4.4.6&#8243; height=&#8221;300px&#8221;][\/et_pb_divider][\/et_pb_column][et_pb_column type=&#8221;1_2&#8243; _builder_version=&#8221;4.4.4&#8243; custom_padding=&#8221;60px|5%|60px|5%&#8221; custom_padding__hover=&#8221;|||&#8221;][et_pb_text _builder_version=&#8221;4.5.0&#8243; text_font=&#8221;Open Sans||||||||&#8221; header_font=&#8221;Open Sans|300|||||||&#8221; header_text_align=&#8221;center&#8221; header_font_size=&#8221;35px&#8221; header_2_font=&#8221;Open Sans|300|||||||&#8221; header_2_text_align=&#8221;center&#8221; header_2_font_size=&#8221;35px&#8221; header_3_text_align=&#8221;center&#8221; header_3_font_size=&#8221;35px&#8221; header_4_text_align=&#8221;center&#8221; header_4_font_size=&#8221;35px&#8221; header_5_text_align=&#8221;center&#8221; header_5_font_size=&#8221;35px&#8221; header_6_text_align=&#8221;center&#8221; header_6_font_size=&#8221;35px&#8221; custom_margin=&#8221;|||-50px|false|false&#8221; hover_enabled=&#8221;0&#8243; locked=&#8221;off&#8221; sticky_enabled=&#8221;0&#8243;]<h2 style=\"text-align: left;\">Jan Kroh<\/h2>\n<p style=\"text-align: left;\"><span style=\"font-size: 15px;\">CEO Eutonomy<\/span><\/p>\n<p style=\"text-align: left;\">Zarz\u0105dza Eutonomy.<\/p>\n<p style=\"text-align: left;\">Ma ponad 20 letnie do\u015bwiadczenie w zarz\u0105dzaniu i rozwoju firm w takich organizacjach jak Andersen Consulting\/Accenture, IBM, T-Systems, Capgemini, jPALIO, jPBS innych, gdzie z sukcesem realizowa\u0142 cele biznesowe, tworzy\u0142 i rozwija\u0142 strategie dzia\u0142alno\u015bci przedsi\u0119biorstw. W Eutonomy odpowiada r\u00f3wnie\u017c za marketing i sprzeda\u017c.<\/p>[\/et_pb_text][\/et_pb_column][\/et_pb_row][\/et_pb_section]\n\n\n\n\n","protected":false},"excerpt":{"rendered":"<p>Poznaj firm\u0119 Eutonomy Od 2016 roku projektujemy, konstruujemy i wytwarzamy produkty oraz rozwi\u0105zania systemowe, kt\u00f3re usprawniaj\u0105 dzia\u0142anie inteligentnych budynk\u00f3w. Dzi\u0119ki produktom Eutonomy wszystkie urz\u0105dzania Smart Home wsp\u00f3\u0142dzia\u0142aj\u0105 ze sob\u0105. Naszym celem jest zmiana sposobu \u017cycia tysi\u0119cy u\u017cytkownik\u00f3w. Zale\u017cy nam, aby wyposa\u017cenie dom\u00f3w, biur, miejsc pracy, rozrywki i wypoczynku by\u0142y w pe\u0142ni funkcjonalne i nowoczesne. \u0141\u0105czymy [&hellip;]<\/p>\n","protected":false},"author":14,"featured_media":7027,"parent":0,"menu_order":0,"comment_status":"closed","ping_status":"closed","template":"","meta":{"_et_pb_use_builder":"on","_et_pb_old_content":"","_et_gb_content_width":"","footnotes":""},"class_list":["post-7101","page","type-page","status-publish","has-post-thumbnail","hentry"],"yoast_head":"<!-- This site is optimized with the Yoast SEO plugin v27.3 - https:\/\/yoast.com\/product\/yoast-seo-wordpress\/ -->\n<title>O nas - Eutonomy<\/title>\n<meta name=\"description\" content=\"Dzi\u0119ki Eutonomy system inteligentnego budynku staje si\u0119 jeszcze bardziej funkcjonalny.\" \/>\n<meta name=\"robots\" content=\"index, follow, max-snippet:-1, max-image-preview:large, max-video-preview:-1\" \/>\n<link rel=\"canonical\" href=\"https:\/\/www.eutonomy.com\/pl\/about-us\/\" \/>\n<meta property=\"og:locale\" content=\"pl_PL\" \/>\n<meta property=\"og:type\" content=\"article\" \/>\n<meta property=\"og:title\" content=\"O nas - Eutonomy\" \/>\n<meta property=\"og:description\" content=\"Dzi\u0119ki Eutonomy system inteligentnego budynku staje si\u0119 jeszcze bardziej funkcjonalny.\" \/>\n<meta property=\"og:url\" content=\"https:\/\/www.eutonomy.com\/pl\/about-us\/\" \/>\n<meta property=\"og:site_name\" content=\"Eutonomy\" \/>\n<meta property=\"article:modified_time\" content=\"2022-11-07T15:18:48+00:00\" \/>\n<meta property=\"og:image\" content=\"https:\/\/www.eutonomy.com\/wp-content\/uploads\/2020\/06\/euframe_white1-1417x860-1.jpg\" \/>\n\t<meta property=\"og:image:width\" content=\"1417\" \/>\n\t<meta property=\"og:image:height\" content=\"860\" \/>\n\t<meta property=\"og:image:type\" content=\"image\/jpeg\" \/>\n<meta name=\"twitter:card\" content=\"summary_large_image\" \/>\n<meta name=\"twitter:label1\" content=\"Szacowany czas czytania\" \/>\n\t<meta name=\"twitter:data1\" content=\"8 minut\" \/>\n<script type=\"application\/ld+json\" class=\"yoast-schema-graph\">{\"@context\":\"https:\\\/\\\/schema.org\",\"@graph\":[{\"@type\":\"WebPage\",\"@id\":\"https:\\\/\\\/www.eutonomy.com\\\/pl\\\/about-us\\\/\",\"url\":\"https:\\\/\\\/www.eutonomy.com\\\/pl\\\/about-us\\\/\",\"name\":\"O nas - Eutonomy\",\"isPartOf\":{\"@id\":\"https:\\\/\\\/www.eutonomy.com\\\/fr\\\/#website\"},\"primaryImageOfPage\":{\"@id\":\"https:\\\/\\\/www.eutonomy.com\\\/pl\\\/about-us\\\/#primaryimage\"},\"image\":{\"@id\":\"https:\\\/\\\/www.eutonomy.com\\\/pl\\\/about-us\\\/#primaryimage\"},\"thumbnailUrl\":\"https:\\\/\\\/www.eutonomy.com\\\/wp-content\\\/uploads\\\/2020\\\/06\\\/euframe_white1-1417x860-1.jpg\",\"datePublished\":\"2020-11-25T17:02:14+00:00\",\"dateModified\":\"2022-11-07T15:18:48+00:00\",\"description\":\"Dzi\u0119ki Eutonomy system inteligentnego budynku staje si\u0119 jeszcze bardziej funkcjonalny.\",\"breadcrumb\":{\"@id\":\"https:\\\/\\\/www.eutonomy.com\\\/pl\\\/about-us\\\/#breadcrumb\"},\"inLanguage\":\"pl-PL\",\"potentialAction\":[{\"@type\":\"ReadAction\",\"target\":[\"https:\\\/\\\/www.eutonomy.com\\\/pl\\\/about-us\\\/\"]}]},{\"@type\":\"ImageObject\",\"inLanguage\":\"pl-PL\",\"@id\":\"https:\\\/\\\/www.eutonomy.com\\\/pl\\\/about-us\\\/#primaryimage\",\"url\":\"https:\\\/\\\/www.eutonomy.com\\\/wp-content\\\/uploads\\\/2020\\\/06\\\/euframe_white1-1417x860-1.jpg\",\"contentUrl\":\"https:\\\/\\\/www.eutonomy.com\\\/wp-content\\\/uploads\\\/2020\\\/06\\\/euframe_white1-1417x860-1.jpg\",\"width\":1417,\"height\":860},{\"@type\":\"BreadcrumbList\",\"@id\":\"https:\\\/\\\/www.eutonomy.com\\\/pl\\\/about-us\\\/#breadcrumb\",\"itemListElement\":[{\"@type\":\"ListItem\",\"position\":1,\"name\":\"Strona g\u0142\u00f3wna\",\"item\":\"https:\\\/\\\/www.eutonomy.com\\\/pl\\\/\"},{\"@type\":\"ListItem\",\"position\":2,\"name\":\"O nas\"}]},{\"@type\":\"WebSite\",\"@id\":\"https:\\\/\\\/www.eutonomy.com\\\/fr\\\/#website\",\"url\":\"https:\\\/\\\/www.eutonomy.com\\\/fr\\\/\",\"name\":\"Eutonomy\",\"description\":\"\",\"potentialAction\":[{\"@type\":\"SearchAction\",\"target\":{\"@type\":\"EntryPoint\",\"urlTemplate\":\"https:\\\/\\\/www.eutonomy.com\\\/fr\\\/?s={search_term_string}\"},\"query-input\":{\"@type\":\"PropertyValueSpecification\",\"valueRequired\":true,\"valueName\":\"search_term_string\"}}],\"inLanguage\":\"pl-PL\"}]}<\/script>\n<!-- \/ Yoast SEO plugin. -->","yoast_head_json":{"title":"O nas - Eutonomy","description":"Dzi\u0119ki Eutonomy system inteligentnego budynku staje si\u0119 jeszcze bardziej funkcjonalny.","robots":{"index":"index","follow":"follow","max-snippet":"max-snippet:-1","max-image-preview":"max-image-preview:large","max-video-preview":"max-video-preview:-1"},"canonical":"https:\/\/www.eutonomy.com\/pl\/about-us\/","og_locale":"pl_PL","og_type":"article","og_title":"O nas - Eutonomy","og_description":"Dzi\u0119ki Eutonomy system inteligentnego budynku staje si\u0119 jeszcze bardziej funkcjonalny.","og_url":"https:\/\/www.eutonomy.com\/pl\/about-us\/","og_site_name":"Eutonomy","article_modified_time":"2022-11-07T15:18:48+00:00","og_image":[{"width":1417,"height":860,"url":"https:\/\/www.eutonomy.com\/wp-content\/uploads\/2020\/06\/euframe_white1-1417x860-1.jpg","type":"image\/jpeg"}],"twitter_card":"summary_large_image","twitter_misc":{"Szacowany czas czytania":"8 minut"},"schema":{"@context":"https:\/\/schema.org","@graph":[{"@type":"WebPage","@id":"https:\/\/www.eutonomy.com\/pl\/about-us\/","url":"https:\/\/www.eutonomy.com\/pl\/about-us\/","name":"O nas - Eutonomy","isPartOf":{"@id":"https:\/\/www.eutonomy.com\/fr\/#website"},"primaryImageOfPage":{"@id":"https:\/\/www.eutonomy.com\/pl\/about-us\/#primaryimage"},"image":{"@id":"https:\/\/www.eutonomy.com\/pl\/about-us\/#primaryimage"},"thumbnailUrl":"https:\/\/www.eutonomy.com\/wp-content\/uploads\/2020\/06\/euframe_white1-1417x860-1.jpg","datePublished":"2020-11-25T17:02:14+00:00","dateModified":"2022-11-07T15:18:48+00:00","description":"Dzi\u0119ki Eutonomy system inteligentnego budynku staje si\u0119 jeszcze bardziej funkcjonalny.","breadcrumb":{"@id":"https:\/\/www.eutonomy.com\/pl\/about-us\/#breadcrumb"},"inLanguage":"pl-PL","potentialAction":[{"@type":"ReadAction","target":["https:\/\/www.eutonomy.com\/pl\/about-us\/"]}]},{"@type":"ImageObject","inLanguage":"pl-PL","@id":"https:\/\/www.eutonomy.com\/pl\/about-us\/#primaryimage","url":"https:\/\/www.eutonomy.com\/wp-content\/uploads\/2020\/06\/euframe_white1-1417x860-1.jpg","contentUrl":"https:\/\/www.eutonomy.com\/wp-content\/uploads\/2020\/06\/euframe_white1-1417x860-1.jpg","width":1417,"height":860},{"@type":"BreadcrumbList","@id":"https:\/\/www.eutonomy.com\/pl\/about-us\/#breadcrumb","itemListElement":[{"@type":"ListItem","position":1,"name":"Strona g\u0142\u00f3wna","item":"https:\/\/www.eutonomy.com\/pl\/"},{"@type":"ListItem","position":2,"name":"O nas"}]},{"@type":"WebSite","@id":"https:\/\/www.eutonomy.com\/fr\/#website","url":"https:\/\/www.eutonomy.com\/fr\/","name":"Eutonomy","description":"","potentialAction":[{"@type":"SearchAction","target":{"@type":"EntryPoint","urlTemplate":"https:\/\/www.eutonomy.com\/fr\/?s={search_term_string}"},"query-input":{"@type":"PropertyValueSpecification","valueRequired":true,"valueName":"search_term_string"}}],"inLanguage":"pl-PL"}]}},"_links":{"self":[{"href":"https:\/\/www.eutonomy.com\/pl\/wp-json\/wp\/v2\/pages\/7101","targetHints":{"allow":["GET"]}}],"collection":[{"href":"https:\/\/www.eutonomy.com\/pl\/wp-json\/wp\/v2\/pages"}],"about":[{"href":"https:\/\/www.eutonomy.com\/pl\/wp-json\/wp\/v2\/types\/page"}],"author":[{"embeddable":true,"href":"https:\/\/www.eutonomy.com\/pl\/wp-json\/wp\/v2\/users\/14"}],"replies":[{"embeddable":true,"href":"https:\/\/www.eutonomy.com\/pl\/wp-json\/wp\/v2\/comments?post=7101"}],"version-history":[{"count":33,"href":"https:\/\/www.eutonomy.com\/pl\/wp-json\/wp\/v2\/pages\/7101\/revisions"}],"predecessor-version":[{"id":8346,"href":"https:\/\/www.eutonomy.com\/pl\/wp-json\/wp\/v2\/pages\/7101\/revisions\/8346"}],"wp:featuredmedia":[{"embeddable":true,"href":"https:\/\/www.eutonomy.com\/pl\/wp-json\/wp\/v2\/media\/7027"}],"wp:attachment":[{"href":"https:\/\/www.eutonomy.com\/pl\/wp-json\/wp\/v2\/media?parent=7101"}],"curies":[{"name":"wp","href":"https:\/\/api.w.org\/{rel}","templated":true}]}}