{"id":7625,"date":"2020-12-08T19:02:59","date_gmt":"2020-12-08T18:02:59","guid":{"rendered":"https:\/\/www2.eutonomy.com\/polityka-prywatnosci-i-plikow-cookies\/"},"modified":"2024-05-28T12:47:01","modified_gmt":"2024-05-28T10:47:01","slug":"privacy-policy","status":"publish","type":"page","link":"https:\/\/www.eutonomy.com\/pl\/privacy-policy\/","title":{"rendered":"Polityka Prywatno\u015bci i Plik\u00f3w Cookies"},"content":{"rendered":"<p>[et_pb_section fb_built=&#8221;1&#8243; admin_label=&#8221;section&#8221; _builder_version=&#8221;4.16&#8243; global_colors_info=&#8221;{}&#8221;][et_pb_row admin_label=&#8221;row&#8221; _builder_version=&#8221;4.16&#8243; background_size=&#8221;initial&#8221; background_position=&#8221;top_left&#8221; background_repeat=&#8221;repeat&#8221; global_colors_info=&#8221;{}&#8221;][et_pb_column type=&#8221;4_4&#8243; _builder_version=&#8221;4.16&#8243; custom_padding=&#8221;|||&#8221; global_colors_info=&#8221;{}&#8221; custom_padding__hover=&#8221;|||&#8221;][et_pb_text admin_label=&#8221;Text&#8221; _builder_version=&#8221;4.16&#8243; background_size=&#8221;initial&#8221; background_position=&#8221;top_left&#8221; background_repeat=&#8221;repeat&#8221; global_colors_info=&#8221;{}&#8221;]<\/p>\n<p style=\"text-align: left;\">Polityka prywatno\u015bci i&nbsp;polityka dotycz\u0105ca plik\u00f3w cookie na&nbsp;stronie internetowej prowadzona w&nbsp;domenach i&nbsp;pod-domenach eutonomy.com i&nbsp;us\u0142ug \u015bwiadczonych przez&nbsp;Eutonomy<\/p>\n<p style=\"text-align: left;\">\n<p style=\"text-align: left;\">PRZEPISY OG\u00d3LNE<\/p>\n<p style=\"text-align: left;\">1. Niniejszy dokument reguluje Polityk\u0119 prywatno\u015bci i&nbsp;polityk\u0119 dotycz\u0105c\u0105 plik\u00f3w cookie na&nbsp;stronie internetowej prowadzonej w&nbsp;domenach i&nbsp;pod-domenach eutonomy.com oraz&nbsp;us\u0142ug \u015bwiadczonych przez&nbsp;Eutonomy (zwanej dalej Witryn\u0105 i&nbsp;Us\u0142ugami). Eutonomy Sp. z&nbsp;o.o. Sp.K. wykazuje nale\u017cyt\u0105 staranno\u015b\u0107 w&nbsp;celu poszanowania prywatno\u015bci u\u017cytkownik\u00f3w serwisu. Korzystaj\u0105c z&nbsp;produkt\u00f3w, us\u0142ug lub stron internetowych Eutonomy, akceptujesz spos\u00f3b gromadzenia i&nbsp;wykorzystywania danych osobowych do&nbsp;cel\u00f3w opisanych w&nbsp;niniejszym dokumencie.<\/p>\n<p style=\"text-align: left;\">2. Niniejsza witryna i&nbsp;dokument ma&nbsp;charakter informacyjny, co&nbsp;oznacza, \u017ce&nbsp;\u200b\u200bnie jest to&nbsp;\u017ar\u00f3d\u0142o obowi\u0105zk\u00f3w dla Odbiorc\u00f3w Us\u0142ugi lub Klient\u00f3w serwisu WWW.<\/p>\n<p style=\"text-align: left;\">3. Administratorem danych osobowych zebranych za&nbsp;po\u015brednictwem Witryny i&nbsp;Us\u0142ug jest\u00a0<strong>Eutonomy Sp. z&nbsp;o.o. Sp.K.<\/strong>\u00a0zarejestrowana w&nbsp;\u0141odzi, ul.&nbsp;Piotrkowska 121 \/ 3a; 90-430 \u0141\u00f3d\u017a, wpisana do&nbsp;Rejestru Przedsi\u0119biorc\u00f3w Krajowego Rejestru S\u0105dowego prowadzonego przez&nbsp;S\u0105d Rejonowy \u0141\u00f3d\u017a \u015ar\u00f3dmie\u015bcie w&nbsp;\u0141odzi, XX Wydzia\u0142 Gospodarczy Krajowego Rejestru S\u0105dowego pod&nbsp;numerem: 0000614778, NIP: 7252129926,<\/p>\n<p style=\"text-align: left;\">e-mail:\u00a0<a href=\"mailto:office@eutonomy.com\">office@eutonomy.com<\/a><\/p>\n<p style=\"text-align: left;\">4. Dane osobowe u\u017cytkownik\u00f3w s\u0105&nbsp;przetwarzane zgodnie z&nbsp;ustaw\u0105 o&nbsp;ochronie danych osobowych z&nbsp;dnia 29 sierpnia 1997&nbsp;r. (Zwan\u0105 dalej &#8222;ustaw\u0105 o&nbsp;ochronie danych osobowych &#8211; PDPA&#8221;), ustaw\u0105 z&nbsp;dnia 18 lipca 2002&nbsp;r. o&nbsp;\u015bwiadczeniu us\u0142ug drog\u0105 elektroniczn\u0105 oraz&nbsp;z&nbsp;ustaw\u0105 z&nbsp;dnia 25 maja 2018 (zwan\u0105 dalej &#8222;RODO&#8221;).<\/p>\n<p style=\"text-align: left;\">5. Administrator danych osobowych podejmuje nale\u017cyt\u0105 staranno\u015b\u0107, aby chroni\u0107 prawa U\u017cytkownik\u00f3w, kt\u00f3rych&nbsp;dane podlegaj\u0105 przetwarzaniu, a&nbsp;zw\u0142aszcza zapewnia, \u017ce&nbsp;dane:<br \/> \u2022 przetwarzane s\u0105&nbsp;zgodnie z&nbsp;prawem,<br \/> \u2022 zebrane s\u0105&nbsp;w&nbsp;celach opisanych w&nbsp;niniejszym dokumencie, kt\u00f3re s\u0105&nbsp;zgodne z&nbsp;prawem,<br \/> \u2022 nie&nbsp;podlegaj\u0105 dalszej obr\u00f3bce, kt\u00f3ra&nbsp;jest niezgodna z&nbsp;celami wskazanymi powy\u017cej,<br \/> \u2022 s\u0105&nbsp;faktycznie poprawne i&nbsp;dok\u0142adne w&nbsp;odniesieniu do&nbsp;cel\u00f3w, dla kt\u00f3rych&nbsp;s\u0105&nbsp;przetwarzane,<br \/> \u2022 s\u0105&nbsp;odpowiednio zabezpieczone,<br \/> \u2022 przechowywane s\u0105&nbsp;w&nbsp;spos\u00f3b umo\u017cliwiaj\u0105cy identyfikacj\u0119 os\u00f3b, kt\u00f3rych&nbsp;dotycz\u0105, ale&nbsp;nie&nbsp;d\u0142u\u017cej ni\u017c jest to&nbsp;konieczne do&nbsp;osi\u0105gni\u0119cia celu przetwarzania<\/p>\n<p style=\"text-align: left;\">6. Poniewa\u017c administrator danych osobowych \u015bwiadczy us\u0142ugi na&nbsp;ca\u0142ym \u015bwiecie i&nbsp;wsp\u00f3\u0142pracuje z&nbsp;partnerami na&nbsp;ca\u0142ym \u015bwiecie, dost\u0119p do&nbsp;danych naszych klient\u00f3w mo\u017ce by\u0107 udost\u0119pniany partnerom w&nbsp;regionach, w&nbsp;kt\u00f3rych&nbsp;prawa dotycz\u0105ce zbierania i&nbsp;wykorzystywania danych osobowych mog\u0105 r\u00f3\u017cni\u0107 si\u0119 od&nbsp;prawa europejskiego, zatem nale\u017cy pami\u0119ta\u0107, \u017ce&nbsp;dane osobowe mog\u0105 zostan\u0105 przekazane innym pa\u0144stwom, w&nbsp;tym Stanom Zjednoczonym Ameryki i&nbsp;U\u017cytkownik przekazuj\u0105c dane osobowe wyra\u017ca niniejszym zgod\u0119 na&nbsp;takie przekazanie danych.<br \/> Eutonomy Sp. z&nbsp;o.o. Sp.K. jest \u015bwiadoma przepis\u00f3w zawartych w&nbsp;Karcie Prywatno\u015bci, opracowanych przez&nbsp;Departament Handlu Stan\u00f3w Zjednoczonych i&nbsp;Komisji Europejskiej, aby zapewni\u0107 firmom mechanizmy przestrzegania wymog\u00f3w UE w&nbsp;zakresie ochrony danych przy przesy\u0142aniu danych osobowych z&nbsp;Unii Europejskiej do&nbsp;Stan\u00f3w Zjednoczonych.<\/p>\n<p style=\"text-align: left;\">\n<p style=\"text-align: left;\">CEL I&nbsp;ZAKRES ZBIERANIA DANYCH ORAZ&nbsp;ODBIORCY DANYCH<\/p>\n<p style=\"text-align: left;\">1. W&nbsp;ka\u017cdym przypadku cel i&nbsp;zakres danych przetwarzanych przez&nbsp;Administratora jest wynikiem dzia\u0142a\u0144 podj\u0119tych przez&nbsp;Odbiorc\u0119 lub Klienta podczas korzystania z&nbsp;us\u0142ug, produkt\u00f3w lub stron internetowych.<br \/> Lista mo\u017cliwych cel\u00f3w gromadzenia danych osobowych przez&nbsp;Odbiorc\u00f3w lub Klient\u00f3w przez&nbsp;Administratora obejmuje:<br \/> a. dostosowywanie naszych us\u0142ug i&nbsp;produkt\u00f3w,<br \/> b.&nbsp;popraw\u0119 obs\u0142ugi Klienta, dostarczone informacje pomog\u0105 nam skuteczniej reagowa\u0107 na&nbsp;wnioski i&nbsp;potrzeby Klient\u00f3w oraz&nbsp;pozwol\u0105 nam oferowa\u0107 wsparcie w&nbsp;dostarczaniu us\u0142ug.<br \/> c. przetwarzania zam\u00f3wie\u0144, roszcze\u0144 gwarancyjnych i&nbsp;p\u0142atno\u015bci od&nbsp;naszych u\u017cytkownik\u00f3w, niezale\u017cnych sprzedawc\u00f3w i&nbsp;dystrybutor\u00f3w.<br \/> d. uruchamianie ofert specjalnych, konkurs\u00f3w, recenzji i&nbsp;innych funkcji<br \/> e. prowadzenie bada\u0144 rynkowych dotycz\u0105cych naszych u\u017cytkownik\u00f3w w&nbsp;celu ulepszenia naszych kampanii marketingowych oraz&nbsp;tre\u015bci naszych serwis\u00f3w internetowych,<br \/> f. kontakt telefoniczny z&nbsp;Klientami w&nbsp;celu om\u00f3wienia us\u0142ug wykorzystywanych przez&nbsp;Klient\u00f3w, dost\u0119pu do&nbsp;konta lub odpowiedzi na&nbsp;pytania<br \/> g. inne cele, je\u015bli zostanie wydana zgoda<br \/> h. prezentacja ofert biznesowych<br \/> i. wysy\u0142anie newslettera,<br \/> j. zawarcia kontraktu i&nbsp;\u015bwiadczenia us\u0142ug osobom, z&nbsp;kt\u00f3rymi kontrakty zosta\u0142y zawarte<br \/> k. bezpo\u015bredni marketing w\u0142asnych produkt\u00f3w lub us\u0142ug Administratora.<\/p>\n<p style=\"text-align: left;\">2. Administrator mo\u017ce przetwarza\u0107 nast\u0119puj\u0105ce dane osobowe Odbiorc\u00f3w lub Klient\u00f3w Serwisu:<br \/> a. imi\u0119 i&nbsp;nazwisko,<br \/> b.&nbsp;adres zamieszkania,<br \/> c. numer telefonu,<br \/> d. adres e-mail,<br \/> e. adres IP zakupionego urz\u0105dzenia<br \/> f. g\u0142osu (dane biometryczne),<br \/> g. numer seryjny urz\u0105dzenia,<br \/> h. kod pocztowy,<br \/> i. og\u00f3lne dane lokalizacyjne (kraj, miasto, region),<br \/> j. typy urz\u0105dze\u0144 u\u017cywanych do&nbsp;uzyskiwania dost\u0119pu do&nbsp;strony internetowej,<br \/> k. statystyki wykorzystania (np.&nbsp;czas u\u017cytkowania, liczba aktywnych u\u017cytkownik\u00f3w),<\/p>\n<p style=\"text-align: left;\">3. Podanie danych osobowych wymienionych powy\u017cej mo\u017ce by\u0107 konieczne do&nbsp;zawarcia i&nbsp;zako\u0144czenia Umowy Sprzeda\u017cy lub Umowy o&nbsp;\u015bwiadczenie Us\u0142ug Elektronicznych przez&nbsp;Internet. W&nbsp;ka\u017cdym przypadku zakres danych niezb\u0119dnych do&nbsp;zawarcia umowy jest podawany na&nbsp;stronie internetowej i&nbsp;w&nbsp;regulaminie serwisu. Administrator danych osobowych za\u015bwiadcza, \u017ce&nbsp;zgodnie z&nbsp;ustaw\u0105 o&nbsp;ochronie danych osobowych mo\u017ce powierza\u0107 przetwarzanie danych osobowych U\u017cytkownik\u00f3w, kt\u00f3rych&nbsp;danymi administruje, innym firmom, aby mog\u0142y prawid\u0142owo wype\u0142nia\u0107 swoje obowi\u0105zki zwi\u0105zane z&nbsp;hostingiem, administrowaniem, utrzymywa\u0107 i&nbsp;zarz\u0105dza\u0107 Witryn\u0105 i&nbsp;Us\u0142ugami oraz&nbsp;zarz\u0105dza\u0107 witryn\u0105 i&nbsp;us\u0142ugami, a&nbsp;tak\u017ce eliminowa\u0107 okoliczno\u015bci zabronionego korzystania z&nbsp;us\u0142ug \u015bwiadczonych drog\u0105 elektroniczn\u0105.<\/p>\n<p style=\"text-align: left;\">\n<p style=\"text-align: left;\">\n<p style=\"text-align: left;\">\u00a0CIASTECZKA I&nbsp;DANE OPERACYJNE<\/p>\n<p style=\"text-align: left;\">1. Pliki cookie to&nbsp;pliki tekstowe, kt\u00f3re s\u0105&nbsp;zapisywane i&nbsp;przechowywane w&nbsp;pami\u0119ci urz\u0105dzenia u\u017cywanego do&nbsp;przegl\u0105dania witryn internetowych (np.&nbsp;Komputer osobisty, notebook, tablet, palmtop, telefon kom\u00f3rkowy). Po&nbsp;zapisaniu plik\u00f3w serwer lub serwery po\u0142\u0105cz\u0105 si\u0119 z&nbsp;nimi w&nbsp;celu uzyskania odpowiedniego dost\u0119pu.<\/p>\n<p style=\"text-align: left;\">2. Witryna i&nbsp;Us\u0142ugi korzystaj\u0105 z&nbsp;plik\u00f3w cookie w&nbsp;celach:<br \/> a. statystyki,<br \/> b.&nbsp;konfiguracji witryny i&nbsp;us\u0142ug &#8211; umo\u017cliwiaj\u0105 umieszczenie funkcji i&nbsp;us\u0142ug na&nbsp;stronie internetowej,<br \/> c. uwierzytelniania &#8211; mog\u0105 poinformowa\u0107 u\u017cytkownik\u00f3w, \u017ce&nbsp;\u200b\u200bs\u0105 zalogowani, umo\u017cliwiaj\u0105c witrynie wy\u015bwietlanie odpowiednich informacji i&nbsp;funkcji.<br \/> d. analizowanie i&nbsp;badanie zachowa\u0144 u\u017cytkownik\u00f3w &#8211; pliki cookie umo\u017cliwiaj\u0105 odczyt preferencji u\u017cytkownik\u00f3w, a&nbsp;tak\u017ce ich analiz\u0119, ulepszenie oraz&nbsp;rozw\u00f3j produkt\u00f3w i&nbsp;us\u0142ug. Zbieranie informacji jest anonimowe, bez&nbsp;identyfikowania konkretnych u\u017cytkownik\u00f3w, chyba \u017ce&nbsp;u\u017cytkownik loguje si\u0119 do&nbsp;Panelu Klienta i&nbsp;ustawienia ich terminalu umo\u017cliwiaj\u0105 tak\u0105 identyfikacj\u0119.<br \/> e. reklamy &#8211; umo\u017cliwiaj\u0105 dostarczenie bardziej interesuj\u0105cych i&nbsp;spersonalizowanych reklam u\u017cytkownikom.<\/p>\n<p style=\"text-align: left;\">3. Zmieniaj\u0105c ustawienia oprogramowania u\u017cywane do&nbsp;przegl\u0105dania Witryny, u\u017cytkownicy mog\u0105 zdefiniowa\u0107 warunki przechowywania i&nbsp;uzyskiwania dost\u0119pu do&nbsp;plik\u00f3w cookie u\u017cywanych przez&nbsp;niniejsz\u0105 Witryn\u0119, w&nbsp;szczeg\u00f3lno\u015bci mog\u0105 zdecydowa\u0107 si\u0119 na&nbsp;ca\u0142kowite dezaktywacj\u0119 plik\u00f3w cookie.<\/p>\n<p style=\"text-align: left;\">4. Nale\u017cy pami\u0119ta\u0107, \u017ce&nbsp;usuni\u0119cie lub zablokowanie plik\u00f3w cookie mo\u017ce spowodowa\u0107, \u017ce&nbsp;niekt\u00f3re sekcje niniejszej witryny nie&nbsp;b\u0119d\u0105 dzia\u0142a\u0107 i\/lub nie&nbsp;b\u0119d\u0105 wy\u015bwietlane zgodnie z&nbsp;projektem witryny.<\/p>\n<p style=\"text-align: left;\">5. Aby zmieni\u0107 ustawienia dotycz\u0105ce plik\u00f3w cookie, nale\u017cy odpowiednio skonfigurowa\u0107 oprogramowanie s\u0142u\u017c\u0105ce do&nbsp;przegl\u0105dania strony internetowej. Odpowiednie informacje mo\u017cna uzyska\u0107 kontaktuj\u0105c si\u0119 z&nbsp;pomoc\u0105 techniczn\u0105 wspomnianego oprogramowania lub jego dostawcy.<\/p>\n<p style=\"text-align: left;\">6. Pozostawienie bez&nbsp;zmian ustawie\u0144 oprogramowania u\u017cywanych do&nbsp;przegl\u0105dania Witryny, zgodnie z&nbsp;artyku\u0142em 173 ust\u0119p 2 Prawa Telekomunikacyjnego, stanowi zgod\u0119 na&nbsp;korzystanie z&nbsp;plik\u00f3w cookie w&nbsp;celach wskazanych powy\u017cej.<\/p>\n<p style=\"text-align: left;\">\n<p style=\"text-align: left;\">\n<p style=\"text-align: left;\">PODSTAWA PRZETWARZANIA DANYCH<\/p>\n<p style=\"text-align: left;\">1. Sk\u0142adanie danych osobowych przez&nbsp;Odbiorc\u0119 lub Klienta jest dobrowolne. Administrator przetwarza dane uzyskane na&nbsp;podstawie art. 23 ust. 1 aktu o&nbsp;ochronie danych osobowych w&nbsp;celu:<br \/> \u2022 wysy\u0142anie ofert biznesowych<br \/> \u2022 wys\u0142a\u0107 newslettera<br \/> \u2022 wykonywania umowy i&nbsp;\u015bwiadczenia us\u0142ugi osobom, kt\u00f3rych&nbsp;dotyczy.<\/p>\n<p style=\"text-align: left;\">\n<p style=\"text-align: left;\">\n<p style=\"text-align: left;\">\u00a0PRAWO DO&nbsp;STEROWANIA, DOST\u0118PU I&nbsp;DOKONYWANIA ZMIAN W&nbsp;DANYCH OSOBISTYCH<\/p>\n<p style=\"text-align: left;\">1. Odbiorca Us\u0142ug lub Klient ma&nbsp;prawo uzyska\u0107 dost\u0119p do&nbsp;zawarto\u015bci swoich danych osobowych i&nbsp;je&nbsp;poprawi\u0107.<\/p>\n<p style=\"text-align: left;\">2. Ka\u017cda osoba ma&nbsp;prawo kontrolowa\u0107 przetwarzanie danych odnosz\u0105cych si\u0119 do&nbsp;nich zawartych w&nbsp;bazie danych Administratora, w&nbsp;szczeg\u00f3lno\u015bci prawa do: \u017c\u0105dania uzupe\u0142nienia, aktualizacji, korekty danych osobowych, tymczasowego lub sta\u0142ego usuni\u0119cia danych, je\u015bli dane s\u0105&nbsp;niekompletne, nieaktualne, fa\u0142szywe lub zosta\u0142y zebrane w&nbsp;wyniku naruszenia prawa lub nie&nbsp;s\u0105&nbsp;ju\u017c konieczne do&nbsp;zrealizowania celu, w&nbsp;jakim zosta\u0142y zebrane.<\/p>\n<p style=\"text-align: left;\">3. Je\u015bli Us\u0142ugodawca lub Klient wyra\u017c\u0105 zgod\u0119 na&nbsp;przetwarzanie danych w&nbsp;celu bezpo\u015bredniego marketingu w\u0142asnych produkt\u00f3w lub us\u0142ug Administratora, zgoda ta&nbsp;mo\u017ce zosta\u0107 wycofana w&nbsp;dowolnym momencie.<\/p>\n<p style=\"text-align: left;\">4. Je\u015bli Administrator zamierza przetworzy\u0107 lub przetwarza\u0107 dane Odbiorcy lub Klienta w&nbsp;celu bezpo\u015bredniego marketingu w\u0142asnych produkt\u00f3w lub us\u0142ug Administratora, osoba, kt\u00f3rej&nbsp;dotycz\u0105 dane, r\u00f3wnie\u017c ma&nbsp;prawo:<br \/> \u2022 przedstawi\u0107 \u017c\u0105danie zaprzestania przetwarzania danych osobowych ze&nbsp;wzgl\u0119du na&nbsp;szczeg\u00f3ln\u0105 sytuacj\u0119,<br \/> \u2022 zg\u0142osi\u0107 sprzeciw wobec przetwarzania danych osobowych.<\/p>\n<p style=\"text-align: left;\">5. Aby skorzysta\u0107 z&nbsp;powy\u017cszych praw, mo\u017cna skontaktowa\u0107 si\u0119 z&nbsp;Administratorem, wysy\u0142aj\u0105c odpowiedni\u0105 wiadomo\u015b\u0107 na&nbsp;pi\u015bmie lub poczt\u0105 elektroniczn\u0105 na&nbsp;adres Administratora wskazany w&nbsp;og\u00f3lnych zasadach niniejszej polityki prywatno\u015bci.<\/p>\n<p style=\"text-align: left;\">6. Przechowujemy zgromadzone dane przede wszystkim w&nbsp;celu zapewnienia jak najwy\u017cszej jako\u015bci us\u0142ug w&nbsp;administracji stron i&nbsp;us\u0142ug. Pozwalaj\u0105 nam one r\u00f3wnie\u017c tworzy\u0107 statystyki wykorzystania na&nbsp;podstawie zachowania u\u017cytkownika. Zebrane dane mog\u0105 by\u0107 ujawnione osobom trzecim w&nbsp;spos\u00f3b, kt\u00f3ry&nbsp;nie&nbsp;pozwala na&nbsp;identyfikacj\u0119 u\u017cytkownik\u00f3w, jak r\u00f3wnie\u017c upowa\u017cnionym organom w\u0142adzy publicznej.<\/p>\n<p style=\"text-align: left;\">\n<p style=\"text-align: left;\">\n<p style=\"text-align: left;\">\u00a0PRZEPISY KO\u0143COWE<\/p>\n<p style=\"text-align: left;\">1. Witryna i&nbsp;Us\u0142uga mog\u0105 zawiera\u0107 linki do&nbsp;innych stron internetowych. Administrator zach\u0119ca do&nbsp;przej\u015bcia na&nbsp;inne strony, aby zapozna\u0107 si\u0119 z&nbsp;obowi\u0105zuj\u0105cymi tam zasadami ochrony prywatno\u015bci. Niniejsza polityka prywatno\u015bci dotyczy tylko&nbsp;tej&nbsp;Witryny i&nbsp;Us\u0142ug.<\/p>\n<p style=\"text-align: left;\">2. Administrator podejmuje techniczne i&nbsp;organizacyjne dzia\u0142ania i&nbsp;\u015brodki w&nbsp;celu zapewnienia ochrony przetworzonych danych osobowych odpowiedniej do&nbsp;istniej\u0105cych zagro\u017ce\u0144 i&nbsp;kategorii danych przechowywanych w&nbsp;ramach ochrony, w&nbsp;szczeg\u00f3lno\u015bci zapobiegaj\u0105cych udost\u0119pnianiu danych osobom nieupowa\u017cnionym, przetwarzaniu z&nbsp;naruszeniem obowi\u0105zuj\u0105cych przepis\u00f3w prawa, a&nbsp;tak\u017ce przed&nbsp;modyfikacj\u0105, utrat\u0105 lub zniszczeniem.<\/p>\n<p style=\"text-align: left;\">3. Us\u0142ugodawca zastrzega sobie prawo do&nbsp;zmiany Polityki Prywatno\u015bci i&nbsp;Polityki Cookies.<\/p>\n<\/p>\n<\/p>\n<p>[\/et_pb_text][\/et_pb_column][\/et_pb_row][et_pb_row _builder_version=&#8221;4.25.1&#8243; _module_preset=&#8221;default&#8221; global_colors_info=&#8221;{}&#8221;][et_pb_column type=&#8221;4_4&#8243; _builder_version=&#8221;4.25.1&#8243; _module_preset=&#8221;default&#8221; global_colors_info=&#8221;{}&#8221;][et_pb_text _builder_version=&#8221;4.25.1&#8243; _module_preset=&#8221;default&#8221; global_colors_info=&#8221;{}&#8221;]<\/p>\n<h3>Polityka Cookies<\/h3>\n<p>[\/et_pb_text][\/et_pb_column][\/et_pb_row][et_pb_row _builder_version=&#8221;4.25.1&#8243; _module_preset=&#8221;default&#8221; global_colors_info=&#8221;{}&#8221;][et_pb_column type=&#8221;4_4&#8243; _builder_version=&#8221;4.25.1&#8243; _module_preset=&#8221;default&#8221; global_colors_info=&#8221;{}&#8221;][et_pb_code _builder_version=&#8221;4.25.1&#8243; _module_preset=&#8221;default&#8221; min_height=&#8221;20px&#8221; hover_enabled=&#8221;0&#8243; global_colors_info=&#8221;{}&#8221; sticky_enabled=&#8221;0&#8243;]<script id=\"CookieDeclaration\" data-culture=\"pl\"src=\"https:\/\/consent.cookiebot.com\/2200b0a4-cd0d-4ab1-97d1-e9ba1702b209\/cd.js\" type=\"text\/javascript\" async><\/script>[\/et_pb_code][\/et_pb_column][\/et_pb_row][\/et_pb_section]<\/p>\n","protected":false},"excerpt":{"rendered":"<p>Polityka prywatno\u015bci i&nbsp;polityka dotycz\u0105ca plik\u00f3w cookie na&nbsp;stronie internetowej prowadzona w&nbsp;domenach i&nbsp;pod-domenach eutonomy.com i&nbsp;us\u0142ug \u015bwiadczonych przez&nbsp;Eutonomy PRZEPISY OG\u00d3LNE 1. Niniejszy dokument reguluje Polityk\u0119 prywatno\u015bci i&nbsp;polityk\u0119 dotycz\u0105c\u0105 plik\u00f3w cookie na&nbsp;stronie internetowej prowadzonej w&nbsp;domenach i&nbsp;pod-domenach eutonomy.com oraz&nbsp;us\u0142ug \u015bwiadczonych przez&nbsp;Eutonomy (zwanej dalej Witryn\u0105 i&nbsp;Us\u0142ugami). Eutonomy Sp. z&nbsp;o.o. Sp.K. wykazuje nale\u017cyt\u0105 staranno\u015b\u0107 w&nbsp;celu poszanowania prywatno\u015bci u\u017cytkownik\u00f3w serwisu. Korzystaj\u0105c z&nbsp;produkt\u00f3w, us\u0142ug [&hellip;]<\/p>\n","protected":false},"author":7,"featured_media":0,"parent":0,"menu_order":0,"comment_status":"closed","ping_status":"closed","template":"","meta":{"_et_pb_use_builder":"on","_et_pb_old_content":"","_et_gb_content_width":"","footnotes":""},"class_list":["post-7625","page","type-page","status-publish","hentry"],"yoast_head":"<!-- This site is optimized with the Yoast SEO plugin v27.3 - https:\/\/yoast.com\/product\/yoast-seo-wordpress\/ -->\n<title>Polityka Prywatno\u015bci i Plik\u00f3w Cookies - Eutonomy<\/title>\n<meta name=\"robots\" content=\"index, follow, max-snippet:-1, max-image-preview:large, max-video-preview:-1\" \/>\n<link rel=\"canonical\" href=\"https:\/\/www.eutonomy.com\/pl\/privacy-policy\/\" \/>\n<meta property=\"og:locale\" content=\"pl_PL\" \/>\n<meta property=\"og:type\" content=\"article\" \/>\n<meta property=\"og:title\" content=\"Polityka Prywatno\u015bci i Plik\u00f3w Cookies - Eutonomy\" \/>\n<meta property=\"og:description\" content=\"Polityka prywatno\u015bci i&nbsp;polityka dotycz\u0105ca plik\u00f3w cookie na&nbsp;stronie internetowej prowadzona w&nbsp;domenach i&nbsp;pod-domenach eutonomy.com i&nbsp;us\u0142ug \u015bwiadczonych przez&nbsp;Eutonomy PRZEPISY OG\u00d3LNE 1. Niniejszy dokument reguluje Polityk\u0119 prywatno\u015bci i&nbsp;polityk\u0119 dotycz\u0105c\u0105 plik\u00f3w cookie na&nbsp;stronie internetowej prowadzonej w&nbsp;domenach i&nbsp;pod-domenach eutonomy.com oraz&nbsp;us\u0142ug \u015bwiadczonych przez&nbsp;Eutonomy (zwanej dalej Witryn\u0105 i&nbsp;Us\u0142ugami). Eutonomy Sp. z&nbsp;o.o. Sp.K. wykazuje nale\u017cyt\u0105 staranno\u015b\u0107 w&nbsp;celu poszanowania prywatno\u015bci u\u017cytkownik\u00f3w serwisu. Korzystaj\u0105c z&nbsp;produkt\u00f3w, us\u0142ug [&hellip;]\" \/>\n<meta property=\"og:url\" content=\"https:\/\/www.eutonomy.com\/pl\/privacy-policy\/\" \/>\n<meta property=\"og:site_name\" content=\"Eutonomy\" \/>\n<meta property=\"article:modified_time\" content=\"2024-05-28T10:47:01+00:00\" \/>\n<meta name=\"twitter:card\" content=\"summary_large_image\" \/>\n<meta name=\"twitter:label1\" content=\"Szacowany czas czytania\" \/>\n\t<meta name=\"twitter:data1\" content=\"11 minut\" \/>\n<script type=\"application\/ld+json\" class=\"yoast-schema-graph\">{\"@context\":\"https:\\\/\\\/schema.org\",\"@graph\":[{\"@type\":\"WebPage\",\"@id\":\"https:\\\/\\\/www.eutonomy.com\\\/pl\\\/privacy-policy\\\/\",\"url\":\"https:\\\/\\\/www.eutonomy.com\\\/pl\\\/privacy-policy\\\/\",\"name\":\"Polityka Prywatno\u015bci i Plik\u00f3w Cookies - Eutonomy\",\"isPartOf\":{\"@id\":\"https:\\\/\\\/www.eutonomy.com\\\/fr\\\/#website\"},\"datePublished\":\"2020-12-08T18:02:59+00:00\",\"dateModified\":\"2024-05-28T10:47:01+00:00\",\"breadcrumb\":{\"@id\":\"https:\\\/\\\/www.eutonomy.com\\\/pl\\\/privacy-policy\\\/#breadcrumb\"},\"inLanguage\":\"pl-PL\",\"potentialAction\":[{\"@type\":\"ReadAction\",\"target\":[\"https:\\\/\\\/www.eutonomy.com\\\/pl\\\/privacy-policy\\\/\"]}]},{\"@type\":\"BreadcrumbList\",\"@id\":\"https:\\\/\\\/www.eutonomy.com\\\/pl\\\/privacy-policy\\\/#breadcrumb\",\"itemListElement\":[{\"@type\":\"ListItem\",\"position\":1,\"name\":\"Strona g\u0142\u00f3wna\",\"item\":\"https:\\\/\\\/www.eutonomy.com\\\/pl\\\/\"},{\"@type\":\"ListItem\",\"position\":2,\"name\":\"Polityka Prywatno\u015bci i Plik\u00f3w Cookies\"}]},{\"@type\":\"WebSite\",\"@id\":\"https:\\\/\\\/www.eutonomy.com\\\/fr\\\/#website\",\"url\":\"https:\\\/\\\/www.eutonomy.com\\\/fr\\\/\",\"name\":\"Eutonomy\",\"description\":\"\",\"potentialAction\":[{\"@type\":\"SearchAction\",\"target\":{\"@type\":\"EntryPoint\",\"urlTemplate\":\"https:\\\/\\\/www.eutonomy.com\\\/fr\\\/?s={search_term_string}\"},\"query-input\":{\"@type\":\"PropertyValueSpecification\",\"valueRequired\":true,\"valueName\":\"search_term_string\"}}],\"inLanguage\":\"pl-PL\"}]}<\/script>\n<!-- \/ Yoast SEO plugin. -->","yoast_head_json":{"title":"Polityka Prywatno\u015bci i Plik\u00f3w Cookies - Eutonomy","robots":{"index":"index","follow":"follow","max-snippet":"max-snippet:-1","max-image-preview":"max-image-preview:large","max-video-preview":"max-video-preview:-1"},"canonical":"https:\/\/www.eutonomy.com\/pl\/privacy-policy\/","og_locale":"pl_PL","og_type":"article","og_title":"Polityka Prywatno\u015bci i Plik\u00f3w Cookies - Eutonomy","og_description":"Polityka prywatno\u015bci i&nbsp;polityka dotycz\u0105ca plik\u00f3w cookie na&nbsp;stronie internetowej prowadzona w&nbsp;domenach i&nbsp;pod-domenach eutonomy.com i&nbsp;us\u0142ug \u015bwiadczonych przez&nbsp;Eutonomy PRZEPISY OG\u00d3LNE 1. Niniejszy dokument reguluje Polityk\u0119 prywatno\u015bci i&nbsp;polityk\u0119 dotycz\u0105c\u0105 plik\u00f3w cookie na&nbsp;stronie internetowej prowadzonej w&nbsp;domenach i&nbsp;pod-domenach eutonomy.com oraz&nbsp;us\u0142ug \u015bwiadczonych przez&nbsp;Eutonomy (zwanej dalej Witryn\u0105 i&nbsp;Us\u0142ugami). Eutonomy Sp. z&nbsp;o.o. Sp.K. wykazuje nale\u017cyt\u0105 staranno\u015b\u0107 w&nbsp;celu poszanowania prywatno\u015bci u\u017cytkownik\u00f3w serwisu. Korzystaj\u0105c z&nbsp;produkt\u00f3w, us\u0142ug [&hellip;]","og_url":"https:\/\/www.eutonomy.com\/pl\/privacy-policy\/","og_site_name":"Eutonomy","article_modified_time":"2024-05-28T10:47:01+00:00","twitter_card":"summary_large_image","twitter_misc":{"Szacowany czas czytania":"11 minut"},"schema":{"@context":"https:\/\/schema.org","@graph":[{"@type":"WebPage","@id":"https:\/\/www.eutonomy.com\/pl\/privacy-policy\/","url":"https:\/\/www.eutonomy.com\/pl\/privacy-policy\/","name":"Polityka Prywatno\u015bci i Plik\u00f3w Cookies - Eutonomy","isPartOf":{"@id":"https:\/\/www.eutonomy.com\/fr\/#website"},"datePublished":"2020-12-08T18:02:59+00:00","dateModified":"2024-05-28T10:47:01+00:00","breadcrumb":{"@id":"https:\/\/www.eutonomy.com\/pl\/privacy-policy\/#breadcrumb"},"inLanguage":"pl-PL","potentialAction":[{"@type":"ReadAction","target":["https:\/\/www.eutonomy.com\/pl\/privacy-policy\/"]}]},{"@type":"BreadcrumbList","@id":"https:\/\/www.eutonomy.com\/pl\/privacy-policy\/#breadcrumb","itemListElement":[{"@type":"ListItem","position":1,"name":"Strona g\u0142\u00f3wna","item":"https:\/\/www.eutonomy.com\/pl\/"},{"@type":"ListItem","position":2,"name":"Polityka Prywatno\u015bci i Plik\u00f3w Cookies"}]},{"@type":"WebSite","@id":"https:\/\/www.eutonomy.com\/fr\/#website","url":"https:\/\/www.eutonomy.com\/fr\/","name":"Eutonomy","description":"","potentialAction":[{"@type":"SearchAction","target":{"@type":"EntryPoint","urlTemplate":"https:\/\/www.eutonomy.com\/fr\/?s={search_term_string}"},"query-input":{"@type":"PropertyValueSpecification","valueRequired":true,"valueName":"search_term_string"}}],"inLanguage":"pl-PL"}]}},"_links":{"self":[{"href":"https:\/\/www.eutonomy.com\/pl\/wp-json\/wp\/v2\/pages\/7625","targetHints":{"allow":["GET"]}}],"collection":[{"href":"https:\/\/www.eutonomy.com\/pl\/wp-json\/wp\/v2\/pages"}],"about":[{"href":"https:\/\/www.eutonomy.com\/pl\/wp-json\/wp\/v2\/types\/page"}],"author":[{"embeddable":true,"href":"https:\/\/www.eutonomy.com\/pl\/wp-json\/wp\/v2\/users\/7"}],"replies":[{"embeddable":true,"href":"https:\/\/www.eutonomy.com\/pl\/wp-json\/wp\/v2\/comments?post=7625"}],"version-history":[{"count":9,"href":"https:\/\/www.eutonomy.com\/pl\/wp-json\/wp\/v2\/pages\/7625\/revisions"}],"predecessor-version":[{"id":9797,"href":"https:\/\/www.eutonomy.com\/pl\/wp-json\/wp\/v2\/pages\/7625\/revisions\/9797"}],"wp:attachment":[{"href":"https:\/\/www.eutonomy.com\/pl\/wp-json\/wp\/v2\/media?parent=7625"}],"curies":[{"name":"wp","href":"https:\/\/api.w.org\/{rel}","templated":true}]}}