{"id":7884,"date":"2020-12-11T22:33:52","date_gmt":"2020-12-11T21:33:52","guid":{"rendered":"https:\/\/www2.eutonomy.com\/deklaracje-zgodnosci\/"},"modified":"2021-10-13T01:54:36","modified_gmt":"2021-10-12T23:54:36","slug":"ce","status":"publish","type":"page","link":"https:\/\/www.eutonomy.com\/pl\/ce\/","title":{"rendered":"Deklaracje zgodno\u015bci"},"content":{"rendered":"<p>[et_pb_section fb_built=&#8221;1&#8243; fullwidth=&#8221;on&#8221; admin_label=&#8221;Hero&#8221; _builder_version=&#8221;4.6.5&#8243; background_enable_color=&#8221;off&#8221; use_background_color_gradient=&#8221;off&#8221; background_enable_image=&#8221;off&#8221; parallax=&#8221;on&#8221; locked=&#8221;off&#8221; global_colors_info=&#8221;{}&#8221;][et_pb_fullwidth_slider use_bg_overlay=&#8221;on&#8221; bg_overlay_color=&#8221;rgba(0,0,0,0)&#8221; use_text_overlay=&#8221;off&#8221; _builder_version=&#8221;4.6.5&#8243; header_level=&#8221;h1&#8243; header_font=&#8221;Open Sans|600|||||||&#8221; header_line_height=&#8221;1.1em&#8221; body_font=&#8221;Open Sans|600|||||||&#8221; background_color=&#8221;rgba(0,0,0,0)&#8221; header_text_shadow_style=&#8221;preset3&#8243; body_text_shadow_style=&#8221;preset3&#8243; text_shadow_style=&#8221;preset3&#8243; global_colors_info=&#8221;{}&#8221;][et_pb_slide heading=&#8221;Deklaracje zgodno\u015bci&#8221; use_bg_overlay=&#8221;on&#8221; use_text_overlay=&#8221;off&#8221; _builder_version=&#8221;4.6.5&#8243; header_font=&#8221;Open Sans|600|||||||&#8221; header_text_align=&#8221;right&#8221; header_font_size=&#8221;36px&#8221; header_line_height=&#8221;1.1em&#8221; body_text_align=&#8221;right&#8221; body_line_height=&#8221;1em&#8221; background_color=&#8221;#718792&#8243; background_enable_color=&#8221;on&#8221; background_image=&#8221;https:\/\/www.eutonomy.com\/wp-content\/uploads\/2020\/11\/Slider02_1280x768px.jpg&#8221; background_enable_image=&#8221;on&#8221; background_blend=&#8221;multiply&#8221; custom_button=&#8221;on&#8221; button_border_radius=&#8221;100px&#8221; button_alignment=&#8221;left&#8221; global_colors_info=&#8221;{}&#8221; sticky_transition=&#8221;on&#8221;]<\/p>\n<p><span>Deklaracje zgodno\u015bci CE dla produkt\u00f3w.<\/span><\/p>\n<p>[\/et_pb_slide][\/et_pb_fullwidth_slider][\/et_pb_section][et_pb_section fb_built=&#8221;1&#8243; admin_label=&#8221;About Us&#8221; _builder_version=&#8221;4.6.5&#8243; custom_padding=&#8221;30px|0px|0|0px|false|false&#8221; locked=&#8221;off&#8221; global_colors_info=&#8221;{}&#8221;][et_pb_row _builder_version=&#8221;4.4.4&#8243; custom_padding=&#8221;||0px|||&#8221; animation_style=&#8221;fade&#8221; global_colors_info=&#8221;{}&#8221;][et_pb_column type=&#8221;4_4&#8243; _builder_version=&#8221;3.25&#8243; custom_padding=&#8221;|||&#8221; global_colors_info=&#8221;{}&#8221; custom_padding__hover=&#8221;|||&#8221;][et_pb_text _builder_version=&#8221;4.6.5&#8243; text_font_size=&#8221;16px&#8221; header_text_align=&#8221;center&#8221; header_font_size=&#8221;35px&#8221; header_2_font=&#8221;Open Sans|300|||||||&#8221; header_2_text_align=&#8221;center&#8221; header_2_font_size=&#8221;35px&#8221; header_3_text_align=&#8221;center&#8221; header_3_font_size=&#8221;35px&#8221; header_4_text_align=&#8221;center&#8221; header_4_font_size=&#8221;35px&#8221; header_5_text_align=&#8221;center&#8221; header_5_font_size=&#8221;35px&#8221; header_6_text_align=&#8221;center&#8221; header_6_font_size=&#8221;35px&#8221; global_colors_info=&#8221;{}&#8221;]<\/p>\n<h2 style=\"text-align: center;\"><span>Deklaracje zgodno\u015bci CE dla produkt\u00f3w<\/span><\/h2>\n<p>[\/et_pb_text][et_pb_text _builder_version=&#8221;4.10.6&#8243; _module_preset=&#8221;default&#8221; hover_enabled=&#8221;0&#8243; global_colors_info=&#8221;{}&#8221; sticky_enabled=&#8221;0&#8243;]<\/p>\n<h3>euFRAME <img decoding=\"async\" src=\"https:\/\/www.eutonomy.com\/wp-content\/plugins\/sitepress-multilingual-cms\/res\/flags\/pl.png\" \/><\/h3>\n<p>[\/et_pb_text][et_pb_button button_url=&#8221;\/manuals\/ce\/euFRAME_Declaration_CE_PL_01.pdf&#8221; url_new_window=&#8221;on&#8221; button_text=&#8221;euFRAME deklaracja zgodno\u015bci CE&#8221; button_alignment=&#8221;center&#8221; _builder_version=&#8221;4.10.6&#8243; _module_preset=&#8221;default&#8221; hover_enabled=&#8221;0&#8243; global_colors_info=&#8221;{}&#8221; sticky_enabled=&#8221;0&#8243;][\/et_pb_button][et_pb_divider color=&#8221;#718792&#8243; divider_style=&#8221;dashed&#8221; divider_position=&#8221;center&#8221; divider_weight=&#8221;0.1px&#8221; _builder_version=&#8221;4.6.5&#8243; _module_preset=&#8221;default&#8221; max_width=&#8221;52%&#8221; module_alignment=&#8221;center&#8221; global_colors_info=&#8221;{}&#8221;][\/et_pb_divider][et_pb_text _builder_version=&#8221;4.10.6&#8243; _module_preset=&#8221;default&#8221; hover_enabled=&#8221;0&#8243; global_colors_info=&#8221;{}&#8221; sticky_enabled=&#8221;0&#8243;]<\/p>\n<h3>euFIX <img decoding=\"async\" src=\"https:\/\/www.eutonomy.com\/wp-content\/plugins\/sitepress-multilingual-cms\/res\/flags\/pl.png\" \/><\/h3>\n<p>[\/et_pb_text][et_pb_button button_url=&#8221;\/manuals\/ce\/euFIX_Declaration_CE_PL_03.pdf&#8221; url_new_window=&#8221;on&#8221; button_text=&#8221;euFIX deklaracja zgodno\u015bci CE&#8221; button_alignment=&#8221;center&#8221; _builder_version=&#8221;4.10.6&#8243; _module_preset=&#8221;default&#8221; custom_margin=&#8221;||50px|12px|false|false&#8221; custom_padding=&#8221;||||false|false&#8221; hover_enabled=&#8221;0&#8243; global_colors_info=&#8221;{}&#8221; sticky_enabled=&#8221;0&#8243;][\/et_pb_button][et_pb_divider color=&#8221;#718792&#8243; divider_style=&#8221;dashed&#8221; divider_position=&#8221;center&#8221; divider_weight=&#8221;0.1px&#8221; _builder_version=&#8221;4.6.5&#8243; _module_preset=&#8221;default&#8221; max_width=&#8221;52%&#8221; module_alignment=&#8221;center&#8221; global_colors_info=&#8221;{}&#8221;][\/et_pb_divider][et_pb_text _builder_version=&#8221;4.10.6&#8243; _module_preset=&#8221;default&#8221; hover_enabled=&#8221;0&#8243; global_colors_info=&#8221;{}&#8221; sticky_enabled=&#8221;0&#8243;]<\/p>\n<h3>euLINK <img decoding=\"async\" src=\"https:\/\/www.eutonomy.com\/wp-content\/plugins\/sitepress-multilingual-cms\/res\/flags\/pl.png\" \/><\/h3>\n<p>[\/et_pb_text][et_pb_button button_url=&#8221;\/manuals\/ce\/euLINK_Declaration_CE_PL_01.pdf&#8221; url_new_window=&#8221;on&#8221; button_text=&#8221;euFIX deklaracja zgodno\u015bci CE&#8221; button_alignment=&#8221;center&#8221; _builder_version=&#8221;4.10.6&#8243; _module_preset=&#8221;default&#8221; custom_margin=&#8221;||50px|12px|false|false&#8221; custom_padding=&#8221;||||false|false&#8221; hover_enabled=&#8221;0&#8243; global_colors_info=&#8221;{}&#8221; sticky_enabled=&#8221;0&#8243;][\/et_pb_button][\/et_pb_column][\/et_pb_row][\/et_pb_section]<\/p>\n","protected":false},"excerpt":{"rendered":"<p>Deklaracje zgodno\u015bci CE dla produkt\u00f3w.Deklaracje zgodno\u015bci CE dla produkt\u00f3weuFRAME euFIX euLINK<\/p>\n","protected":false},"author":11,"featured_media":0,"parent":0,"menu_order":0,"comment_status":"closed","ping_status":"closed","template":"","meta":{"_et_pb_use_builder":"on","_et_pb_old_content":"","_et_gb_content_width":"","footnotes":""},"class_list":["post-7884","page","type-page","status-publish","hentry"],"yoast_head":"<!-- This site is optimized with the Yoast SEO plugin v27.3 - https:\/\/yoast.com\/product\/yoast-seo-wordpress\/ -->\n<title>Deklaracje zgodno\u015bci - Eutonomy<\/title>\n<meta name=\"robots\" content=\"index, follow, max-snippet:-1, max-image-preview:large, max-video-preview:-1\" \/>\n<link rel=\"canonical\" href=\"https:\/\/www.eutonomy.com\/pl\/ce\/\" \/>\n<meta property=\"og:locale\" content=\"pl_PL\" \/>\n<meta property=\"og:type\" content=\"article\" \/>\n<meta property=\"og:title\" content=\"Deklaracje zgodno\u015bci - Eutonomy\" \/>\n<meta property=\"og:description\" content=\"Deklaracje zgodno\u015bci CE dla produkt\u00f3w.Deklaracje zgodno\u015bci CE dla produkt\u00f3weuFRAME euFIX euLINK\" \/>\n<meta property=\"og:url\" content=\"https:\/\/www.eutonomy.com\/pl\/ce\/\" \/>\n<meta property=\"og:site_name\" content=\"Eutonomy\" \/>\n<meta property=\"article:modified_time\" content=\"2021-10-12T23:54:36+00:00\" \/>\n<meta property=\"og:image\" content=\"https:\/\/www.eutonomy.com\/wp-content\/plugins\/sitepress-multilingual-cms\/res\/flags\/pl.png\" \/>\n<meta name=\"twitter:card\" content=\"summary_large_image\" \/>\n<meta name=\"twitter:label1\" content=\"Szacowany czas czytania\" \/>\n\t<meta name=\"twitter:data1\" content=\"3 minuty\" \/>\n<script type=\"application\/ld+json\" class=\"yoast-schema-graph\">{\"@context\":\"https:\\\/\\\/schema.org\",\"@graph\":[{\"@type\":\"WebPage\",\"@id\":\"https:\\\/\\\/www.eutonomy.com\\\/pl\\\/ce\\\/\",\"url\":\"https:\\\/\\\/www.eutonomy.com\\\/pl\\\/ce\\\/\",\"name\":\"Deklaracje zgodno\u015bci - Eutonomy\",\"isPartOf\":{\"@id\":\"https:\\\/\\\/www.eutonomy.com\\\/fr\\\/#website\"},\"primaryImageOfPage\":{\"@id\":\"https:\\\/\\\/www.eutonomy.com\\\/pl\\\/ce\\\/#primaryimage\"},\"image\":{\"@id\":\"https:\\\/\\\/www.eutonomy.com\\\/pl\\\/ce\\\/#primaryimage\"},\"thumbnailUrl\":\"https:\\\/\\\/www.eutonomy.com\\\/wp-content\\\/plugins\\\/sitepress-multilingual-cms\\\/res\\\/flags\\\/pl.png\",\"datePublished\":\"2020-12-11T21:33:52+00:00\",\"dateModified\":\"2021-10-12T23:54:36+00:00\",\"breadcrumb\":{\"@id\":\"https:\\\/\\\/www.eutonomy.com\\\/pl\\\/ce\\\/#breadcrumb\"},\"inLanguage\":\"pl-PL\",\"potentialAction\":[{\"@type\":\"ReadAction\",\"target\":[\"https:\\\/\\\/www.eutonomy.com\\\/pl\\\/ce\\\/\"]}]},{\"@type\":\"ImageObject\",\"inLanguage\":\"pl-PL\",\"@id\":\"https:\\\/\\\/www.eutonomy.com\\\/pl\\\/ce\\\/#primaryimage\",\"url\":\"https:\\\/\\\/www.eutonomy.com\\\/wp-content\\\/plugins\\\/sitepress-multilingual-cms\\\/res\\\/flags\\\/pl.png\",\"contentUrl\":\"https:\\\/\\\/www.eutonomy.com\\\/wp-content\\\/plugins\\\/sitepress-multilingual-cms\\\/res\\\/flags\\\/pl.png\"},{\"@type\":\"BreadcrumbList\",\"@id\":\"https:\\\/\\\/www.eutonomy.com\\\/pl\\\/ce\\\/#breadcrumb\",\"itemListElement\":[{\"@type\":\"ListItem\",\"position\":1,\"name\":\"Strona g\u0142\u00f3wna\",\"item\":\"https:\\\/\\\/www.eutonomy.com\\\/pl\\\/\"},{\"@type\":\"ListItem\",\"position\":2,\"name\":\"Deklaracje zgodno\u015bci\"}]},{\"@type\":\"WebSite\",\"@id\":\"https:\\\/\\\/www.eutonomy.com\\\/fr\\\/#website\",\"url\":\"https:\\\/\\\/www.eutonomy.com\\\/fr\\\/\",\"name\":\"Eutonomy\",\"description\":\"\",\"potentialAction\":[{\"@type\":\"SearchAction\",\"target\":{\"@type\":\"EntryPoint\",\"urlTemplate\":\"https:\\\/\\\/www.eutonomy.com\\\/fr\\\/?s={search_term_string}\"},\"query-input\":{\"@type\":\"PropertyValueSpecification\",\"valueRequired\":true,\"valueName\":\"search_term_string\"}}],\"inLanguage\":\"pl-PL\"}]}<\/script>\n<!-- \/ Yoast SEO plugin. -->","yoast_head_json":{"title":"Deklaracje zgodno\u015bci - Eutonomy","robots":{"index":"index","follow":"follow","max-snippet":"max-snippet:-1","max-image-preview":"max-image-preview:large","max-video-preview":"max-video-preview:-1"},"canonical":"https:\/\/www.eutonomy.com\/pl\/ce\/","og_locale":"pl_PL","og_type":"article","og_title":"Deklaracje zgodno\u015bci - Eutonomy","og_description":"Deklaracje zgodno\u015bci CE dla produkt\u00f3w.Deklaracje zgodno\u015bci CE dla produkt\u00f3weuFRAME euFIX euLINK","og_url":"https:\/\/www.eutonomy.com\/pl\/ce\/","og_site_name":"Eutonomy","article_modified_time":"2021-10-12T23:54:36+00:00","og_image":[{"url":"https:\/\/www.eutonomy.com\/wp-content\/plugins\/sitepress-multilingual-cms\/res\/flags\/pl.png","type":"","width":"","height":""}],"twitter_card":"summary_large_image","twitter_misc":{"Szacowany czas czytania":"3 minuty"},"schema":{"@context":"https:\/\/schema.org","@graph":[{"@type":"WebPage","@id":"https:\/\/www.eutonomy.com\/pl\/ce\/","url":"https:\/\/www.eutonomy.com\/pl\/ce\/","name":"Deklaracje zgodno\u015bci - Eutonomy","isPartOf":{"@id":"https:\/\/www.eutonomy.com\/fr\/#website"},"primaryImageOfPage":{"@id":"https:\/\/www.eutonomy.com\/pl\/ce\/#primaryimage"},"image":{"@id":"https:\/\/www.eutonomy.com\/pl\/ce\/#primaryimage"},"thumbnailUrl":"https:\/\/www.eutonomy.com\/wp-content\/plugins\/sitepress-multilingual-cms\/res\/flags\/pl.png","datePublished":"2020-12-11T21:33:52+00:00","dateModified":"2021-10-12T23:54:36+00:00","breadcrumb":{"@id":"https:\/\/www.eutonomy.com\/pl\/ce\/#breadcrumb"},"inLanguage":"pl-PL","potentialAction":[{"@type":"ReadAction","target":["https:\/\/www.eutonomy.com\/pl\/ce\/"]}]},{"@type":"ImageObject","inLanguage":"pl-PL","@id":"https:\/\/www.eutonomy.com\/pl\/ce\/#primaryimage","url":"https:\/\/www.eutonomy.com\/wp-content\/plugins\/sitepress-multilingual-cms\/res\/flags\/pl.png","contentUrl":"https:\/\/www.eutonomy.com\/wp-content\/plugins\/sitepress-multilingual-cms\/res\/flags\/pl.png"},{"@type":"BreadcrumbList","@id":"https:\/\/www.eutonomy.com\/pl\/ce\/#breadcrumb","itemListElement":[{"@type":"ListItem","position":1,"name":"Strona g\u0142\u00f3wna","item":"https:\/\/www.eutonomy.com\/pl\/"},{"@type":"ListItem","position":2,"name":"Deklaracje zgodno\u015bci"}]},{"@type":"WebSite","@id":"https:\/\/www.eutonomy.com\/fr\/#website","url":"https:\/\/www.eutonomy.com\/fr\/","name":"Eutonomy","description":"","potentialAction":[{"@type":"SearchAction","target":{"@type":"EntryPoint","urlTemplate":"https:\/\/www.eutonomy.com\/fr\/?s={search_term_string}"},"query-input":{"@type":"PropertyValueSpecification","valueRequired":true,"valueName":"search_term_string"}}],"inLanguage":"pl-PL"}]}},"_links":{"self":[{"href":"https:\/\/www.eutonomy.com\/pl\/wp-json\/wp\/v2\/pages\/7884","targetHints":{"allow":["GET"]}}],"collection":[{"href":"https:\/\/www.eutonomy.com\/pl\/wp-json\/wp\/v2\/pages"}],"about":[{"href":"https:\/\/www.eutonomy.com\/pl\/wp-json\/wp\/v2\/types\/page"}],"author":[{"embeddable":true,"href":"https:\/\/www.eutonomy.com\/pl\/wp-json\/wp\/v2\/users\/11"}],"replies":[{"embeddable":true,"href":"https:\/\/www.eutonomy.com\/pl\/wp-json\/wp\/v2\/comments?post=7884"}],"version-history":[{"count":33,"href":"https:\/\/www.eutonomy.com\/pl\/wp-json\/wp\/v2\/pages\/7884\/revisions"}],"predecessor-version":[{"id":9441,"href":"https:\/\/www.eutonomy.com\/pl\/wp-json\/wp\/v2\/pages\/7884\/revisions\/9441"}],"wp:attachment":[{"href":"https:\/\/www.eutonomy.com\/pl\/wp-json\/wp\/v2\/media?parent=7884"}],"curies":[{"name":"wp","href":"https:\/\/api.w.org\/{rel}","templated":true}]}}